{"id":24731,"date":"2026-04-08T16:55:18","date_gmt":"2026-04-08T14:55:18","guid":{"rendered":"https:\/\/handbag-sense.com\/?post_type=product&#038;p=24731"},"modified":"2026-04-08T21:33:47","modified_gmt":"2026-04-08T19:33:47","slug":"hermes-garden-party-36-ecru-noir","status":"publish","type":"product","link":"https:\/\/handbag-sense.com\/es\/producto\/hermes-garden-party-36-ecru-noir\/","title":{"rendered":"Garden Party 36 Ecru Noir"},"content":{"rendered":"<div class=\"c-columns-m-1 c-columns-2 c-columns-gap-s\">\n<div><strong>Material: C<\/strong>anvas\/cuero<br \/>\n<strong>Color:<\/strong> Ecru\/Noir\/Ard<br \/>\n<strong>Elementos met\u00e1licos:<\/strong> Herrajes de paladio<br \/>\n<strong>Material interior:<\/strong> Canvas<\/div>\n<div><strong>Calificaci\u00f3n:<\/strong> 1 <img decoding=\"async\" class=\"info_box alignnone size-medium wp-image-885\" title=\"Informaci\u00f3n\" role=\"img\" src=\"https:\/\/handbag-sense.com\/wp-content\/uploads\/2023\/05\/info_icon.svg\" alt=\"Cuadro de informaci\u00f3n\" width=\"15\" height=\"15\" \/><br \/>\n<strong>A\u00f1o de producci\u00f3n\/Sello:<\/strong> 2026\/K<br \/>\n<strong>Tama\u00f1o:<\/strong> 36 x 26 x 17 cm<br \/>\n<strong>Naviero:<\/strong> Mundial<\/div>\n<div><\/div>\n<\/div>\n","protected":false},"excerpt":{"rendered":"<div class=\"relative basis-auto flex-col -mb-(--composer-overlap-px) pb-(--composer-overlap-px) [--composer-overlap-px:28px] grow flex\">\n<div class=\"flex flex-col text-sm pb-25\">\n<section class=\"text-token-text-primary w-full focus:outline-none [--shadow-height:45px] has-data-writing-block:pointer-events-none has-data-writing-block:-mt-(--shadow-height) has-data-writing-block:pt-(--shadow-height) [&amp;:has([data-writing-block])&gt;*]:pointer-events-auto scroll-mt-[calc(var(--header-height)+min(200px,max(70px,20svh)))]\" dir=\"auto\" data-turn-id=\"request-68b81b33-29f0-8322-b843-91360e94e1d9-12\" data-testid=\"conversation-turn-24\" data-scroll-anchor=\"true\" data-turn=\"assistant\">\n<div class=\"text-base my-auto mx-auto pb-10 [--thread-content-margin:var(--thread-content-margin-xs,calc(var(--spacing)*4))] @w-sm\/main:[--thread-content-margin:var(--thread-content-margin-sm,calc(var(--spacing)*6))] @w-lg\/main:[--thread-content-margin:var(--thread-content-margin-lg,calc(var(--spacing)*16))] px-(--thread-content-margin)\">\n<div class=\"[--thread-content-max-width:40rem] @w-lg\/main:[--thread-content-max-width:48rem] mx-auto max-w-(--thread-content-max-width) flex-1 group\/turn-messages focus-visible:outline-hidden relative flex w-full min-w-0 flex-col agent-turn\">\n<div class=\"flex max-w-full flex-col gap-4 grow\">\n<div class=\"min-h-8 text-message relative flex w-full flex-col items-end gap-2 text-start break-words whitespace-normal outline-none keyboard-focused:focus-ring [.text-message+&amp;]:mt-1\" dir=\"auto\" tabindex=\"0\" data-message-author-role=\"assistant\" data-message-id=\"9141f931-bb75-4fa5-a9b5-ef9f899f7909\" data-message-model-slug=\"gpt-5-3\" data-turn-start-message=\"true\">\n<div class=\"flex w-full flex-col gap-1 empty:hidden\">\n<div class=\"markdown prose dark:prose-invert w-full wrap-break-word light markdown-new-styling\">\n<p data-start=\"3577\" data-end=\"3672\"><strong data-start=\"3577\" data-end=\"3670\">Herm\u00e8s Garden Party 36 Ecru Noir H Plume Canvas con cuero Negonda \u2013 2026, Nueva <\/strong><\/p>\n<p data-start=\"3577\" data-end=\"3672\">Este <strong data-start=\"3679\" data-end=\"3705\">Herm\u00e8s Garden Party<\/strong>\u00a0en tonos Ecru y Noir est\u00e1 confeccionado en canvas H Plume con el motivo \u201cPromenade du Matin Bandana\u201d, combinado con cuero Negonda y herrajes de paladio. El bolso est\u00e1 completamente nuevo, nunca usado, y lleva el sello K (2026). Se entrega como set completo con dust bag, caja naranja de Herm\u00e8s y recibo original de aeropuerto.<\/p>\n<p data-start=\"4107\" data-end=\"4522\">Reconocido por su elegancia discreta y funcionalidad, el <strong data-start=\"4164\" data-end=\"4183\">Garden Party 36<\/strong> es un modelo ic\u00f3nico dentro de Herm\u00e8s. La combinaci\u00f3n de canvas estructurado y cuero resistente garantiza durabilidad y estilo refinado, mientras que el exclusivo motivo bandana aporta un car\u00e1cter \u00fanico y art\u00edstico. Dise\u00f1ado para el uso diario, este <strong data-start=\"4434\" data-end=\"4453\">Herm\u00e8s tote bag<\/strong> cuenta con asas dobles de cuero que ofrecen comodidad y practicidad.<\/p>\n<p data-start=\"4524\" data-end=\"4799\">El cierre de bot\u00f3n a presi\u00f3n proporciona seguridad y facilidad de uso, mientras que el interior amplio con forro de canvas a juego refuerza su est\u00e9tica equilibrada. Su paleta de colores neutros permite combinarlo f\u00e1cilmente con distintos estilos, desde casual hasta elegante.<\/p>\n<p data-start=\"4801\" data-end=\"5143\">Muy valorado tanto por coleccionistas como por usuarios cotidianos, el <strong data-start=\"4872\" data-end=\"4891\">Garden Party 36<\/strong> destaca como un bolso pr\u00e1ctico y sofisticado.<\/p>\n<\/div>\n<\/div>\n<\/div>\n<\/div>\n<\/div>\n<\/div>\n<\/section>\n<\/div>\n<\/div>\n","protected":false},"featured_media":24701,"template":"","meta":[],"product_brand":[2433],"product_cat":[1813,1815],"product_tag":[1994],"class_list":{"0":"post-24731","1":"product","2":"type-product","3":"status-publish","4":"has-post-thumbnail","6":"product_brand-hermes-es","7":"product_cat-bolso","8":"product_cat-comprador","9":"product_tag-fiesta-en-el-jardin-de-hermes","10":"pa_brand-hermes-es","11":"pa_color-negro","12":"pa_color-gris","13":"pa_grade-grado-4","14":"pa_hermes-models-garden-party-es","15":"pa_material-cuero","16":"pa_material-lona","18":"first","19":"instock","20":"shipping-taxable","21":"purchasable","22":"product-type-simple"},"_links":{"self":[{"href":"https:\/\/handbag-sense.com\/es\/wp-json\/wp\/v2\/product\/24731","targetHints":{"allow":["GET"]}}],"collection":[{"href":"https:\/\/handbag-sense.com\/es\/wp-json\/wp\/v2\/product"}],"about":[{"href":"https:\/\/handbag-sense.com\/es\/wp-json\/wp\/v2\/types\/product"}],"wp:featuredmedia":[{"embeddable":true,"href":"https:\/\/handbag-sense.com\/es\/wp-json\/wp\/v2\/media\/24701"}],"wp:attachment":[{"href":"https:\/\/handbag-sense.com\/es\/wp-json\/wp\/v2\/media?parent=24731"}],"wp:term":[{"taxonomy":"product_brand","embeddable":true,"href":"https:\/\/handbag-sense.com\/es\/wp-json\/wp\/v2\/product_brand?post=24731"},{"taxonomy":"product_cat","embeddable":true,"href":"https:\/\/handbag-sense.com\/es\/wp-json\/wp\/v2\/product_cat?post=24731"},{"taxonomy":"product_tag","embeddable":true,"href":"https:\/\/handbag-sense.com\/es\/wp-json\/wp\/v2\/product_tag?post=24731"}],"curies":[{"name":"wp","href":"https:\/\/api.w.org\/{rel}","templated":true}]}}