{"id":24656,"date":"2026-04-02T18:08:41","date_gmt":"2026-04-02T16:08:41","guid":{"rendered":"https:\/\/handbag-sense.com\/?post_type=product&#038;p=24656"},"modified":"2026-04-15T14:24:50","modified_gmt":"2026-04-15T12:24:50","slug":"hermes-kelly-28-vintage-azul-marino-box","status":"publish","type":"product","link":"https:\/\/handbag-sense.com\/es\/producto\/hermes-kelly-28-vintage-azul-marino-box\/","title":{"rendered":"Kelly 28 Vintage Azul Marino Box Leather &#038; Lona Beige"},"content":{"rendered":"<div class=\"c-columns-m-1 c-columns-2 c-columns-gap-s\">\n<div><strong>Material:<\/strong> Cuero box\/Lona<br \/>\n<strong>Color:<\/strong> Azul Marino\/Beige<br \/>\n<strong>Elementos met\u00e1licos:<\/strong> Herrajes de oro<br \/>\n<strong>Material interior:<\/strong> Cuero<\/div>\n<div><strong>Grado: <\/strong>4\u00a0<img decoding=\"async\" class=\"info_box alignnone size-medium wp-image-885\" title=\"Informaci\u00f3n\" role=\"img\" src=\"https:\/\/handbag-sense.com\/wp-content\/uploads\/2023\/05\/info_icon.svg\" alt=\"Cuadro de informaci\u00f3n\" width=\"15\" height=\"15\" \/><br \/>\n<strong>A\u00f1o de producci\u00f3n\/Sello:<\/strong> 1946 \/ B<br \/>\n<strong>Tama\u00f1o:<\/strong> 28 x 22 x 10 cm<br \/>\n<strong>Naviero:<\/strong> Mundial<\/div>\n<\/div>\n<p><strong>Incluye:<\/strong> solo bolso<\/p>\n","protected":false},"excerpt":{"rendered":"<p data-start=\"3467\" data-end=\"3587\"><strong data-start=\"3467\" data-end=\"3585\">Herm\u00e8s Kelly 28 Vintage Azul Marino Box Leather &amp; Lona Beige con Herrajes Dorados \u2013 A\u00f1os 40<\/strong><\/p>\n<p data-start=\"3589\" data-end=\"3994\">Este <strong data-start=\"3594\" data-end=\"3621\">Herm\u00e8s Kelly 28 Vintage<\/strong> est\u00e1 confeccionado en cuero Box azul marino combinado con lona beige y herrajes dorados. Producido en los <strong data-start=\"3728\" data-end=\"3764\">a\u00f1os 40 y marcado con el sello B<\/strong>, se conserva en buen estado para su antig\u00fcedad, mostrando ligeros ara\u00f1azos y se\u00f1ales de uso que aportan una aut\u00e9ntica p\u00e1tina vintage. Incluye asa superior en cuero y una correa desmontable sin firma. Se vende \u00fanicamente el bolso.<\/p>\n<p data-start=\"3996\" data-end=\"4376\">Ejemplo excepcional de la artesan\u00eda temprana de Herm\u00e8s, el <strong data-start=\"4055\" data-end=\"4075\">Kelly 28 Azul Marino Vintage<\/strong> destaca por su combinaci\u00f3n de materiales poco com\u00fan en modelos contempor\u00e1neos. Su silueta estructurada con cierre bajo solapa refleja la elegancia atemporal que define este icono. El cuero Box desarrolla una p\u00e1tina rica con el tiempo, mientras que la lona beige aporta contraste y ligereza al dise\u00f1o.<\/p>\n<p data-start=\"4378\" data-end=\"4633\">El interior est\u00e1 forrado en cuero azul marino e incluye un bolsillo con cremallera y un doble bolsillo de parche, combinando funcionalidad con encanto vintage. La p\u00e1tina en esquinas y en el interior y exterior resalta su autenticidad y car\u00e1cter hist\u00f3rico.<\/p>\n<p data-start=\"4635\" data-end=\"4934\">Muy valorado por coleccionistas, este <strong data-start=\"4673\" data-end=\"4700\">Herm\u00e8s Kelly 28 Vintage<\/strong> es m\u00e1s que un bolso: es una pieza de patrimonio de la moda. Su rareza y significado hist\u00f3rico lo convierten en una destacada <strong data-start=\"4826\" data-end=\"4848\">investment handbag<\/strong> y una aut\u00e9ntica <strong data-start=\"4865\" data-end=\"4892\">rare collectible Herm\u00e8s<\/strong>, ideal para conocedores del lujo vintage.<\/p>\n","protected":false},"featured_media":24644,"template":"","meta":[],"product_brand":[2433],"product_cat":[1813,1860,1838,1820],"product_tag":[1982,2532,2533],"class_list":{"0":"post-24656","1":"product","2":"type-product","3":"status-publish","4":"has-post-thumbnail","6":"product_brand-hermes-es","7":"product_cat-bolso","8":"product_cat-bandolera","9":"product_cat-bolso-de-noche","10":"product_cat-bolso-cruzado","11":"product_tag-caja-kelly-vintage","12":"product_tag-hermes-kelly-vintage-es","13":"product_tag-kelly-32-vintage-es","14":"pa_brand-hermes-es","15":"pa_color-beige-es","16":"pa_color-azul","17":"pa_grade-grado-4","18":"pa_hermes-models-kelly-es","19":"pa_material-cuero","20":"pa_material-lona","22":"first","23":"instock","24":"shipping-taxable","25":"purchasable","26":"product-type-simple"},"_links":{"self":[{"href":"https:\/\/handbag-sense.com\/es\/wp-json\/wp\/v2\/product\/24656","targetHints":{"allow":["GET"]}}],"collection":[{"href":"https:\/\/handbag-sense.com\/es\/wp-json\/wp\/v2\/product"}],"about":[{"href":"https:\/\/handbag-sense.com\/es\/wp-json\/wp\/v2\/types\/product"}],"wp:featuredmedia":[{"embeddable":true,"href":"https:\/\/handbag-sense.com\/es\/wp-json\/wp\/v2\/media\/24644"}],"wp:attachment":[{"href":"https:\/\/handbag-sense.com\/es\/wp-json\/wp\/v2\/media?parent=24656"}],"wp:term":[{"taxonomy":"product_brand","embeddable":true,"href":"https:\/\/handbag-sense.com\/es\/wp-json\/wp\/v2\/product_brand?post=24656"},{"taxonomy":"product_cat","embeddable":true,"href":"https:\/\/handbag-sense.com\/es\/wp-json\/wp\/v2\/product_cat?post=24656"},{"taxonomy":"product_tag","embeddable":true,"href":"https:\/\/handbag-sense.com\/es\/wp-json\/wp\/v2\/product_tag?post=24656"}],"curies":[{"name":"wp","href":"https:\/\/api.w.org\/{rel}","templated":true}]}}