{"id":24624,"date":"2026-04-01T17:38:13","date_gmt":"2026-04-01T15:38:13","guid":{"rendered":"https:\/\/handbag-sense.com\/?post_type=product&#038;p=24624"},"modified":"2026-04-01T18:16:43","modified_gmt":"2026-04-01T16:16:43","slug":"hermes-kelly-28-negro-epsom-sellier","status":"publish","type":"product","link":"https:\/\/handbag-sense.com\/es\/producto\/hermes-kelly-28-negro-epsom-sellier\/","title":{"rendered":"Kelly 28 Negro Epsom Sellier"},"content":{"rendered":"<div class=\"c-columns-m-1 c-columns-2 c-columns-gap-s\">\n<div><strong>Material:<\/strong> Epsom Cuero<br \/>\n<strong>Color:<\/strong> Negro<br \/>\n<strong>Elementos met\u00e1licos:<\/strong> Herrajes Dorados<br \/>\n<strong>Material interior:<\/strong> Cuero<br \/>\n<strong>Grado: <\/strong>3 <img decoding=\"async\" class=\"info_box alignnone size-medium wp-image-885\" title=\"Informaci\u00f3n\" role=\"img\" src=\"https:\/\/handbag-sense.com\/wp-content\/uploads\/2023\/05\/info_icon.svg\" alt=\"Cuadro de informaci\u00f3n\" width=\"15\" height=\"15\" \/><\/div>\n<div><strong>A\u00f1o de producci\u00f3n \/ Sello:<\/strong> 2016 \/ x<br \/>\n<strong>Tama\u00f1o:<\/strong> 28 x 20 x 12 cm<br \/>\n<strong>Env\u00edo:<\/strong> A todo el mundo<br \/>\n<strong>Incluye:<\/strong> Bolsa guardapolvo, clochette, llaves, cerradura, caja<\/div>\n<\/div>\n<p><strong>Vendido a trav\u00e9s de un socio certificado:<\/strong> Este art\u00edculo procede de un socio certificado. El env\u00edo puede tardar 5\u20137 d\u00edas laborables. Se aplican la autenticaci\u00f3n, protecci\u00f3n y garant\u00eda habituales.<\/p>\n","protected":false},"excerpt":{"rendered":"<p data-start=\"3646\" data-end=\"3732\"><strong data-start=\"3646\" data-end=\"3730\">Herm\u00e8s Kelly 28 Negro Epsom Sellier con Herrajes Dorados \u2013 en excelente estado.<\/strong><\/p>\n<p data-start=\"1816\" data-end=\"2085\">El <strong data-start=\"1819\" data-end=\"1846\">Herm\u00e8s Kelly 28 Sellier<\/strong> en cuero Epsom negro con herrajes dorados es un icono de elegancia atemporal. Elaborado en resistente cuero Epsom con estructura r\u00edgida, este modelo del a\u00f1o 2016 (sello X) destaca por sus l\u00edneas definidas y su sofisticada silueta Sellier.<\/p>\n<p data-start=\"2087\" data-end=\"2396\">El <strong>Kelly 28 Noir<\/strong> presenta una forma estructurada con asa superior de cuero enrollado y una correa de hombro desmontable de cuero, ofreciendo diferentes opciones de uso. La ic\u00f3nica solapa frontal con cierre giratorio da acceso a un interior bien organizado con un bolsillo con cremallera y un bolsillo abierto.<\/p>\n<p data-start=\"2398\" data-end=\"2523\">El estado es excelente, con leves signos de uso, incluyendo peque\u00f1os ara\u00f1azos en el cierre, el forro interior y los herrajes.<\/p>\n<p data-start=\"2525\" data-end=\"2610\" data-is-last-node=\"\" data-is-only-node=\"\">El <strong>Kelly 28 Epsom Negro<\/strong> viene con caja, candado, llave, correa de hombro y bolsa guardapolvo.<\/p>\n","protected":false},"featured_media":24382,"template":"","meta":[],"product_brand":[2433],"product_cat":[1813],"product_tag":[2006],"class_list":{"0":"post-24624","1":"product","2":"type-product","3":"status-publish","4":"has-post-thumbnail","6":"product_brand-hermes-es","7":"product_cat-bolso","8":"product_tag-kelly-28-negro","9":"pa_brand-hermes-es","10":"pa_color-negro","11":"pa_grade-grado-3","12":"pa_hermes-models-kelly-es","13":"pa_material-cuero","15":"first","16":"instock","17":"sold-individually","18":"shipping-taxable","19":"purchasable","20":"product-type-simple"},"_links":{"self":[{"href":"https:\/\/handbag-sense.com\/es\/wp-json\/wp\/v2\/product\/24624","targetHints":{"allow":["GET"]}}],"collection":[{"href":"https:\/\/handbag-sense.com\/es\/wp-json\/wp\/v2\/product"}],"about":[{"href":"https:\/\/handbag-sense.com\/es\/wp-json\/wp\/v2\/types\/product"}],"wp:featuredmedia":[{"embeddable":true,"href":"https:\/\/handbag-sense.com\/es\/wp-json\/wp\/v2\/media\/24382"}],"wp:attachment":[{"href":"https:\/\/handbag-sense.com\/es\/wp-json\/wp\/v2\/media?parent=24624"}],"wp:term":[{"taxonomy":"product_brand","embeddable":true,"href":"https:\/\/handbag-sense.com\/es\/wp-json\/wp\/v2\/product_brand?post=24624"},{"taxonomy":"product_cat","embeddable":true,"href":"https:\/\/handbag-sense.com\/es\/wp-json\/wp\/v2\/product_cat?post=24624"},{"taxonomy":"product_tag","embeddable":true,"href":"https:\/\/handbag-sense.com\/es\/wp-json\/wp\/v2\/product_tag?post=24624"}],"curies":[{"name":"wp","href":"https:\/\/api.w.org\/{rel}","templated":true}]}}