{"id":24579,"date":"2026-04-01T16:57:48","date_gmt":"2026-04-01T14:57:48","guid":{"rendered":"https:\/\/handbag-sense.com\/?post_type=product&#038;p=24579"},"modified":"2026-04-01T17:27:23","modified_gmt":"2026-04-01T15:27:23","slug":"hermes-birkin-35-togo-negro-4","status":"publish","type":"product","link":"https:\/\/handbag-sense.com\/es\/producto\/hermes-birkin-35-togo-negro-4\/","title":{"rendered":"Birkin 35 Togo Negro"},"content":{"rendered":"<div class=\"c-columns-m-1 c-columns-2 c-columns-gap-s\">\n<div><strong>Material:<\/strong> Togo Cuero<br \/>\n<strong>Color:<\/strong> Negro<br \/>\n<strong>Elementos met\u00e1licos:<\/strong> Herrajes dorados<br \/>\n<strong>Material interior:<\/strong> Cuero<br \/>\n<strong>Grado: <\/strong>3 <img decoding=\"async\" class=\"info_box alignnone size-medium wp-image-885\" title=\"Informaci\u00f3n\" role=\"img\" src=\"https:\/\/handbag-sense.com\/wp-content\/uploads\/2023\/05\/info_icon.svg\" alt=\"Cuadro de informaci\u00f3n\" width=\"15\" height=\"15\" \/><\/div>\n<div><strong>A\u00f1o de producci\u00f3n \/ Sello:<\/strong> 2015\/T<br \/>\n<strong>Tama\u00f1o:<\/strong> 35 x 29 x 18 cm<br \/>\n<strong>Env\u00edo:<\/strong> A todo el mundo<br \/>\n<strong>Incluye:<\/strong>\u00a0 Bolsa guardapolvo, clochette, llaves, cerradura<\/div>\n<\/div>\n<p><strong>Vendido a trav\u00e9s de un socio certificado:<\/strong> Este art\u00edculo procede de un socio certificado. El env\u00edo puede tardar 5\u20137 d\u00edas laborables. Se aplican la autenticaci\u00f3n, protecci\u00f3n y garant\u00eda habituales.<\/p>\n","protected":false},"excerpt":{"rendered":"<div class=\"flex flex-col text-sm\">\n<article class=\"text-token-text-primary w-full focus:outline-none [--shadow-height:45px] has-data-writing-block:pointer-events-none has-data-writing-block:-mt-(--shadow-height) has-data-writing-block:pt-(--shadow-height) [&amp;:has([data-writing-block])&gt;*]:pointer-events-auto scroll-mt-[calc(var(--header-height)+min(200px,max(70px,20svh)))]\" dir=\"auto\" tabindex=\"-1\" data-turn-id=\"request-WEB:54ec83c2-52b2-4cbd-bec2-1d2e5f6d9546-14\" data-testid=\"conversation-turn-12\" data-scroll-anchor=\"true\" data-turn=\"assistant\">\n<div class=\"text-base my-auto mx-auto pb-10 [--thread-content-margin:--spacing(4)] @w-sm\/main:[--thread-content-margin:--spacing(6)] @w-lg\/main:[--thread-content-margin:--spacing(16)] px-(--thread-content-margin)\">\n<div class=\"[--thread-content-max-width:40rem] @w-lg\/main:[--thread-content-max-width:48rem] mx-auto max-w-(--thread-content-max-width) flex-1 group\/turn-messages focus-visible:outline-hidden relative flex w-full min-w-0 flex-col agent-turn\" tabindex=\"-1\">\n<div class=\"flex max-w-full flex-col grow\">\n<div class=\"min-h-8 text-message relative flex w-full flex-col items-end gap-2 text-start break-words whitespace-normal [.text-message+&amp;]:mt-1\" dir=\"auto\" data-message-author-role=\"assistant\" data-message-id=\"aa5ea4b3-595c-43ae-ac35-85a53ac57302\" data-message-model-slug=\"gpt-5-2\">\n<div class=\"flex w-full flex-col gap-1 empty:hidden first:pt-[1px]\">\n<div class=\"markdown prose dark:prose-invert w-full wrap-break-word light markdown-new-styling\">\n<p data-start=\"0\" data-end=\"60\"><strong><span class=\"hover:entity-accent entity-underline inline cursor-pointer align-baseline\"><span class=\"whitespace-normal\">Herm\u00e8s<\/span><\/span> Birkin 35 Togo Negro con Herrajes Dorados - excelente<\/strong><\/p>\n<p data-start=\"1605\" data-end=\"1902\">El <strong data-start=\"1608\" data-end=\"1669\">Herm\u00e8s Birkin 35 en cuero Togo negro con herrajes dorados<\/strong> es una pieza atemporal que combina elegancia y funcionalidad. Confeccionado en resistente cuero Togo en color Noir, este Birkin 35 Noir del a\u00f1o 2015 (sello T) presenta asas de cuero enrollado y el ic\u00f3nico cierre giratorio chapado en oro.<\/p>\n<p data-start=\"1904\" data-end=\"2032\">El espacioso interior incluye un bolsillo con cremallera y un bolsillo abierto, ofreciendo una organizaci\u00f3n pr\u00e1ctica y refinada.<\/p>\n<p data-start=\"2034\" data-end=\"2205\">El estado es excelente, con signos m\u00ednimos de uso. Presenta ligeras manchas en la base exterior, peque\u00f1os ara\u00f1azos en los herrajes y un leve desgaste en el forro interior. El bolso viene con candado, llaves y bolsa guardapolvo original de Herm\u00e8s.<\/p>\n<p data-start=\"62\" data-end=\"417\">El <strong>Birkin 35<\/strong> <strong>negro<\/strong> es una opci\u00f3n atemporal y muy vers\u00e1til, apreciada por su elegancia discreta y funcionalidad. Este modelo ic\u00f3nico es uno de los m\u00e1s deseados en el mundo del lujo, reconocido por su artesan\u00eda, herencia y s\u00f3lida retenci\u00f3n de valor en el mercado de reventa.<\/p>\n<\/div>\n<\/div>\n<\/div>\n<\/div>\n<\/div>\n<\/div>\n<\/article>\n<\/div>\n","protected":false},"featured_media":24603,"template":"","meta":[],"product_brand":[2433],"product_cat":[1813],"product_tag":[1993,1895],"class_list":{"0":"post-24579","1":"product","2":"type-product","3":"status-publish","4":"has-post-thumbnail","6":"product_brand-hermes-es","7":"product_cat-bolso","8":"product_tag-birkin-35-negro","9":"product_tag-bolso-birkin-hermes","10":"pa_brand-hermes-es","11":"pa_color-negro","12":"pa_grade-grado-5","13":"pa_hermes-models-birkin-es","14":"pa_material-cuero","16":"first","17":"instock","18":"sold-individually","19":"shipping-taxable","20":"purchasable","21":"product-type-simple"},"_links":{"self":[{"href":"https:\/\/handbag-sense.com\/es\/wp-json\/wp\/v2\/product\/24579","targetHints":{"allow":["GET"]}}],"collection":[{"href":"https:\/\/handbag-sense.com\/es\/wp-json\/wp\/v2\/product"}],"about":[{"href":"https:\/\/handbag-sense.com\/es\/wp-json\/wp\/v2\/types\/product"}],"wp:featuredmedia":[{"embeddable":true,"href":"https:\/\/handbag-sense.com\/es\/wp-json\/wp\/v2\/media\/24603"}],"wp:attachment":[{"href":"https:\/\/handbag-sense.com\/es\/wp-json\/wp\/v2\/media?parent=24579"}],"wp:term":[{"taxonomy":"product_brand","embeddable":true,"href":"https:\/\/handbag-sense.com\/es\/wp-json\/wp\/v2\/product_brand?post=24579"},{"taxonomy":"product_cat","embeddable":true,"href":"https:\/\/handbag-sense.com\/es\/wp-json\/wp\/v2\/product_cat?post=24579"},{"taxonomy":"product_tag","embeddable":true,"href":"https:\/\/handbag-sense.com\/es\/wp-json\/wp\/v2\/product_tag?post=24579"}],"curies":[{"name":"wp","href":"https:\/\/api.w.org\/{rel}","templated":true}]}}