{"id":24573,"date":"2026-03-27T14:47:24","date_gmt":"2026-03-27T13:47:24","guid":{"rendered":"https:\/\/handbag-sense.com\/?post_type=product&#038;p=24573"},"modified":"2026-03-27T15:19:26","modified_gmt":"2026-03-27T14:19:26","slug":"louis-vuitton-x-grace-coddington-catogram-neverfull-mm","status":"publish","type":"product","link":"https:\/\/handbag-sense.com\/es\/producto\/louis-vuitton-x-grace-coddington-catogram-neverfull-mm\/","title":{"rendered":"x Grace Coddington Catogram Neverfull MM"},"content":{"rendered":"<div class=\"c-columns-m-1 c-columns-2 c-columns-gap-s\">\n<div><strong>Material:<\/strong> Lona<br \/>\n<strong>Color:<\/strong> Marr\u00f3n<br \/>\n<strong>Elementos met\u00e1licos:<\/strong> Herrajes de color dorado<\/div>\n<div><strong>Grado:<\/strong> 2 <img decoding=\"async\" class=\"info_box alignnone size-medium wp-image-885\" title=\"Informaci\u00f3n\" role=\"img\" src=\"https:\/\/handbag-sense.com\/wp-content\/uploads\/2023\/05\/info_icon.svg\" alt=\"Cuadro de informaci\u00f3n\" width=\"15\" height=\"15\" \/><br \/>\n<strong>Material interior:<\/strong> Forro textil<br \/>\n<strong>Tama\u00f1o:<\/strong> 15cm x 33cm x 29cm<\/div>\n<\/div>\n<p><strong>Incluye:<\/strong> Bolsa para el polvo, caja, factura original<\/p>\n","protected":false},"excerpt":{"rendered":"<p class=\"font-claude-response-body break-words whitespace-normal leading-[1.7]\"><strong>Louis Vuitton x Grace Coddington Catogram Neverfull MM \u2013 Edici\u00f3n Limitada, Estado Excelente \/ Como Nueva<\/strong><\/p>\n<p class=\"font-claude-response-body break-words whitespace-normal leading-[1.7]\">Este Louis Vuitton Neverfull MM est\u00e1 confeccionado en el ic\u00f3nico canvas con monograma marr\u00f3n recubierto y rematado con ribetes de cuero Vachetta natural y herrajes en tono dorado. Una pieza codiciada de edici\u00f3n limitada que se encuentra en un estado excelente, pr\u00e1cticamente nuevo, sin ning\u00fan signo de uso ni da\u00f1o. Se entrega con su funda antipolvo original de Louis Vuitton y el pochette Catogram a juego. Fabricado en Espa\u00f1a.<\/p>\n<p class=\"font-claude-response-body break-words whitespace-normal leading-[1.7]\">Una verdadera pieza de coleccionista: este bolso naci\u00f3 de una extraordinaria colaboraci\u00f3n creativa entre el director art\u00edstico de Louis Vuitton, Nicolas Ghesqui\u00e8re, y la legendaria directora creativa de Vogue, Grace Coddington, fusionando el ic\u00f3nico estampado Monogram de LV con encantadoras ilustraciones de los perros de Ghesqui\u00e8re y los adorados gatos de Coddington. El resultado es un bolso que es a la vez juguet\u00f3n y profundamente lujoso \u2014 una combinaci\u00f3n poco com\u00fan en el mundo de la alta moda.<\/p>\n<p class=\"font-claude-response-body break-words whitespace-normal leading-[1.7]\">El Neverfull MM es una de las siluetas m\u00e1s duraderas y codiciadas de Louis Vuitton, reconocida por su amplio interior, su estructura ligera y su versatilidadeffortless del d\u00eda a la noche. El motivo Catogram eleva el formato cl\u00e1sico a algo verdaderamente especial: una obra de arte ponible que al mismo tiempo es una declaraci\u00f3n de personalidad. El forro interior en mandarina vibrante con estampado de ratones, un bolsillo interior con cremallera y un cierre de mosquet\u00f3n en la parte superior son detalles elegantes que deleitan a una mirada m\u00e1s cercana.<\/p>\n<p class=\"font-claude-response-body break-words whitespace-normal leading-[1.7]\">Como pieza de edici\u00f3n limitada de la colaboraci\u00f3n con Grace Coddington, este bolso mantiene un fuerte valor de reventa en el mercado secundario. Para coleccionistas de ediciones raras de Louis Vuitton o amantes de la moda felina, este es un hallazgo irremplazable en un estado excepcional.<\/p>\n","protected":false},"featured_media":24567,"template":"","meta":[],"product_brand":[2437],"product_cat":[1818,1840],"product_tag":[],"class_list":{"0":"post-24573","1":"product","2":"type-product","3":"status-publish","4":"has-post-thumbnail","6":"product_brand-louis-vuitton-es","7":"product_cat-bolso-pequeno","8":"product_cat-clutch-pochette","9":"pa_brand-louis-vuitton-es","10":"pa_color-marron","11":"pa_grade-grado-2","12":"pa_material-cuero","13":"pa_material-lona","15":"first","16":"instock","17":"taxable","18":"shipping-taxable","19":"purchasable","20":"product-type-simple"},"_links":{"self":[{"href":"https:\/\/handbag-sense.com\/es\/wp-json\/wp\/v2\/product\/24573","targetHints":{"allow":["GET"]}}],"collection":[{"href":"https:\/\/handbag-sense.com\/es\/wp-json\/wp\/v2\/product"}],"about":[{"href":"https:\/\/handbag-sense.com\/es\/wp-json\/wp\/v2\/types\/product"}],"wp:featuredmedia":[{"embeddable":true,"href":"https:\/\/handbag-sense.com\/es\/wp-json\/wp\/v2\/media\/24567"}],"wp:attachment":[{"href":"https:\/\/handbag-sense.com\/es\/wp-json\/wp\/v2\/media?parent=24573"}],"wp:term":[{"taxonomy":"product_brand","embeddable":true,"href":"https:\/\/handbag-sense.com\/es\/wp-json\/wp\/v2\/product_brand?post=24573"},{"taxonomy":"product_cat","embeddable":true,"href":"https:\/\/handbag-sense.com\/es\/wp-json\/wp\/v2\/product_cat?post=24573"},{"taxonomy":"product_tag","embeddable":true,"href":"https:\/\/handbag-sense.com\/es\/wp-json\/wp\/v2\/product_tag?post=24573"}],"curies":[{"name":"wp","href":"https:\/\/api.w.org\/{rel}","templated":true}]}}