{"id":24532,"date":"2026-03-26T18:42:33","date_gmt":"2026-03-26T17:42:33","guid":{"rendered":"https:\/\/handbag-sense.com\/?post_type=product&#038;p=24532"},"modified":"2026-03-26T19:03:53","modified_gmt":"2026-03-26T18:03:53","slug":"hermes-kelly-messenger-pm-negro","status":"publish","type":"product","link":"https:\/\/handbag-sense.com\/es\/producto\/hermes-kelly-messenger-pm-negro\/","title":{"rendered":"Kelly Messenger PM Negro Evergrain"},"content":{"rendered":"<div class=\"c-columns-m-1 c-columns-2 c-columns-gap-s\">\n<div><strong>Material:<\/strong> Cuero Evergrain<br \/>\n<strong>Color:<\/strong> Negro<br \/>\n<strong>Elementos met\u00e1licos:<\/strong> Herrajes de Paladio<br \/>\n<strong>Material interior:<\/strong> Cuero<\/div>\n<div><strong>Grado:<\/strong> 1 <img decoding=\"async\" class=\"info_box alignnone size-medium wp-image-885\" title=\"Informaci\u00f3n\" role=\"img\" src=\"https:\/\/handbag-sense.com\/wp-content\/uploads\/2023\/05\/info_icon.svg\" alt=\"Cuadro de informaci\u00f3n\" width=\"15\" height=\"15\" \/><br \/>\n<strong>A\u00f1o de producci\u00f3n \/ Sello:<\/strong> 2025 \/ K<br \/>\n<strong>Tama\u00f1o:<\/strong> 24 x 20 x 11 cm<br \/>\n<strong>Env\u00edo:<\/strong> A todo el mundo<\/div>\n<\/div>\n<p><strong>Incluye:<\/strong> Recibo original, bolsa guardapolvo, correa, clochette, cerradura, llaves, caja<\/p>\n","protected":false},"excerpt":{"rendered":"<p data-start=\"3690\" data-end=\"3785\"><strong data-start=\"3690\" data-end=\"3783\">Herm\u00e8s Kelly Messenger PM Negro Evergrain con Herrajes de Paladio \u2013 2025, Nuevo\u00a0<\/strong><\/p>\n<p data-start=\"3787\" data-end=\"4223\">Este <strong data-start=\"3792\" data-end=\"3827\">Herm\u00e8s Kelly Messenger<\/strong>\u00a0est\u00e1 confeccionado en cuero Evergrain negro de alta calidad y acabado con elegantes herrajes de paladio. Producido en <strong data-start=\"3946\" data-end=\"3979\">2025 y marcado con el sello K<\/strong>, el bolso es completamente nuevo y nunca usado. Se entrega con el recibo original de Herm\u00e8s de 2025, la dust bag y la clochette de cuero con juego de llaves. Una reinterpretaci\u00f3n moderna del ic\u00f3nico Kelly que combina elegancia y funcionalidad.<\/p>\n<p data-start=\"4225\" data-end=\"4584\">El <strong data-start=\"4228\" data-end=\"4263\">Herm\u00e8s Kelly Messenger Black<\/strong> representa el lujo contempor\u00e1neo con una est\u00e9tica minimalista y sofisticada. El cuero Evergrain, conocido por su resistencia y textura refinada, ofrece durabilidad sin sacrificar flexibilidad. Los herrajes de paladio aportan un contraste moderno, creando un dise\u00f1o vers\u00e1til perfecto tanto para el d\u00eda como para la noche.<\/p>\n<p data-start=\"4586\" data-end=\"4959\">Gracias a su correa ajustable, puede llevarse c\u00f3modamente al hombro o cruzado, adapt\u00e1ndose a diferentes estilos de vida. Su interior espacioso permite guardar f\u00e1cilmente objetos esenciales como el tel\u00e9fono, la cartera y otros art\u00edculos personales, manteniendo una silueta elegante. Como parte de la evoluci\u00f3n de la l\u00ednea Kelly, este modelo combina tradici\u00f3n con innovaci\u00f3n. Una pieza que encarna perfectamente la esencia de Herm\u00e8s: elegancia atemporal y excelencia artesanal.<\/p>\n","protected":false},"featured_media":24457,"template":"","meta":[],"product_brand":[2433],"product_cat":[1813,1860,1818,1820],"product_tag":[2639],"class_list":{"0":"post-24532","1":"product","2":"type-product","3":"status-publish","4":"has-post-thumbnail","6":"product_brand-hermes-es","7":"product_cat-bolso","8":"product_cat-bandolera","9":"product_cat-bolso-pequeno","10":"product_cat-bolso-cruzado","11":"product_tag-kelly-messenger-pm-negro","12":"pa_brand-hermes-es","13":"pa_color-negro","14":"pa_grade-grado-1","15":"pa_hermes-models-otros-modelos","16":"pa_material-cuero","18":"first","19":"instock","20":"sold-individually","21":"purchasable","22":"product-type-simple"},"_links":{"self":[{"href":"https:\/\/handbag-sense.com\/es\/wp-json\/wp\/v2\/product\/24532","targetHints":{"allow":["GET"]}}],"collection":[{"href":"https:\/\/handbag-sense.com\/es\/wp-json\/wp\/v2\/product"}],"about":[{"href":"https:\/\/handbag-sense.com\/es\/wp-json\/wp\/v2\/types\/product"}],"wp:featuredmedia":[{"embeddable":true,"href":"https:\/\/handbag-sense.com\/es\/wp-json\/wp\/v2\/media\/24457"}],"wp:attachment":[{"href":"https:\/\/handbag-sense.com\/es\/wp-json\/wp\/v2\/media?parent=24532"}],"wp:term":[{"taxonomy":"product_brand","embeddable":true,"href":"https:\/\/handbag-sense.com\/es\/wp-json\/wp\/v2\/product_brand?post=24532"},{"taxonomy":"product_cat","embeddable":true,"href":"https:\/\/handbag-sense.com\/es\/wp-json\/wp\/v2\/product_cat?post=24532"},{"taxonomy":"product_tag","embeddable":true,"href":"https:\/\/handbag-sense.com\/es\/wp-json\/wp\/v2\/product_tag?post=24532"}],"curies":[{"name":"wp","href":"https:\/\/api.w.org\/{rel}","templated":true}]}}