{"id":24328,"date":"2026-03-18T15:48:24","date_gmt":"2026-03-18T14:48:24","guid":{"rendered":"https:\/\/handbag-sense.com\/?post_type=product&#038;p=24328"},"modified":"2026-03-18T16:20:39","modified_gmt":"2026-03-18T15:20:39","slug":"hermes-in-the-loop-belt-bag-etoupe-con-herrajes-en-paladio","status":"publish","type":"product","link":"https:\/\/handbag-sense.com\/es\/producto\/hermes-in-the-loop-belt-bag-etoupe-con-herrajes-en-paladio\/","title":{"rendered":"In-The-Loop Belt Bag \u00c9toupe"},"content":{"rendered":"<div class=\"c-columns-m-1 c-columns-2 c-columns-gap-s\">\n<div><strong>Material:<\/strong> Cuero Swift<br \/>\n<strong>Color:<\/strong> Etoupe<br \/>\n<strong>Elementos met\u00e1licos:<\/strong> \u00a0Herrajes de paladio<br \/>\n<strong>Material interior:<\/strong> Cuero<\/div>\n<div><strong>Grado: <\/strong> 1 <img decoding=\"async\" class=\"info_box alignnone size-medium wp-image-885\" title=\"Informaci\u00f3n\" role=\"img\" src=\"https:\/\/handbag-sense.com\/wp-content\/uploads\/2023\/05\/info_icon.svg\" alt=\"Cuadro de informaci\u00f3n\" width=\"15\" height=\"15\" \/><br \/>\n<strong>A\u00f1o de producci\u00f3n\/Sello:<\/strong> 2022 \/ Z<br \/>\n<strong>Tama\u00f1o:<\/strong> 13 x 19 x 4cm<br \/>\n<strong>Naviero:<\/strong> Mundial<\/div>\n<\/div>\n<p><strong>Incluye:<\/strong> Recibo original, bolsa guardapolvo, caja<\/p>\n","protected":false},"excerpt":{"rendered":"<div>\n<div class=\"standard-markdown grid-cols-1 grid [&amp;_&gt;_*]:min-w-0 gap-3\">\n<p class=\"font-claude-response-body break-words whitespace-normal leading-[1.7]\"><strong>Herm\u00e8s In-The-Loop Belt Bag \u00c9toupe con Herrajes en Paladio<\/strong><\/p>\n<\/div>\n<\/div>\n<div>\n<div class=\"standard-markdown grid-cols-1 grid [&amp;_&gt;_*]:min-w-0 gap-3\">\n<p class=\"font-claude-response-body break-words whitespace-normal leading-[1.7]\">Este bolso de cintur\u00f3n In-The-Loop est\u00e1 confeccionado en la m\u00e1s fina piel Swift en el sofisticado color \u00c9toupe. Este exquisito accesorio se complementa con elegantes herrajes en paladio, que a\u00f1aden un toque de lujo discreto y elegancia contempor\u00e1nea. Su ingenioso dise\u00f1o de bucle permite enhebrar el bolso directamente en un cintur\u00f3n, ofreciendo un ajuste perfecto y seguro que se adapta sin esfuerzo al cuerpo.<\/p>\n<\/div>\n<\/div>\n<div>\n<div class=\"standard-markdown grid-cols-1 grid [&amp;_&gt;_*]:min-w-0 gap-3\">\n<p class=\"font-claude-response-body break-words whitespace-normal leading-[1.7]\">Ya sea llevado a la cintura como bolso de cintur\u00f3n, o en bandolera para un look m\u00e1s relajado, esta vers\u00e1til pieza ofrece una combinaci\u00f3n perfecta de practicidad y estilo refinado. La compacta silueta alberga un interior sorprendentemente funcional, ideal para llevar los elementos esenciales del d\u00eda a d\u00eda con sofisticaci\u00f3n sin esfuerzo.<\/p>\n<\/div>\n<\/div>\n<div>\n<div class=\"standard-markdown grid-cols-1 grid [&amp;_&gt;_*]:min-w-0 gap-3\">\n<p class=\"font-claude-response-body break-words whitespace-normal leading-[1.7]\">Sellado con la letra Z, esta pieza fue confeccionada en 2022, un testimonio del inquebrantable compromiso de Herm\u00e8s con el excepcional savoir-faire. Un accesorio imprescindible para quienes aprecian el lujo discreto con un encanto atemporal.<\/p>\n<\/div>\n<\/div>\n<div>\n<div class=\"standard-markdown grid-cols-1 grid [&amp;_&gt;_*]:min-w-0 gap-3\"><\/div>\n<\/div>\n","protected":false},"featured_media":19913,"template":"","meta":[],"product_brand":[2433],"product_cat":[1887],"product_tag":[2033,2034],"class_list":{"0":"post-24328","1":"product","2":"type-product","3":"status-publish","4":"has-post-thumbnail","6":"product_brand-hermes-es","7":"product_cat-cinturon","8":"product_tag-cinturon-hermes-kelly","9":"product_tag-kelly-belt-18-etoupe-es","10":"pa_brand-hermes-es","11":"pa_color-beige-es","12":"pa_grade-grado-1","13":"pa_material-cuero","15":"first","16":"instock","17":"shipping-taxable","18":"purchasable","19":"product-type-simple"},"_links":{"self":[{"href":"https:\/\/handbag-sense.com\/es\/wp-json\/wp\/v2\/product\/24328","targetHints":{"allow":["GET"]}}],"collection":[{"href":"https:\/\/handbag-sense.com\/es\/wp-json\/wp\/v2\/product"}],"about":[{"href":"https:\/\/handbag-sense.com\/es\/wp-json\/wp\/v2\/types\/product"}],"wp:featuredmedia":[{"embeddable":true,"href":"https:\/\/handbag-sense.com\/es\/wp-json\/wp\/v2\/media\/19913"}],"wp:attachment":[{"href":"https:\/\/handbag-sense.com\/es\/wp-json\/wp\/v2\/media?parent=24328"}],"wp:term":[{"taxonomy":"product_brand","embeddable":true,"href":"https:\/\/handbag-sense.com\/es\/wp-json\/wp\/v2\/product_brand?post=24328"},{"taxonomy":"product_cat","embeddable":true,"href":"https:\/\/handbag-sense.com\/es\/wp-json\/wp\/v2\/product_cat?post=24328"},{"taxonomy":"product_tag","embeddable":true,"href":"https:\/\/handbag-sense.com\/es\/wp-json\/wp\/v2\/product_tag?post=24328"}],"curies":[{"name":"wp","href":"https:\/\/api.w.org\/{rel}","templated":true}]}}