{"id":24253,"date":"2026-03-09T17:16:12","date_gmt":"2026-03-09T16:16:12","guid":{"rendered":"https:\/\/handbag-sense.com\/?post_type=product&#038;p=24253"},"modified":"2026-03-09T21:54:31","modified_gmt":"2026-03-09T20:54:31","slug":"hermes-birkin-30-togo-negra","status":"publish","type":"product","link":"https:\/\/handbag-sense.com\/es\/producto\/hermes-birkin-30-togo-negra\/","title":{"rendered":"Birkin 30 Togo Negra"},"content":{"rendered":"<div class=\"c-columns-m-1 c-columns-2 c-columns-gap-s\">\n<div><strong>Material:<\/strong> Togo Cuero<br \/>\n<strong>Color:<\/strong> negro<br \/>\n<strong>Elementos met\u00e1licos:<\/strong> Herrajes de oro rosa<br \/>\n<strong>Material interior:<\/strong> Cuero<\/div>\n<div><strong>Grado: <\/strong>3 <img decoding=\"async\" class=\"info_box alignnone size-medium wp-image-885\" title=\"Informaci\u00f3n\" role=\"img\" src=\"https:\/\/handbag-sense.com\/wp-content\/uploads\/2023\/05\/info_icon.svg\" alt=\"Cuadro de informaci\u00f3n\" width=\"15\" height=\"15\" \/><br \/>\n<strong>A\u00f1o de producci\u00f3n \/ Sello:<\/strong> 2018 \/ C<br \/>\n<strong>Tama\u00f1o:<\/strong> 30 x 22 x 16 cm<br \/>\n<strong>Env\u00edo:<\/strong> A todo el mundo<\/div>\n<\/div>\n<p><strong>Incluye:<\/strong> Recibo original, bolsa guardapolvo, clochette, llaves, cerradura, impermeable, fieltro<\/p>\n","protected":false},"excerpt":{"rendered":"<p data-start=\"3954\" data-end=\"4047\"><strong data-start=\"3954\" data-end=\"4045\">Herm\u00e8s Birkin 30 Togo Negra con Herrajes de Oro Rosa \u2013 Excelente Estado<\/strong><\/p>\n<p data-start=\"4049\" data-end=\"4554\">Este <strong data-start=\"4054\" data-end=\"4073\">Birkin 30 Noir<\/strong> est\u00e1 elaborado en cuero Togo negro de grano fino y terminado con elegantes herrajes de oro rosa. Producido en <strong data-start=\"4184\" data-end=\"4217\">2018 y marcado con el sello C<\/strong>, el bolso se encuentra en excelente estado, mostrando \u00fanicamente micro ara\u00f1azos muy leves en los herrajes y una peque\u00f1a marca de presi\u00f3n en el interior del cuero. Incluye el recibo original de Herm\u00e8s de 2018, la dust bag de Herm\u00e8s y la clochette de cuero con juego de llaves.<\/p>\n<p data-start=\"4556\" data-end=\"4951\">Reconocido como uno de los bolsos de lujo m\u00e1s codiciados del mundo, el Birkin 30 combina funcionalidad con elegancia atemporal. El cuero Togo es apreciado por su textura granulada, flexibilidad y durabilidad, lo que permite que el bolso conserve su forma mientras mantiene una apariencia refinada. La combinaci\u00f3n de cuero negro con herrajes de oro rosa aporta un contraste sofisticado y moderno.<\/p>\n<p data-start=\"4953\" data-end=\"5295\">Entre coleccionistas, el <strong data-start=\"4978\" data-end=\"4997\">Birkin 30 Black<\/strong> ocupa un lugar destacado dentro del universo Herm\u00e8s. Su formato de 30 cm ofrece espacio suficiente para los esenciales diarios sin perder su elegancia estructurada. La meticulosa artesan\u00eda, las costuras sellier y los materiales de la m\u00e1s alta calidad reflejan la excelencia artesanal de la maison.<\/p>\n<p data-start=\"5297\" data-end=\"5620\">Con accesorios completos y procedencia documentada gracias al recibo original, este bolso representa tanto una pieza elegante para el d\u00eda a d\u00eda como una s\u00f3lida <strong data-start=\"5457\" data-end=\"5482\">luxury investment bag<\/strong>. El <strong data-start=\"5487\" data-end=\"5513\">Herm\u00e8s Birkin 30 Black<\/strong> sigue siendo una <strong data-start=\"5531\" data-end=\"5558\">rare collectible Herm\u00e8s<\/strong>, apreciada por su herencia, su artesan\u00eda y su valor duradero.<\/p>\n","protected":false},"featured_media":24195,"template":"","meta":[],"product_brand":[2433],"product_cat":[1813],"product_tag":[1899,1905,1895,1897],"class_list":{"0":"post-24253","1":"product","2":"type-product","3":"status-publish","4":"has-post-thumbnail","6":"product_brand-hermes-es","7":"product_cat-bolso","8":"product_tag-birkin-30-negro","9":"product_tag-birkin-30-togo-es","10":"product_tag-bolso-birkin-hermes","11":"product_tag-hermes-birkin-30-es","12":"pa_brand-hermes-es","13":"pa_color-negro","14":"pa_grade-grado-3","15":"pa_hermes-models-birkin-es","16":"pa_material-cuero","18":"first","19":"outofstock","20":"sold-individually","21":"shipping-taxable","22":"product-type-simple"},"_links":{"self":[{"href":"https:\/\/handbag-sense.com\/es\/wp-json\/wp\/v2\/product\/24253","targetHints":{"allow":["GET"]}}],"collection":[{"href":"https:\/\/handbag-sense.com\/es\/wp-json\/wp\/v2\/product"}],"about":[{"href":"https:\/\/handbag-sense.com\/es\/wp-json\/wp\/v2\/types\/product"}],"wp:featuredmedia":[{"embeddable":true,"href":"https:\/\/handbag-sense.com\/es\/wp-json\/wp\/v2\/media\/24195"}],"wp:attachment":[{"href":"https:\/\/handbag-sense.com\/es\/wp-json\/wp\/v2\/media?parent=24253"}],"wp:term":[{"taxonomy":"product_brand","embeddable":true,"href":"https:\/\/handbag-sense.com\/es\/wp-json\/wp\/v2\/product_brand?post=24253"},{"taxonomy":"product_cat","embeddable":true,"href":"https:\/\/handbag-sense.com\/es\/wp-json\/wp\/v2\/product_cat?post=24253"},{"taxonomy":"product_tag","embeddable":true,"href":"https:\/\/handbag-sense.com\/es\/wp-json\/wp\/v2\/product_tag?post=24253"}],"curies":[{"name":"wp","href":"https:\/\/api.w.org\/{rel}","templated":true}]}}