{"id":24249,"date":"2026-03-09T14:51:46","date_gmt":"2026-03-09T13:51:46","guid":{"rendered":"https:\/\/handbag-sense.com\/?post_type=product&#038;p=24249"},"modified":"2026-03-09T15:29:10","modified_gmt":"2026-03-09T14:29:10","slug":"hermes-birkin-30-black-togo-2","status":"publish","type":"product","link":"https:\/\/handbag-sense.com\/es\/producto\/hermes-birkin-30-black-togo-2\/","title":{"rendered":"Birkin 30 Black Togo"},"content":{"rendered":"<div class=\"c-columns-m-1 c-columns-2 c-columns-gap-s\">\n<div><strong>Material:<\/strong> Togo Cuero<br \/>\n<strong>Color:<\/strong> negro<br \/>\n<strong>Elementos met\u00e1licos:<\/strong> Herrajes Dorados<br \/>\n<strong>Material interior:<\/strong> Cuero<\/div>\n<div><strong>Grado: <\/strong>2 <img decoding=\"async\" class=\"info_box alignnone size-medium wp-image-885\" title=\"Informaci\u00f3n\" role=\"img\" src=\"https:\/\/handbag-sense.com\/wp-content\/uploads\/2023\/05\/info_icon.svg\" alt=\"Cuadro de informaci\u00f3n\" width=\"15\" height=\"15\" \/><br \/>\n<strong>A\u00f1o de producci\u00f3n \/ Sello:<\/strong> 2017 \/ A<br \/>\n<strong>Tama\u00f1o:<\/strong> 30 x 22 x 16 cm<br \/>\n<strong>Env\u00edo:<\/strong> A todo el mundo<\/div>\n<\/div>\n<p><strong>Incluye:<\/strong> Recibo original, bolsa guardapolvo, clochette, llaves, cerradura, impermeable, fieltro, folleto, caja<\/p>\n","protected":false},"excerpt":{"rendered":"<p data-start=\"3772\" data-end=\"3856\"><strong data-start=\"3772\" data-end=\"3856\">Herm\u00e8s Birkin 30 Black Togo con Herrajes de Paladio \u2013 Como Nueva\u00a0<\/strong><\/p>\n<p data-start=\"3858\" data-end=\"4370\">Esta Herm\u00e8s Birkin 30 Noir est\u00e1 elaborada en cuero Togo granulado en el cl\u00e1sico color negro y acabada con elegantes herrajes de paladio. Producida en 2017 y marcada con el sello Y, la bolsa se ha conservado cuidadosamente sin uso y se encuentra en condici\u00f3n como nueva, sin se\u00f1ales visibles de desgaste. Los herrajes a\u00fan conservan sus protectores originales. El conjunto completo incluye el recibo original de Herm\u00e8s de 2017, dust bag, clochette de cuero con juego de llaves y la ic\u00f3nica caja naranja de Herm\u00e8s.<\/p>\n<p data-start=\"4372\" data-end=\"4812\">Considerada una de las bolsas de lujo m\u00e1s emblem\u00e1ticas del mundo, la Birkin 30 Negra representa la m\u00e1xima expresi\u00f3n de la tradici\u00f3n artesanal de Herm\u00e8s. El cuero Togo es especialmente apreciado por su resistencia, su textura elegante y su capacidad de mantener la forma estructurada del bolso con el paso del tiempo. En negro cl\u00e1sico, la Birkin alcanza su expresi\u00f3n m\u00e1s atemporal, realzada por la sofisticaci\u00f3n moderna de los herrajes de paladio.<\/p>\n<p data-start=\"4814\" data-end=\"5185\">El formato de 30 cm es considerado por muchos coleccionistas como el tama\u00f1o perfecto, ya que combina funcionalidad y elegancia. Ofrece espacio suficiente para los objetos esenciales del d\u00eda a d\u00eda sin perder su est\u00e9tica refinada. Sus elementos caracter\u00edsticos \u2014 las correas de cuero, el cierre giratorio y las asas estructuradas \u2014 reflejan la excelencia del dise\u00f1o Herm\u00e8s.<\/p>\n<p data-start=\"5187\" data-end=\"5387\">Gracias a su estado impecable, su set completo y su procedencia documentada, esta Birkin 30 se presenta como una pieza excepcional para coleccionistas y una inversi\u00f3n duradera en el universo del lujo.<\/p>\n","protected":false},"featured_media":24189,"template":"","meta":[],"product_brand":[2433],"product_cat":[1813],"product_tag":[1917,1895,1897],"class_list":{"0":"post-24249","1":"product","2":"type-product","3":"status-publish","4":"has-post-thumbnail","6":"product_brand-hermes-es","7":"product_cat-bolso","8":"product_tag-birkin-30-oro","9":"product_tag-bolso-birkin-hermes","10":"product_tag-hermes-birkin-30-es","11":"pa_brand-hermes-es","12":"pa_color-negro","13":"pa_grade-grado-2","14":"pa_hermes-models-birkin-es","15":"pa_material-cuero","17":"first","18":"outofstock","19":"sold-individually","20":"shipping-taxable","21":"product-type-simple"},"_links":{"self":[{"href":"https:\/\/handbag-sense.com\/es\/wp-json\/wp\/v2\/product\/24249","targetHints":{"allow":["GET"]}}],"collection":[{"href":"https:\/\/handbag-sense.com\/es\/wp-json\/wp\/v2\/product"}],"about":[{"href":"https:\/\/handbag-sense.com\/es\/wp-json\/wp\/v2\/types\/product"}],"wp:featuredmedia":[{"embeddable":true,"href":"https:\/\/handbag-sense.com\/es\/wp-json\/wp\/v2\/media\/24189"}],"wp:attachment":[{"href":"https:\/\/handbag-sense.com\/es\/wp-json\/wp\/v2\/media?parent=24249"}],"wp:term":[{"taxonomy":"product_brand","embeddable":true,"href":"https:\/\/handbag-sense.com\/es\/wp-json\/wp\/v2\/product_brand?post=24249"},{"taxonomy":"product_cat","embeddable":true,"href":"https:\/\/handbag-sense.com\/es\/wp-json\/wp\/v2\/product_cat?post=24249"},{"taxonomy":"product_tag","embeddable":true,"href":"https:\/\/handbag-sense.com\/es\/wp-json\/wp\/v2\/product_tag?post=24249"}],"curies":[{"name":"wp","href":"https:\/\/api.w.org\/{rel}","templated":true}]}}