{"id":24151,"date":"2026-03-05T15:03:19","date_gmt":"2026-03-05T14:03:19","guid":{"rendered":"https:\/\/handbag-sense.com\/?post_type=product&#038;p=24151"},"modified":"2026-03-20T16:14:46","modified_gmt":"2026-03-20T15:14:46","slug":"hermes-kelly-25-orange-epsom-sellier","status":"publish","type":"product","link":"https:\/\/handbag-sense.com\/es\/producto\/hermes-kelly-25-orange-epsom-sellier\/","title":{"rendered":"Kelly 25 Orange Epsom Sellier"},"content":{"rendered":"<div class=\"c-columns-m-1 c-columns-2 c-columns-gap-s\">\n<div><strong>Material:<\/strong> Cuero Epsom<br \/>\n<strong>Color:<\/strong> Orange<br \/>\n<strong>Elementos met\u00e1licos:<\/strong> Herrajes Dorados<br \/>\n<strong>Material interior:<\/strong> Cuero<\/div>\n<div><strong>Grado:<\/strong> 1 <img decoding=\"async\" class=\"info_box alignnone size-medium wp-image-885\" title=\"Informaci\u00f3n\" role=\"img\" src=\"https:\/\/handbag-sense.com\/wp-content\/uploads\/2023\/05\/info_icon.svg\" alt=\"Cuadro de informaci\u00f3n\" width=\"15\" height=\"15\" \/><br \/>\n<strong>A\u00f1o de producci\u00f3n \/ Sello:<\/strong> 2025 \/ K<br \/>\n<strong>Tama\u00f1o:<\/strong> 25 x 19 x 9 cm<br \/>\n<strong>Env\u00edo:<\/strong> A todo el mundo<\/div>\n<\/div>\n<p><strong>Incluye:<\/strong> Recibo original, bolsa guardapolvo, correa, clochette, cerradura, llaves, caja<\/p>\n","protected":false},"excerpt":{"rendered":"<p data-start=\"4298\" data-end=\"4385\"><strong data-start=\"4298\" data-end=\"4383\">Herm\u00e8s Kelly 25 Orange Epsom Sellier con Herrajes Dorados \u2013 2025, Excelente Estado <\/strong><\/p>\n<p data-start=\"3828\" data-end=\"4348\">Este <strong data-start=\"3833\" data-end=\"3859\">Herm\u00e8s Kelly 25 Sellier<\/strong> est\u00e1 confeccionado en cuero Epsom estructurado en el ic\u00f3nico tono Orange de Herm\u00e8s y realzado con elegantes herrajes dorados. Producido en <strong data-start=\"4007\" data-end=\"4040\">2025 y marcado con el sello K<\/strong>, el bolso ha sido utilizado \u00fanicamente tres veces y se presenta en excelente estado, mostrando solo m\u00ednimos ara\u00f1azos en los herrajes, parte de los herrajes a\u00fan conservan las pel\u00edculas protectoras. Se entrega como set completo con clochette, candado con dos llaves, correa original, dust bag, la emblem\u00e1tica caja naranja de Herm\u00e8s y la factura original de compra de 2025.<\/p>\n<p data-start=\"4350\" data-end=\"4820\">El <strong data-start=\"4353\" data-end=\"4373\">Kelly 25 Sellier<\/strong> es considerado uno de los bolsos m\u00e1s deseados dentro del universo Herm\u00e8s, admirado por su silueta arquitect\u00f3nica y su refinada artesan\u00eda. La construcci\u00f3n Sellier crea l\u00edneas definidas y elegantes que resaltan la estructura del cuero Epsom, reconocido por su durabilidad y su capacidad de mantener la forma con el paso del tiempo. El vibrante color Orange, uno de los m\u00e1s representativos de la maison, aporta una presencia sofisticada y atemporal.<\/p>\n<p data-start=\"4822\" data-end=\"5170\">A pesar de su tama\u00f1o compacto, el <strong data-start=\"4856\" data-end=\"4881\">Kelly 25 Epsom Orange<\/strong> ofrece una versatilidad notable. Puede llevarse en la mano para un estilo elegante o cruzado con la correa desmontable para un look moderno. Muy apreciado por coleccionistas, este modelo es tanto un icono de moda como una <strong data-start=\"5104\" data-end=\"5129\">luxury investment bag<\/strong> con gran demanda en el mercado del lujo.<\/p>\n<p data-start=\"5172\" data-end=\"5358\">Completo con todos sus accesorios originales, este <strong data-start=\"5223\" data-end=\"5256\">Kelly 25 Orange Gold Hardware<\/strong> representa la excelencia artesanal de Herm\u00e8s y una pieza destacada para cualquier colecci\u00f3n refinada.<\/p>\n","protected":false},"featured_media":24157,"template":"","meta":[],"product_brand":[2433],"product_cat":[1813,1860,1818,1820],"product_tag":[2005,2634],"class_list":{"0":"post-24151","1":"product","2":"type-product","3":"status-publish","4":"has-post-thumbnail","6":"product_brand-hermes-es","7":"product_cat-bolso","8":"product_cat-bandolera","9":"product_cat-bolso-pequeno","10":"product_cat-bolso-cruzado","11":"product_tag-hermes-kelly-25-es","12":"product_tag-kelly-25-orange","13":"pa_brand-hermes-es","14":"pa_color-naranja","15":"pa_grade-grado-2","16":"pa_grade-grado-3","17":"pa_hermes-models-kelly-es","18":"pa_material-cuero","20":"first","21":"instock","22":"sold-individually","23":"product-type-simple"},"_links":{"self":[{"href":"https:\/\/handbag-sense.com\/es\/wp-json\/wp\/v2\/product\/24151","targetHints":{"allow":["GET"]}}],"collection":[{"href":"https:\/\/handbag-sense.com\/es\/wp-json\/wp\/v2\/product"}],"about":[{"href":"https:\/\/handbag-sense.com\/es\/wp-json\/wp\/v2\/types\/product"}],"wp:featuredmedia":[{"embeddable":true,"href":"https:\/\/handbag-sense.com\/es\/wp-json\/wp\/v2\/media\/24157"}],"wp:attachment":[{"href":"https:\/\/handbag-sense.com\/es\/wp-json\/wp\/v2\/media?parent=24151"}],"wp:term":[{"taxonomy":"product_brand","embeddable":true,"href":"https:\/\/handbag-sense.com\/es\/wp-json\/wp\/v2\/product_brand?post=24151"},{"taxonomy":"product_cat","embeddable":true,"href":"https:\/\/handbag-sense.com\/es\/wp-json\/wp\/v2\/product_cat?post=24151"},{"taxonomy":"product_tag","embeddable":true,"href":"https:\/\/handbag-sense.com\/es\/wp-json\/wp\/v2\/product_tag?post=24151"}],"curies":[{"name":"wp","href":"https:\/\/api.w.org\/{rel}","templated":true}]}}