{"id":24091,"date":"2026-03-04T16:20:09","date_gmt":"2026-03-04T15:20:09","guid":{"rendered":"https:\/\/handbag-sense.com\/?post_type=product&#038;p=24091"},"modified":"2026-03-23T17:35:01","modified_gmt":"2026-03-23T16:35:01","slug":"hermes-kelly-25-swift-rose-lipstick","status":"publish","type":"product","link":"https:\/\/handbag-sense.com\/es\/producto\/hermes-kelly-25-swift-rose-lipstick\/","title":{"rendered":"Kelly 25 Swift Rose Lipstick"},"content":{"rendered":"<div class=\"c-columns-m-1 c-columns-2 c-columns-gap-s\">\n<div><strong>Material:<\/strong> Swift Cuero<br \/>\n<strong>Color:<\/strong> Rose Lipstick<br \/>\n<strong>Elementos met\u00e1licos:<\/strong> Herrajes Dorados<br \/>\n<strong>Material interior:<\/strong> Cuero<br \/>\n<strong>Grado: <\/strong>3 <img decoding=\"async\" class=\"info_box alignnone size-medium wp-image-885\" title=\"Informaci\u00f3n\" role=\"img\" src=\"https:\/\/handbag-sense.com\/wp-content\/uploads\/2023\/05\/info_icon.svg\" alt=\"Cuadro de informaci\u00f3n\" width=\"15\" height=\"15\" \/><\/div>\n<div><strong>A\u00f1o de producci\u00f3n \/ Sello:<\/strong> 2019 \/ D<br \/>\n<strong>Tama\u00f1o:<\/strong> 25 x 19 x 9 cm<br \/>\n<strong>Env\u00edo:<\/strong> A todo el mundo<br \/>\n<strong>Incluye:<\/strong> Bolsa guardapolvo, clochette, llaves, cerradura, caja<\/div>\n<\/div>\n<p><strong>Vendido a trav\u00e9s de un socio certificado:<\/strong> Este art\u00edculo procede de un socio certificado. El env\u00edo puede tardar 5\u20137 d\u00edas laborables. Se aplican la autenticaci\u00f3n, protecci\u00f3n y garant\u00eda habituales.<\/p>\n","protected":false},"excerpt":{"rendered":"<p data-start=\"3646\" data-end=\"3732\"><strong data-start=\"3646\" data-end=\"3730\">Herm\u00e8s Kelly 25 Swift Rose Lipstick con Herrajes Dorados \u2013 en excelente estado.<\/strong><\/p>\n<p data-start=\"1937\" data-end=\"2165\">Este <strong data-start=\"1942\" data-end=\"1961\">Herm\u00e8s Kelly 25<\/strong> <strong data-start=\"2170\" data-end=\"2191\">Retourne <\/strong>est\u00e1 confeccionado en suave cuero Swift en el vibrante color <strong data-start=\"2023\" data-end=\"2040\">Rose Lipstick<\/strong> y cuenta con elegantes herrajes dorados. Producido en 2019, lleva el sello del a\u00f1o <strong data-start=\"2124\" data-end=\"2129\">D<\/strong> y se encuentra en excelente estado.<\/p>\n<p data-start=\"2167\" data-end=\"2471\">El <strong data-start=\"2170\" data-end=\"2191\">Kelly 25 Rose Lipstick<\/strong> presenta una silueta estructurada pero flexible, con asa superior de cuero enrollado y una correa plana desmontable para llevarlo tambi\u00e9n al hombro. La ic\u00f3nica solapa frontal con cierre giratorio abre a un interior organizado con un bolsillo con cremallera y un bolsillo abierto.<\/p>\n<p data-start=\"2473\" data-end=\"2813\" data-is-last-node=\"\" data-is-only-node=\"\">El estado es excelente con leves signos de uso. Estos incluyen ligero desgaste en la parte superior y en las esquinas, peque\u00f1os ara\u00f1azos en el cierre, la cremallera y los herrajes, pliegues en la parte trasera, y peque\u00f1as manchas en el forro interior.<\/p>\n","protected":false},"featured_media":24080,"template":"","meta":[],"product_brand":[2433],"product_cat":[1813],"product_tag":[],"class_list":{"0":"post-24091","1":"product","2":"type-product","3":"status-publish","4":"has-post-thumbnail","6":"product_brand-hermes-es","7":"product_cat-bolso","8":"pa_brand-hermes-es","9":"pa_color-rosado","10":"pa_color-rosa-es","11":"pa_grade-grado-3","12":"pa_hermes-models-kelly-es","13":"pa_material-cuero","15":"first","16":"instock","17":"sold-individually","18":"shipping-taxable","19":"purchasable","20":"product-type-simple"},"_links":{"self":[{"href":"https:\/\/handbag-sense.com\/es\/wp-json\/wp\/v2\/product\/24091","targetHints":{"allow":["GET"]}}],"collection":[{"href":"https:\/\/handbag-sense.com\/es\/wp-json\/wp\/v2\/product"}],"about":[{"href":"https:\/\/handbag-sense.com\/es\/wp-json\/wp\/v2\/types\/product"}],"wp:featuredmedia":[{"embeddable":true,"href":"https:\/\/handbag-sense.com\/es\/wp-json\/wp\/v2\/media\/24080"}],"wp:attachment":[{"href":"https:\/\/handbag-sense.com\/es\/wp-json\/wp\/v2\/media?parent=24091"}],"wp:term":[{"taxonomy":"product_brand","embeddable":true,"href":"https:\/\/handbag-sense.com\/es\/wp-json\/wp\/v2\/product_brand?post=24091"},{"taxonomy":"product_cat","embeddable":true,"href":"https:\/\/handbag-sense.com\/es\/wp-json\/wp\/v2\/product_cat?post=24091"},{"taxonomy":"product_tag","embeddable":true,"href":"https:\/\/handbag-sense.com\/es\/wp-json\/wp\/v2\/product_tag?post=24091"}],"curies":[{"name":"wp","href":"https:\/\/api.w.org\/{rel}","templated":true}]}}