{"id":24087,"date":"2026-03-04T13:26:06","date_gmt":"2026-03-04T12:26:06","guid":{"rendered":"https:\/\/handbag-sense.com\/?post_type=product&#038;p=24087"},"modified":"2026-03-04T14:08:49","modified_gmt":"2026-03-04T13:08:49","slug":"hermes-constance-23-vintage","status":"publish","type":"product","link":"https:\/\/handbag-sense.com\/es\/producto\/hermes-constance-23-vintage\/","title":{"rendered":"Constance 23 Vintage Cocodrilo Negro"},"content":{"rendered":"<div class=\"c-columns-m-1 c-columns-2 c-columns-gap-s\">\n<div><strong>Material:<\/strong> Cuero cocodrilo<br \/>\n<strong>Color:<\/strong> Negro<br \/>\n<strong>Elementos met\u00e1licos:<\/strong> Herrajes de oro<br \/>\n<strong>Material interior:<\/strong> Cuero<\/div>\n<div><strong>Grado: <\/strong>4\u00a0<img decoding=\"async\" class=\"info_box alignnone size-medium wp-image-885\" title=\"Informaci\u00f3n\" role=\"img\" src=\"https:\/\/handbag-sense.com\/wp-content\/uploads\/2023\/05\/info_icon.svg\" alt=\"Cuadro de informaci\u00f3n\" width=\"15\" height=\"15\" \/><br \/>\n<strong>A\u00f1o de producci\u00f3n\/Sello:<\/strong> P \/ 1986<br \/>\n<strong>Tama\u00f1o:<\/strong> 23 x 17 x 5 cm<br \/>\n<strong>Naviero:<\/strong> Mundial<\/div>\n<\/div>\n<p><strong>Incluye:<\/strong> Certificado de autenticidad<\/p>\n","protected":false},"excerpt":{"rendered":"<p data-start=\"3640\" data-end=\"3735\"><strong data-start=\"3640\" data-end=\"3735\">Herm\u00e8s Constance 23 Vintage de Cocodrilo Negro con Herrajes Dorados \u2013 1986<\/strong><\/p>\n<p data-start=\"3671\" data-end=\"4222\">Este <strong data-start=\"3676\" data-end=\"3707\">Herm\u00e8s Constance Vintage<\/strong> est\u00e1 confeccionado en cuero de cocodrilo negro y adornado con elegantes herrajes dorados. Producido en <strong data-start=\"3818\" data-end=\"3826\">1986<\/strong>, este excepcional bolso de colecci\u00f3n refleja la artesan\u00eda atemporal de Herm\u00e8s. Se encuentra en muy buen estado para su antig\u00fcedad, mostrando ligeros ara\u00f1azos en los herrajes, peque\u00f1as marcas en el cuero de cocodrilo y suaves se\u00f1ales de uso que realzan su aut\u00e9ntica p\u00e1tina vintage. En el interior se observan peque\u00f1os ara\u00f1azos y algunas manchas leves, propias de un bolso vintage bien conservado.<\/p>\n<p data-start=\"4224\" data-end=\"4653\">Presentado por primera vez en 1959, el modelo Constance se convirti\u00f3 r\u00e1pidamente en uno de los dise\u00f1os m\u00e1s reconocibles de Herm\u00e8s gracias a su silueta elegante y al ic\u00f3nico cierre en forma de \u201cH\u201d. En cuero ex\u00f3tico de cocodrilo, el <strong data-start=\"4455\" data-end=\"4477\">Constance Cocodrilo Negro<\/strong>\u00a0alcanza un nivel a\u00fan mayor de exclusividad, combinando lujo refinado con rareza. Su forma estructurada y su correa ajustable permiten llevarlo c\u00f3modamente al hombro o cruzado.<\/p>\n<p data-start=\"4655\" data-end=\"4910\">Los bolsos Herm\u00e8s vintage en piel ex\u00f3tica son especialmente valorados por coleccionistas debido a su calidad artesanal y su creciente escasez. El profundo tono negro del cocodrilo, combinado con herrajes dorados, crea una est\u00e9tica sofisticada y atemporal.<\/p>\n<p data-start=\"4912\" data-end=\"5086\">Elegante, raro y con gran valor hist\u00f3rico, este <strong data-start=\"4960\" data-end=\"4998\">Herm\u00e8s Constance Vintage Crocodile<\/strong> representa una pieza distintiva de colecci\u00f3n y un s\u00edmbolo del legado de lujo de Herm\u00e8s.<\/p>\n","protected":false},"featured_media":24043,"template":"","meta":[],"product_brand":[2433],"product_cat":[1813,1860,1818,1838,1820],"product_tag":[2629],"class_list":{"0":"post-24087","1":"product","2":"type-product","3":"status-publish","4":"has-post-thumbnail","6":"product_brand-hermes-es","7":"product_cat-bolso","8":"product_cat-bandolera","9":"product_cat-bolso-pequeno","10":"product_cat-bolso-de-noche","11":"product_cat-bolso-cruzado","12":"product_tag-hermes-constance-23","13":"pa_brand-hermes-es","14":"pa_color-negro","15":"pa_grade-grado-4","16":"pa_hermes-models-constance-es","17":"pa_material-cuero-exotico","19":"first","20":"instock","21":"shipping-taxable","22":"purchasable","23":"product-type-simple"},"_links":{"self":[{"href":"https:\/\/handbag-sense.com\/es\/wp-json\/wp\/v2\/product\/24087","targetHints":{"allow":["GET"]}}],"collection":[{"href":"https:\/\/handbag-sense.com\/es\/wp-json\/wp\/v2\/product"}],"about":[{"href":"https:\/\/handbag-sense.com\/es\/wp-json\/wp\/v2\/types\/product"}],"wp:featuredmedia":[{"embeddable":true,"href":"https:\/\/handbag-sense.com\/es\/wp-json\/wp\/v2\/media\/24043"}],"wp:attachment":[{"href":"https:\/\/handbag-sense.com\/es\/wp-json\/wp\/v2\/media?parent=24087"}],"wp:term":[{"taxonomy":"product_brand","embeddable":true,"href":"https:\/\/handbag-sense.com\/es\/wp-json\/wp\/v2\/product_brand?post=24087"},{"taxonomy":"product_cat","embeddable":true,"href":"https:\/\/handbag-sense.com\/es\/wp-json\/wp\/v2\/product_cat?post=24087"},{"taxonomy":"product_tag","embeddable":true,"href":"https:\/\/handbag-sense.com\/es\/wp-json\/wp\/v2\/product_tag?post=24087"}],"curies":[{"name":"wp","href":"https:\/\/api.w.org\/{rel}","templated":true}]}}