{"id":24007,"date":"2026-02-28T12:12:15","date_gmt":"2026-02-28T11:12:15","guid":{"rendered":"https:\/\/handbag-sense.com\/?post_type=product&#038;p=24007"},"modified":"2026-02-28T12:35:06","modified_gmt":"2026-02-28T11:35:06","slug":"hermes-kelly-pochette-swift-oro","status":"publish","type":"product","link":"https:\/\/handbag-sense.com\/es\/producto\/hermes-kelly-pochette-swift-oro\/","title":{"rendered":"Kelly Pochette Swift Oro"},"content":{"rendered":"<div class=\"c-columns-m-1 c-columns-2 c-columns-gap-s\">\n<div><strong>Material:<\/strong> Cuero Swift<br \/>\n<strong>Color:<\/strong> Oro<br \/>\n<strong>Elementos met\u00e1licos:<\/strong> Herrajes Dorados<\/div>\n<div><strong>Material interior:<\/strong> Cuero<\/div>\n<div><strong>Grado:<\/strong> 1 <img decoding=\"async\" class=\"info_box alignnone size-medium wp-image-885\" title=\"Informaci\u00f3n\" role=\"img\" src=\"https:\/\/handbag-sense.com\/wp-content\/uploads\/2023\/05\/info_icon.svg\" alt=\"Cuadro de informaci\u00f3n\" width=\"15\" height=\"15\" \/><br \/>\n<strong>A\u00f1o de producci\u00f3n \/ Sello:<\/strong> 2025 \/ K<br \/>\n<strong>Tama\u00f1o:<\/strong> 22 x 13 x 7 cm<br \/>\n<strong>Env\u00edo:<\/strong> A todo el mundo<\/div>\n<\/div>\n<p><strong>Incluye:<\/strong> Recibo original, bolsa guardapolvo, fieltro, folleto, caja<\/p>\n","protected":false},"excerpt":{"rendered":"<p data-start=\"3812\" data-end=\"3899\"><strong data-start=\"3812\" data-end=\"3897\">Herm\u00e8s Kelly Pochette Swift Oro con Herrajes Dorados \u2013 Nueva\u00a0<\/strong><\/p>\n<p data-start=\"3901\" data-end=\"4443\">Esta <strong>exquisita Pochette Kelly de Herm\u00e8s<\/strong> est\u00e1 hecha a mano con cuero Swift en el cl\u00e1sico color dorado, complementada con elegantes herrajes dorados.\u00a0 La pieza est\u00e1 totalmente nueva y nunca usada, con el sello K (2025), y se entrega con el recibo original, dust bag y la emblem\u00e1tica caja naranja de Herm\u00e8s.<\/p>\n<p data-start=\"3901\" data-end=\"4443\">Como una interpretaci\u00f3n minimalista de la ic\u00f3nica l\u00ednea Kelly, esta <strong data-start=\"4513\" data-end=\"4538\">Herm\u00e8s Kelly Pochette<\/strong> combina elegancia atemporal con una artesan\u00eda impecable. El cuero Swift aporta suavidad, fluidez y una presencia lujosa, mientras que la tonalidad Gold a\u00f1ade profundidad y sofisticaci\u00f3n, convirti\u00e9ndola en una de las novedades m\u00e1s destacadas del universo Herm\u00e8s.<\/p>\n<p data-start=\"4806\" data-end=\"5075\">Su silueta compacta rinde homenaje al dise\u00f1o de la <strong data-start=\"4857\" data-end=\"4885\">Herm\u00e8s Mini Kelly Clutch<\/strong>, ofreciendo la esencia de la Kelly en un formato ideal para eventos y ocasiones especiales. La forma estilizada, el asa superior y el cl\u00e1sico cierre turn-lock subrayan su car\u00e1cter refinado.<\/p>\n<p data-start=\"5077\" data-end=\"5416\">Su exclusividad la posiciona como una <strong data-start=\"5263\" data-end=\"5282\">rare Herm\u00e8s bag<\/strong>, y su relevancia moderna la eleva al rango de <strong data-start=\"5329\" data-end=\"5359\">luxury collectible handbag<\/strong>, una inversi\u00f3n distinguida con permanencia en el tiempo.<\/p>\n","protected":false},"featured_media":18404,"template":"","meta":[],"product_brand":[2433],"product_cat":[1818,1840,1838],"product_tag":[2143,2364],"class_list":{"0":"post-24007","1":"product","2":"type-product","3":"status-publish","4":"has-post-thumbnail","6":"product_brand-hermes-es","7":"product_cat-bolso-pequeno","8":"product_cat-clutch-pochette","9":"product_cat-bolso-de-noche","10":"product_tag-hermes-kelly-pochette-es","11":"product_tag-kelly-pochette-oro","12":"pa_brand-hermes-es","13":"pa_color-oro","14":"pa_grade-grado-1","15":"pa_material-cuero","17":"first","18":"outofstock","19":"sold-individually","20":"product-type-simple"},"_links":{"self":[{"href":"https:\/\/handbag-sense.com\/es\/wp-json\/wp\/v2\/product\/24007","targetHints":{"allow":["GET"]}}],"collection":[{"href":"https:\/\/handbag-sense.com\/es\/wp-json\/wp\/v2\/product"}],"about":[{"href":"https:\/\/handbag-sense.com\/es\/wp-json\/wp\/v2\/types\/product"}],"wp:featuredmedia":[{"embeddable":true,"href":"https:\/\/handbag-sense.com\/es\/wp-json\/wp\/v2\/media\/18404"}],"wp:attachment":[{"href":"https:\/\/handbag-sense.com\/es\/wp-json\/wp\/v2\/media?parent=24007"}],"wp:term":[{"taxonomy":"product_brand","embeddable":true,"href":"https:\/\/handbag-sense.com\/es\/wp-json\/wp\/v2\/product_brand?post=24007"},{"taxonomy":"product_cat","embeddable":true,"href":"https:\/\/handbag-sense.com\/es\/wp-json\/wp\/v2\/product_cat?post=24007"},{"taxonomy":"product_tag","embeddable":true,"href":"https:\/\/handbag-sense.com\/es\/wp-json\/wp\/v2\/product_tag?post=24007"}],"curies":[{"name":"wp","href":"https:\/\/api.w.org\/{rel}","templated":true}]}}