{"id":24004,"date":"2026-02-27T17:42:06","date_gmt":"2026-02-27T16:42:06","guid":{"rendered":"https:\/\/handbag-sense.com\/?post_type=product&#038;p=24004"},"modified":"2026-02-27T18:11:53","modified_gmt":"2026-02-27T17:11:53","slug":"chanel-medium-classic-rosa-palido","status":"publish","type":"product","link":"https:\/\/handbag-sense.com\/es\/producto\/chanel-medium-classic-rosa-palido\/","title":{"rendered":"Medium Classic Rosa P\u00e1lido Double Flap Caviar"},"content":{"rendered":"<div class=\"c-columns-m-1 c-columns-2 c-columns-gap-s\">\n<div><strong>Material:<\/strong> Piel de cordero<br \/>\n<strong>Color:<\/strong> Rosa P\u00e1lido<br \/>\n<strong>Elementos met\u00e1licos:<\/strong> Herrajes paladios<br \/>\n<strong>Material interior:<\/strong> Cuero<br \/>\n<strong>Grado: <\/strong>4 <img decoding=\"async\" class=\"info_box alignnone size-medium wp-image-885\" title=\"Informaci\u00f3n\" role=\"img\" src=\"https:\/\/handbag-sense.com\/wp-content\/uploads\/2023\/05\/info_icon.svg\" alt=\"Cuadro de informaci\u00f3n\" width=\"15\" height=\"15\" \/><\/div>\n<div><strong>A\u00f1o de producci\u00f3n\/c\u00f3digo de serie:<\/strong> 2014, a partir de 190...<br \/>\n<strong>Medidas:<\/strong> 25,5 x 15,5 x 6,5 cm<br \/>\n<strong>Env\u00edo:<\/strong> A todo el mundo<br \/>\n<strong>Incluye: <\/strong>tarjeta de autenticidad<\/div>\n<\/div>\n<p><strong>Vendido a trav\u00e9s de un socio certificado:<\/strong> Este art\u00edculo procede de un socio certificado. El env\u00edo puede tardar 5\u20137 d\u00edas laborables. Se aplican la autenticaci\u00f3n, protecci\u00f3n y garant\u00eda habituales.<\/p>\n","protected":false},"excerpt":{"rendered":"<p data-start=\"3707\" data-end=\"3814\"><strong data-start=\"3707\" data-end=\"3812\">Chanel Medium Classic Rosa P\u00e1lido Double Flap Caviar con Herrajes Paladios\u00a0<\/strong><\/p>\n<p data-start=\"2083\" data-end=\"2364\">El <strong data-start=\"2086\" data-end=\"2123\">Chanel Medium Double Flap<\/strong> en cuero caviar rosa p\u00e1lido con herrajes paladios es un s\u00edmbolo de elegancia atemporal. Confeccionado en resistente cuero caviar acolchado, este bolso de hombro presenta la emblem\u00e1tica cadena entrelazada con cuero y el ic\u00f3nico cierre giratorio CC.<\/p>\n<p data-start=\"2366\" data-end=\"2554\">El dise\u00f1o incluye doble solapa frontal, bolsillo exterior trasero y compartimentos interiores con bolsillo con cremallera y bolsillo abierto, ofreciendo estructura y organizaci\u00f3n pr\u00e1ctica.<\/p>\n<p data-start=\"2556\" data-end=\"2899\">El estado es muy bueno, con peque\u00f1os ara\u00f1azos en herrajes, cremallera y cierre. La correa y las esquinas presentan desgaste leve. Tambi\u00e9n se observan ligeras manchas en la parte frontal, superior, trasera, en la correa, el forro interior y el bolsillo interior.<\/p>\n<p data-start=\"2901\" data-end=\"3063\" data-is-last-node=\"\" data-is-only-node=\"\">El Chanel Medium Rosa P\u00e1lido Caviar es una pieza de colecci\u00f3n muy codiciada, reconocida por su valor de inversi\u00f3n y su relevancia duradera a lo largo del tiempo.<\/p>\n","protected":false},"featured_media":23907,"template":"","meta":[],"product_brand":[2418],"product_cat":[1813,1860,1838],"product_tag":[1945],"class_list":{"0":"post-24004","1":"product","2":"type-product","3":"status-publish","4":"has-post-thumbnail","6":"product_brand-chanel-es","7":"product_cat-bolso","8":"product_cat-bandolera","9":"product_cat-bolso-de-noche","10":"product_tag-chanel-clasico-medio","11":"pa_brand-chanel-es","12":"pa_chanel-models-timeless-classique-es","13":"pa_color-rosado","14":"pa_color-rosa-es","15":"pa_grade-grado-4","16":"pa_material-cuero","18":"first","19":"outofstock","20":"sold-individually","21":"shipping-taxable","22":"product-type-simple"},"_links":{"self":[{"href":"https:\/\/handbag-sense.com\/es\/wp-json\/wp\/v2\/product\/24004","targetHints":{"allow":["GET"]}}],"collection":[{"href":"https:\/\/handbag-sense.com\/es\/wp-json\/wp\/v2\/product"}],"about":[{"href":"https:\/\/handbag-sense.com\/es\/wp-json\/wp\/v2\/types\/product"}],"wp:featuredmedia":[{"embeddable":true,"href":"https:\/\/handbag-sense.com\/es\/wp-json\/wp\/v2\/media\/23907"}],"wp:attachment":[{"href":"https:\/\/handbag-sense.com\/es\/wp-json\/wp\/v2\/media?parent=24004"}],"wp:term":[{"taxonomy":"product_brand","embeddable":true,"href":"https:\/\/handbag-sense.com\/es\/wp-json\/wp\/v2\/product_brand?post=24004"},{"taxonomy":"product_cat","embeddable":true,"href":"https:\/\/handbag-sense.com\/es\/wp-json\/wp\/v2\/product_cat?post=24004"},{"taxonomy":"product_tag","embeddable":true,"href":"https:\/\/handbag-sense.com\/es\/wp-json\/wp\/v2\/product_tag?post=24004"}],"curies":[{"name":"wp","href":"https:\/\/api.w.org\/{rel}","templated":true}]}}