{"id":23882,"date":"2026-02-25T16:32:26","date_gmt":"2026-02-25T15:32:26","guid":{"rendered":"https:\/\/handbag-sense.com\/?post_type=product&#038;p=23882"},"modified":"2026-02-25T17:30:06","modified_gmt":"2026-02-25T16:30:06","slug":"chanel-medium-classic-azul-marino","status":"publish","type":"product","link":"https:\/\/handbag-sense.com\/es\/producto\/chanel-medium-classic-azul-marino\/","title":{"rendered":"Medium Classic Azul Marino Double Flap Caviar"},"content":{"rendered":"<div class=\"c-columns-m-1 c-columns-2 c-columns-gap-s\">\n<div><strong>Material:<\/strong> Piel de cordero<br \/>\n<strong>Color:<\/strong> Azul marino<br \/>\n<strong>Elementos met\u00e1licos:<\/strong> Herrajes plateados<br \/>\n<strong>Material interior:<\/strong> Cuero<br \/>\n<strong>Grado: <\/strong>4 <img decoding=\"async\" class=\"info_box alignnone size-medium wp-image-885\" title=\"Informaci\u00f3n\" role=\"img\" src=\"https:\/\/handbag-sense.com\/wp-content\/uploads\/2023\/05\/info_icon.svg\" alt=\"Cuadro de informaci\u00f3n\" width=\"15\" height=\"15\" \/><\/div>\n<div><strong>A\u00f1o de producci\u00f3n\/c\u00f3digo de serie:<\/strong> 2014, a partir de 190...<br \/>\n<strong>Medidas:<\/strong> 25,5 x 15,5 x 6,5 cm<br \/>\n<strong>Env\u00edo:<\/strong> A todo el mundo<br \/>\n<strong>Incluye: <\/strong>tarjeta de autenticidad<\/div>\n<\/div>\n<p><strong>Vendido a trav\u00e9s de un socio certificado:<\/strong> Este art\u00edculo procede de un socio certificado. El env\u00edo puede tardar 5\u20137 d\u00edas laborables. Se aplican la autenticaci\u00f3n, protecci\u00f3n y garant\u00eda habituales.<\/p>\n","protected":false},"excerpt":{"rendered":"<p data-start=\"3707\" data-end=\"3814\"><strong data-start=\"3707\" data-end=\"3812\">Chanel Medium Classic Azul Marino Double Flap Caviar con Herrajes Plateados<\/strong><\/p>\n<p data-start=\"1760\" data-end=\"2080\">El <strong data-start=\"1763\" data-end=\"1800\">Chanel Medium Double Flap<\/strong> en cuero caviar azul marino con herrajes plateados es un icono atemporal de elegancia y sofisticaci\u00f3n. Confeccionado en resistente cuero caviar acolchado, este bolso de hombro presenta la emblem\u00e1tica cadena entrelazada con cuero y el ic\u00f3nico cierre giratorio CC en tono plateado.<\/p>\n<p data-start=\"2082\" data-end=\"2257\">El dise\u00f1o incluye doble solapa frontal, bolsillo exterior trasero y un interior estructurado con bolsillo con cremallera y bolsillo abierto, combinando estilo y funcionalidad.<\/p>\n<p data-start=\"2259\" data-end=\"2470\">El estado es muy bueno, con desgaste leve en la correa y en los laterales exteriores. El cierre, la cremallera y los herrajes presentan peque\u00f1os ara\u00f1azos. El bolso viene con su tarjeta de autenticidad.<\/p>\n","protected":false},"featured_media":23867,"template":"","meta":[],"product_brand":[2418],"product_cat":[1813,1860,1838],"product_tag":[1945],"class_list":{"0":"post-23882","1":"product","2":"type-product","3":"status-publish","4":"has-post-thumbnail","6":"product_brand-chanel-es","7":"product_cat-bolso","8":"product_cat-bandolera","9":"product_cat-bolso-de-noche","10":"product_tag-chanel-clasico-medio","11":"pa_brand-chanel-es","12":"pa_chanel-models-timeless-classique-es","13":"pa_color-azul","14":"pa_grade-grado-4","15":"pa_material-cuero","17":"first","18":"outofstock","19":"sold-individually","20":"shipping-taxable","21":"product-type-simple"},"_links":{"self":[{"href":"https:\/\/handbag-sense.com\/es\/wp-json\/wp\/v2\/product\/23882","targetHints":{"allow":["GET"]}}],"collection":[{"href":"https:\/\/handbag-sense.com\/es\/wp-json\/wp\/v2\/product"}],"about":[{"href":"https:\/\/handbag-sense.com\/es\/wp-json\/wp\/v2\/types\/product"}],"wp:featuredmedia":[{"embeddable":true,"href":"https:\/\/handbag-sense.com\/es\/wp-json\/wp\/v2\/media\/23867"}],"wp:attachment":[{"href":"https:\/\/handbag-sense.com\/es\/wp-json\/wp\/v2\/media?parent=23882"}],"wp:term":[{"taxonomy":"product_brand","embeddable":true,"href":"https:\/\/handbag-sense.com\/es\/wp-json\/wp\/v2\/product_brand?post=23882"},{"taxonomy":"product_cat","embeddable":true,"href":"https:\/\/handbag-sense.com\/es\/wp-json\/wp\/v2\/product_cat?post=23882"},{"taxonomy":"product_tag","embeddable":true,"href":"https:\/\/handbag-sense.com\/es\/wp-json\/wp\/v2\/product_tag?post=23882"}],"curies":[{"name":"wp","href":"https:\/\/api.w.org\/{rel}","templated":true}]}}