{"id":23822,"date":"2026-02-24T14:05:29","date_gmt":"2026-02-24T13:05:29","guid":{"rendered":"https:\/\/handbag-sense.com\/?post_type=product&#038;p=23822"},"modified":"2026-02-24T15:44:29","modified_gmt":"2026-02-24T14:44:29","slug":"chanel-medium-classic-double-flap","status":"publish","type":"product","link":"https:\/\/handbag-sense.com\/es\/producto\/chanel-medium-classic-double-flap\/","title":{"rendered":"Medium Classic Double Flap Negra"},"content":{"rendered":"<div class=\"c-columns-m-1 c-columns-2 c-columns-gap-s\">\n<div><strong>Material:<\/strong> Piel de cordero<br \/>\n<strong>Color:<\/strong> Negro<br \/>\n<strong>Elementos met\u00e1licos:<\/strong> Herrajes plateados<br \/>\n<strong>Material interior:<\/strong> Cuero<br \/>\n<strong>Grado: <\/strong>4\/5 <img decoding=\"async\" class=\"info_box alignnone size-medium wp-image-885\" title=\"Informaci\u00f3n\" role=\"img\" src=\"https:\/\/handbag-sense.com\/wp-content\/uploads\/2023\/05\/info_icon.svg\" alt=\"Cuadro de informaci\u00f3n\" width=\"15\" height=\"15\" \/><\/div>\n<div>\n<strong>A\u00f1o de producci\u00f3n\/c\u00f3digo de serie:<\/strong> 2011, a partir de 144...<br \/>\n<strong>Medidas:<\/strong> 25,5 x 15,5 x 6,5 cm<br \/>\n<strong>Env\u00edo:<\/strong> A todo el mundo<br \/>\n<strong>Incluye: <\/strong>solo el bolso<\/div>\n<\/div>\n<p><strong>Vendido a trav\u00e9s de un socio certificado:<\/strong> Este art\u00edculo procede de un socio certificado. El env\u00edo puede tardar 5\u20137 d\u00edas laborables. Se aplican la autenticaci\u00f3n, protecci\u00f3n y garant\u00eda habituales.<\/p>\n","protected":false},"excerpt":{"rendered":"<p data-start=\"3707\" data-end=\"3814\"><strong data-start=\"3707\" data-end=\"3812\">Chanel Medium Classic Double Flap Negra con Herrajes Plateados \u2013 Buen estado<\/strong><\/p>\n<p data-start=\"2123\" data-end=\"2433\">El <strong data-start=\"2126\" data-end=\"2163\">Chanel Medium Double Flap<\/strong> en piel de cordero negra con herrajes plateados es uno de los dise\u00f1os m\u00e1s ic\u00f3nicos de la maison. Con su caracter\u00edstico acolchado, cadena entrelazada en cuero y el emblem\u00e1tico cierre giratorio con las CC entrelazadas, este bolso de hombro representa elegancia atemporal.<\/p>\n<p data-start=\"2435\" data-end=\"2673\">Cuenta con doble solapa frontal, bolsillo trasero exterior y varios compartimentos interiores con bolsillo con cremallera y bolsillo abierto. El interior est\u00e1 forrado en cuero color burdeos intenso, un detalle distintivo del Classic Flap.<\/p>\n<p data-start=\"2675\" data-end=\"2988\">El estado es bueno a muy bueno. Presenta signos leves de uso, como peque\u00f1os ara\u00f1azos, ligeras arrugas y desgaste en esquinas, base, laterales y parte trasera. Los herrajes muestran ara\u00f1azos m\u00ednimos y las asas presentan ligero desgaste y peque\u00f1as manchas. El forro interior tambi\u00e9n muestra leves marcas y pliegues.<\/p>\n<p data-start=\"2990\" data-end=\"3081\" data-is-last-node=\"\" data-is-only-node=\"\">Una aut\u00e9ntica pieza de colecci\u00f3n, s\u00edmbolo de lujo, prestigio y valor de inversi\u00f3n duradero.<\/p>\n","protected":false},"featured_media":23761,"template":"","meta":[],"product_brand":[2418],"product_cat":[1813,1860,1838],"product_tag":[1945,2348,2349],"class_list":{"0":"post-23822","1":"product","2":"type-product","3":"status-publish","4":"has-post-thumbnail","6":"product_brand-chanel-es","7":"product_cat-bolso","8":"product_cat-bandolera","9":"product_cat-bolso-de-noche","10":"product_tag-chanel-clasico-medio","11":"product_tag-chanel-clasico-negro","12":"product_tag-chanel-negro-medio","13":"pa_brand-chanel-es","14":"pa_chanel-models-timeless-classique-es","15":"pa_color-negro","16":"pa_grade-grado-4","17":"pa_grade-grado-5","18":"pa_material-cuero","20":"first","21":"outofstock","22":"sold-individually","23":"shipping-taxable","24":"product-type-simple"},"_links":{"self":[{"href":"https:\/\/handbag-sense.com\/es\/wp-json\/wp\/v2\/product\/23822","targetHints":{"allow":["GET"]}}],"collection":[{"href":"https:\/\/handbag-sense.com\/es\/wp-json\/wp\/v2\/product"}],"about":[{"href":"https:\/\/handbag-sense.com\/es\/wp-json\/wp\/v2\/types\/product"}],"wp:featuredmedia":[{"embeddable":true,"href":"https:\/\/handbag-sense.com\/es\/wp-json\/wp\/v2\/media\/23761"}],"wp:attachment":[{"href":"https:\/\/handbag-sense.com\/es\/wp-json\/wp\/v2\/media?parent=23822"}],"wp:term":[{"taxonomy":"product_brand","embeddable":true,"href":"https:\/\/handbag-sense.com\/es\/wp-json\/wp\/v2\/product_brand?post=23822"},{"taxonomy":"product_cat","embeddable":true,"href":"https:\/\/handbag-sense.com\/es\/wp-json\/wp\/v2\/product_cat?post=23822"},{"taxonomy":"product_tag","embeddable":true,"href":"https:\/\/handbag-sense.com\/es\/wp-json\/wp\/v2\/product_tag?post=23822"}],"curies":[{"name":"wp","href":"https:\/\/api.w.org\/{rel}","templated":true}]}}