{"id":23816,"date":"2026-02-23T17:04:08","date_gmt":"2026-02-23T16:04:08","guid":{"rendered":"https:\/\/handbag-sense.com\/?post_type=product&#038;p=23816"},"modified":"2026-02-24T15:40:45","modified_gmt":"2026-02-24T14:40:45","slug":"hermes-birkin-35-togo-negro-3","status":"publish","type":"product","link":"https:\/\/handbag-sense.com\/es\/producto\/hermes-birkin-35-togo-negro-3\/","title":{"rendered":"Birkin 35 Togo Negro"},"content":{"rendered":"<div class=\"c-columns-m-1 c-columns-2 c-columns-gap-s\">\n<div><strong>Material:<\/strong> Togo Cuero<br \/>\n<strong>Color:<\/strong> Negro<br \/>\n<strong>Elementos met\u00e1licos:<\/strong> Herrajes en paladio<br \/>\n<strong>Material interior:<\/strong> Cuero<br \/>\n<strong>Grado: <\/strong>5 <img decoding=\"async\" class=\"info_box alignnone size-medium wp-image-885\" title=\"Informaci\u00f3n\" role=\"img\" src=\"https:\/\/handbag-sense.com\/wp-content\/uploads\/2023\/05\/info_icon.svg\" alt=\"Cuadro de informaci\u00f3n\" width=\"15\" height=\"15\" \/><\/div>\n<div>\n<strong>A\u00f1o de producci\u00f3n \/ Sello:<\/strong> 2008\/\u25a2L<br \/>\n<strong>Tama\u00f1o:<\/strong> 35 x 29 x 18 cm<br \/>\n<strong>Env\u00edo:<\/strong> A todo el mundo<br \/>\n<strong>Incluye:<\/strong>\u00a0 clochette, llaves, cerradura<\/div>\n<\/div>\n<p><strong>Vendido a trav\u00e9s de un socio certificado:<\/strong> Este art\u00edculo procede de un socio certificado. El env\u00edo puede tardar 5\u20137 d\u00edas laborables. Se aplican la autenticaci\u00f3n, protecci\u00f3n y garant\u00eda habituales.<\/p>\n","protected":false},"excerpt":{"rendered":"<div class=\"flex flex-col text-sm\">\n<article class=\"text-token-text-primary w-full focus:outline-none [--shadow-height:45px] has-data-writing-block:pointer-events-none has-data-writing-block:-mt-(--shadow-height) has-data-writing-block:pt-(--shadow-height) [&amp;:has([data-writing-block])&gt;*]:pointer-events-auto scroll-mt-[calc(var(--header-height)+min(200px,max(70px,20svh)))]\" dir=\"auto\" tabindex=\"-1\" data-turn-id=\"request-WEB:54ec83c2-52b2-4cbd-bec2-1d2e5f6d9546-14\" data-testid=\"conversation-turn-12\" data-scroll-anchor=\"true\" data-turn=\"assistant\">\n<div class=\"text-base my-auto mx-auto pb-10 [--thread-content-margin:--spacing(4)] @w-sm\/main:[--thread-content-margin:--spacing(6)] @w-lg\/main:[--thread-content-margin:--spacing(16)] px-(--thread-content-margin)\">\n<div class=\"[--thread-content-max-width:40rem] @w-lg\/main:[--thread-content-max-width:48rem] mx-auto max-w-(--thread-content-max-width) flex-1 group\/turn-messages focus-visible:outline-hidden relative flex w-full min-w-0 flex-col agent-turn\" tabindex=\"-1\">\n<div class=\"flex max-w-full flex-col grow\">\n<div class=\"min-h-8 text-message relative flex w-full flex-col items-end gap-2 text-start break-words whitespace-normal [.text-message+&amp;]:mt-1\" dir=\"auto\" data-message-author-role=\"assistant\" data-message-id=\"aa5ea4b3-595c-43ae-ac35-85a53ac57302\" data-message-model-slug=\"gpt-5-2\">\n<div class=\"flex w-full flex-col gap-1 empty:hidden first:pt-[1px]\">\n<div class=\"markdown prose dark:prose-invert w-full wrap-break-word light markdown-new-styling\">\n<p data-start=\"0\" data-end=\"60\"><strong><span class=\"hover:entity-accent entity-underline inline cursor-pointer align-baseline\"><span class=\"whitespace-normal\">Herm\u00e8s<\/span><\/span> Birkin 35 Togo Negro con Herrajes en Paladio<\/strong><\/p>\n<p data-start=\"62\" data-end=\"417\">Este<strong> Birkin 35<\/strong> est\u00e1 elaborado en resistente y finamente granulado cuero Togo en el cl\u00e1sico color negro. Presenta asas de cuero enrolladas y el ic\u00f3nico cierre frontal con solapa y giro. El interior espacioso incluye un bolsillo con cremallera y un bolsillo abierto, ofreciendo una organizaci\u00f3n elegante y pr\u00e1ctica para los objetos esenciales del d\u00eda a d\u00eda.<\/p>\n<p data-start=\"419\" data-end=\"939\">El estado general es bueno. El exterior muestra ligeras arrugas en la parte frontal, los laterales y la parte trasera, as\u00ed como peque\u00f1as manchas en la parte frontal, trasera, base y asas. Las esquinas y la base presentan un desgaste leve. Las asas muestran un uso ligero, peque\u00f1as manchas y ligeras costuras sueltas. Los herrajes, la llave, la cremallera, el cierre y los elementos funcionales presentan peque\u00f1os ara\u00f1azos. El forro interior y el bolsillo interior muestran ligeras manchas y finos ara\u00f1azos superficiales.<\/p>\n<p data-start=\"941\" data-end=\"1216\" data-is-last-node=\"\" data-is-only-node=\"\">El <strong>Birkin 35<\/strong> <strong>negro<\/strong> es una opci\u00f3n atemporal y muy vers\u00e1til, apreciada por su elegancia discreta y funcionalidad. Este modelo ic\u00f3nico es uno de los m\u00e1s deseados en el mundo del lujo, reconocido por su artesan\u00eda, herencia y s\u00f3lida retenci\u00f3n de valor en el mercado de reventa.<\/p>\n<\/div>\n<\/div>\n<\/div>\n<\/div>\n<\/div>\n<\/div>\n<\/article>\n<\/div>\n","protected":false},"featured_media":23675,"template":"","meta":[],"product_brand":[2433],"product_cat":[1813],"product_tag":[1895],"class_list":{"0":"post-23816","1":"product","2":"type-product","3":"status-publish","4":"has-post-thumbnail","6":"product_brand-hermes-es","7":"product_cat-bolso","8":"product_tag-bolso-birkin-hermes","9":"pa_brand-hermes-es","10":"pa_color-negro","11":"pa_grade-grado-5","12":"pa_hermes-models-birkin-es","13":"pa_material-cuero","15":"first","16":"outofstock","17":"sold-individually","18":"shipping-taxable","19":"product-type-simple"},"_links":{"self":[{"href":"https:\/\/handbag-sense.com\/es\/wp-json\/wp\/v2\/product\/23816","targetHints":{"allow":["GET"]}}],"collection":[{"href":"https:\/\/handbag-sense.com\/es\/wp-json\/wp\/v2\/product"}],"about":[{"href":"https:\/\/handbag-sense.com\/es\/wp-json\/wp\/v2\/types\/product"}],"wp:featuredmedia":[{"embeddable":true,"href":"https:\/\/handbag-sense.com\/es\/wp-json\/wp\/v2\/media\/23675"}],"wp:attachment":[{"href":"https:\/\/handbag-sense.com\/es\/wp-json\/wp\/v2\/media?parent=23816"}],"wp:term":[{"taxonomy":"product_brand","embeddable":true,"href":"https:\/\/handbag-sense.com\/es\/wp-json\/wp\/v2\/product_brand?post=23816"},{"taxonomy":"product_cat","embeddable":true,"href":"https:\/\/handbag-sense.com\/es\/wp-json\/wp\/v2\/product_cat?post=23816"},{"taxonomy":"product_tag","embeddable":true,"href":"https:\/\/handbag-sense.com\/es\/wp-json\/wp\/v2\/product_tag?post=23816"}],"curies":[{"name":"wp","href":"https:\/\/api.w.org\/{rel}","templated":true}]}}