{"id":23621,"date":"2026-02-23T12:59:41","date_gmt":"2026-02-23T11:59:41","guid":{"rendered":"https:\/\/handbag-sense.com\/?post_type=product&#038;p=23621"},"modified":"2026-03-23T17:40:02","modified_gmt":"2026-03-23T16:40:02","slug":"hermes-birkin-30-etoupe-togo","status":"publish","type":"product","link":"https:\/\/handbag-sense.com\/es\/producto\/hermes-birkin-30-etoupe-togo\/","title":{"rendered":"Birkin 30 Etoupe Togo"},"content":{"rendered":"<div class=\"c-columns-m-1 c-columns-2 c-columns-gap-s\">\n<div><strong>Material:<\/strong> Togo Cuero<br \/>\n<strong>Color:<\/strong> Etoupe<br \/>\n<strong>Elementos met\u00e1licos:<\/strong> Herrajes Dorados<br \/>\n<strong>Material interior:<\/strong> Cuero<br \/>\n<strong>Grado: <\/strong>5 <img decoding=\"async\" class=\"info_box alignnone size-medium wp-image-885\" title=\"Informaci\u00f3n\" role=\"img\" src=\"https:\/\/handbag-sense.com\/wp-content\/uploads\/2023\/05\/info_icon.svg\" alt=\"Cuadro de informaci\u00f3n\" width=\"15\" height=\"15\" \/><\/div>\n<div><strong>A\u00f1o de producci\u00f3n \/ Sello:<\/strong> 2016 \/ X<br \/>\n<strong>Tama\u00f1o:<\/strong> 30 x 22 x 16 cm<br \/>\n<strong>Env\u00edo:<\/strong> A todo el mundo<br \/>\n<strong>Incluye:<\/strong> Bolsa guardapolvo, clochette, llaves, cerradura<\/div>\n<\/div>\n<p><strong>Vendido a trav\u00e9s de un socio certificado:<\/strong> Este art\u00edculo procede de un socio certificado. El env\u00edo puede tardar 5\u20137 d\u00edas laborables. Se aplican la autenticaci\u00f3n, protecci\u00f3n y garant\u00eda habituales.<\/p>\n","protected":false},"excerpt":{"rendered":"<p data-start=\"3646\" data-end=\"3732\"><strong data-start=\"3646\" data-end=\"3730\">Herm\u00e8s Birkin 30 Etoupe Togo con Herrajes Dorados \u2013 2016<\/strong><\/p>\n<p data-start=\"1701\" data-end=\"1913\">Este <strong data-start=\"1706\" data-end=\"1726\">Herm\u00e8s Birkin 30<\/strong> est\u00e1 confeccionado en resistente cuero Togo en el ic\u00f3nico color Etoupe y cuenta con elegantes herrajes dorados. Producido en 2016, lleva el sello del a\u00f1o X y se encuentra en buen estado.<\/p>\n<p data-start=\"1915\" data-end=\"2154\">El <strong>Birkin 30 Togo Etoupe<\/strong> presenta asas de cuero enrollado y el caracter\u00edstico cierre giratorio chapado en oro. Su espacioso interior incluye un bolsillo con cremallera y un bolsillo abierto, ofreciendo una organizaci\u00f3n pr\u00e1ctica y refinada.<\/p>\n<p data-start=\"2156\" data-end=\"2383\">El estado general es bueno, con peque\u00f1os ara\u00f1azos en los herrajes, el cierre, el forro interior y los bolsillos internos. Las esquinas muestran un desgaste leve y han sido parcialmente repintadas, al igual que la base exterior.<\/p>\n<p data-start=\"2385\" data-end=\"2482\" data-is-last-node=\"\" data-is-only-node=\"\">El bolso viene con su clochette de cuero, juego de llaves y bolsa guardapolvo original de Herm\u00e8s.<\/p>\n<p data-start=\"4515\" data-end=\"4903\">El tama\u00f1o de 30 cm es considerado el m\u00e1s vers\u00e1til de la l\u00ednea Birkin, ofreciendo amplio espacio sin perder elegancia. Muy valorado por coleccionistas y conocedores, este modelo destaca tanto por su belleza como por su valor sostenido. El <strong data-start=\"4753\" data-end=\"4777\">Birkin 30 Etoupe<\/strong> es reconocido como una aut\u00e9ntica <strong data-start=\"4811\" data-end=\"4836\">luxury investment bag<\/strong>, gracias a su rareza y demanda constante en el mercado secundario.<\/p>\n","protected":false},"featured_media":23653,"template":"","meta":[],"product_brand":[2433],"product_cat":[1813],"product_tag":[1917,1895,1897],"class_list":{"0":"post-23621","1":"product","2":"type-product","3":"status-publish","4":"has-post-thumbnail","6":"product_brand-hermes-es","7":"product_cat-bolso","8":"product_tag-birkin-30-oro","9":"product_tag-bolso-birkin-hermes","10":"product_tag-hermes-birkin-30-es","11":"pa_brand-hermes-es","12":"pa_color-marron","13":"pa_color-taupe-es","14":"pa_grade-grado-5","15":"pa_hermes-models-birkin-es","16":"pa_material-cuero","18":"first","19":"outofstock","20":"sold-individually","21":"shipping-taxable","22":"purchasable","23":"product-type-simple"},"_links":{"self":[{"href":"https:\/\/handbag-sense.com\/es\/wp-json\/wp\/v2\/product\/23621","targetHints":{"allow":["GET"]}}],"collection":[{"href":"https:\/\/handbag-sense.com\/es\/wp-json\/wp\/v2\/product"}],"about":[{"href":"https:\/\/handbag-sense.com\/es\/wp-json\/wp\/v2\/types\/product"}],"wp:featuredmedia":[{"embeddable":true,"href":"https:\/\/handbag-sense.com\/es\/wp-json\/wp\/v2\/media\/23653"}],"wp:attachment":[{"href":"https:\/\/handbag-sense.com\/es\/wp-json\/wp\/v2\/media?parent=23621"}],"wp:term":[{"taxonomy":"product_brand","embeddable":true,"href":"https:\/\/handbag-sense.com\/es\/wp-json\/wp\/v2\/product_brand?post=23621"},{"taxonomy":"product_cat","embeddable":true,"href":"https:\/\/handbag-sense.com\/es\/wp-json\/wp\/v2\/product_cat?post=23621"},{"taxonomy":"product_tag","embeddable":true,"href":"https:\/\/handbag-sense.com\/es\/wp-json\/wp\/v2\/product_tag?post=23621"}],"curies":[{"name":"wp","href":"https:\/\/api.w.org\/{rel}","templated":true}]}}