{"id":23567,"date":"2026-02-13T12:14:56","date_gmt":"2026-02-13T11:14:56","guid":{"rendered":"https:\/\/handbag-sense.com\/?post_type=product&#038;p=23567"},"modified":"2026-02-23T16:43:43","modified_gmt":"2026-02-23T15:43:43","slug":"hermes-birkin-35-togo-negra","status":"publish","type":"product","link":"https:\/\/handbag-sense.com\/es\/producto\/hermes-birkin-35-togo-negra\/","title":{"rendered":"Birkin 35 Togo Negra"},"content":{"rendered":"<div class=\"c-columns-m-1 c-columns-2 c-columns-gap-s\">\n<div><strong>Material:<\/strong> Cuero Togo<br \/>\n<strong>Color:<\/strong> Negro<br \/>\n<strong>Elementos met\u00e1licos:<\/strong> Herrajes de paladio<br \/>\n<strong>Material interior:<\/strong> Cuero<\/div>\n<div><strong>Grado: <\/strong>3 <img decoding=\"async\" class=\"info_box alignnone size-medium wp-image-885\" title=\"Informaci\u00f3n\" role=\"img\" src=\"https:\/\/handbag-sense.com\/wp-content\/uploads\/2023\/05\/info_icon.svg\" alt=\"Cuadro de informaci\u00f3n\" width=\"15\" height=\"15\" \/><br \/>\n<strong>A\u00f1o de producci\u00f3n \/ Sello:<\/strong> 2015 \/ T<br \/>\n<strong>Tama\u00f1o: <\/strong>35 x 25 x 18 cm<br \/>\n<strong>Env\u00edo:<\/strong> A todo el mundo<\/div>\n<\/div>\n<p><strong>Incluye:<\/strong> Recibo original, dust bag, clochette, llaves, cerradura, fieltro, caja<\/p>\n","protected":false},"excerpt":{"rendered":"<p data-start=\"3386\" data-end=\"3466\"><strong data-start=\"3386\" data-end=\"3466\">Herm\u00e8s Birkin 35 Togo Negra con Herrajes de Paladio \u2013 2015, Excelente Estado<\/strong><\/p>\n<p data-start=\"3468\" data-end=\"3886\">Esta Herm\u00e8s Birkin 35 est\u00e1 elaborada en cuero Togo granulado en el cl\u00e1sico color negro y acabada con elegantes herrajes de paladio. Producida en 2015, ha sido usada con sumo cuidado y se encuentra en excelente estado, mostrando \u00fanicamente peque\u00f1os ara\u00f1azos en los herrajes. Incluye dust bag de Herm\u00e8s, clochette, candado con una llave (falta una llave), protecci\u00f3n de fieltro, caja original y recibo de compra de 2015.<\/p>\n<p data-start=\"3888\" data-end=\"4264\">La Herm\u00e8s Birkin 35 Black es un verdadero icono del lujo y s\u00edmbolo de artesan\u00eda excepcional. El cuero Togo es apreciado por su textura refinada, resistencia y capacidad para mantener su forma con el paso del tiempo, convirti\u00e9ndolo en uno de los materiales m\u00e1s deseados dentro de la l\u00ednea Birkin. En color negro cl\u00e1sico, esta pieza ofrece versatilidad absoluta y elegancia atemporal.<\/p>\n<p data-start=\"4266\" data-end=\"4611\">El formato de 35 cm proporciona amplio espacio interior sin comprometer su silueta estructurada y sofisticada. Los herrajes de paladio aportan un contraste moderno y discreto que realza la profundidad del negro. Muy valorada por coleccionistas, la Birkin 35 Negra en Togo es considerada una s\u00f3lida luxury investment bag gracias a su demanda constante.<\/p>\n<p data-start=\"4613\" data-end=\"4818\">Con todos sus accesorios originales y recibo incluido, esta pieza representa una aut\u00e9ntica rare collectible Herm\u00e8s, combinando herencia, funcionalidad y valor duradero para cualquier colecci\u00f3n distinguida.<\/p>\n","protected":false},"featured_media":23590,"template":"","meta":[],"product_brand":[2433],"product_cat":[1813,1815],"product_tag":[1993,1892,1893],"class_list":{"0":"post-23567","1":"product","2":"type-product","3":"status-publish","4":"has-post-thumbnail","6":"product_brand-hermes-es","7":"product_cat-bolso","8":"product_cat-comprador","9":"product_tag-birkin-35-negro","10":"product_tag-birkin-35-togo-es","11":"product_tag-hermes-birkin-35-es","12":"pa_brand-hermes-es","13":"pa_color-negro","14":"pa_grade-grado-3","15":"pa_hermes-models-birkin-es","16":"pa_material-cuero","18":"first","19":"outofstock","20":"sold-individually","21":"product-type-simple"},"_links":{"self":[{"href":"https:\/\/handbag-sense.com\/es\/wp-json\/wp\/v2\/product\/23567","targetHints":{"allow":["GET"]}}],"collection":[{"href":"https:\/\/handbag-sense.com\/es\/wp-json\/wp\/v2\/product"}],"about":[{"href":"https:\/\/handbag-sense.com\/es\/wp-json\/wp\/v2\/types\/product"}],"wp:featuredmedia":[{"embeddable":true,"href":"https:\/\/handbag-sense.com\/es\/wp-json\/wp\/v2\/media\/23590"}],"wp:attachment":[{"href":"https:\/\/handbag-sense.com\/es\/wp-json\/wp\/v2\/media?parent=23567"}],"wp:term":[{"taxonomy":"product_brand","embeddable":true,"href":"https:\/\/handbag-sense.com\/es\/wp-json\/wp\/v2\/product_brand?post=23567"},{"taxonomy":"product_cat","embeddable":true,"href":"https:\/\/handbag-sense.com\/es\/wp-json\/wp\/v2\/product_cat?post=23567"},{"taxonomy":"product_tag","embeddable":true,"href":"https:\/\/handbag-sense.com\/es\/wp-json\/wp\/v2\/product_tag?post=23567"}],"curies":[{"name":"wp","href":"https:\/\/api.w.org\/{rel}","templated":true}]}}