{"id":23481,"date":"2026-02-05T15:03:42","date_gmt":"2026-02-05T14:03:42","guid":{"rendered":"https:\/\/handbag-sense.com\/?post_type=product&#038;p=23481"},"modified":"2026-03-20T17:35:59","modified_gmt":"2026-03-20T16:35:59","slug":"hermes-kelly-25-vert-mangrove-epsom","status":"publish","type":"product","link":"https:\/\/handbag-sense.com\/es\/producto\/hermes-kelly-25-vert-mangrove-epsom\/","title":{"rendered":"Kelly 25 Vert Mangrove Epsom Sellier"},"content":{"rendered":"<div class=\"c-columns-m-1 c-columns-2 c-columns-gap-s\">\n<div><strong>Material:<\/strong> Cuero Epsom<br \/>\n<strong>Color:<\/strong> Vert Mangrove<br \/>\n<strong>Elementos met\u00e1licos:<\/strong> Herrajes de paladio<br \/>\n<strong>Material interior:<\/strong> Cuero<\/div>\n<div><strong>Grado:<\/strong> 1 <img decoding=\"async\" class=\"info_box alignnone size-medium wp-image-885\" title=\"Informaci\u00f3n\" role=\"img\" src=\"https:\/\/handbag-sense.com\/wp-content\/uploads\/2023\/05\/info_icon.svg\" alt=\"Cuadro de informaci\u00f3n\" width=\"15\" height=\"15\" \/><br \/>\n<strong>A\u00f1o de producci\u00f3n\/Sello:<\/strong> 2026 \/ K<br \/>\n<strong>Tama\u00f1o:<\/strong> 25 x 19 x 9 cm<br \/>\n<strong>Naviero:<\/strong> Mundial<\/div>\n<\/div>\n<p><strong>Incluye:<\/strong> Recibo original, bolsa guardapolvo, correa, clochette, cerradura, llaves, fieltro, folleto, caja<\/p>\n","protected":false},"excerpt":{"rendered":"<p data-start=\"3379\" data-end=\"3476\"><strong data-start=\"3379\" data-end=\"3474\">Herm\u00e8s Kelly 25 Vert Mangrove Epsom Sellier con Herrajes de Paladio \u2013 2025, Nueva (Sello K)<\/strong><\/p>\n<p data-start=\"3478\" data-end=\"3848\">Esta Herm\u00e8s Kelly 25 Sellier est\u00e1 confeccionada en cuero Epsom estructurado en el nuevo color Vert Mangrove de Herm\u00e8s y acabada con elegantes herrajes de paladio. Totalmente nueva y nunca usada, lleva el <strong data-start=\"3686\" data-end=\"3704\">sello K<\/strong> y se entrega como set completo con clochette y juego de llaves, correa, dust bag, caja y el recibo original de Herm\u00e8s fechado en 2026.<\/p>\n<p data-start=\"3850\" data-end=\"4385\">Su tama\u00f1o de 25 cm la convierte en una opci\u00f3n vers\u00e1til tanto para el d\u00eda como para la noche, combinando funcionalidad y elegancia. El tono Vert Mangrove aporta una est\u00e9tica fresca y sofisticada, inspirada en la naturaleza, ofreciendo una alternativa moderna a los colores cl\u00e1sicos. Los herrajes de paladio completan el dise\u00f1o con un acabado contempor\u00e1neo y refinado. Muy valorada por coleccionistas, esta combinaci\u00f3n de color, material y hardware refleja la innovaci\u00f3n constante de Herm\u00e8s sin perder su legado.<\/p>\n<p data-start=\"4663\" data-end=\"4870\">Con accesorios completos y procedencia impecable, esta Kelly 25 Epsom Sellier es una pieza destacada tanto para uso personal como para colecci\u00f3n. Un ejemplo excepcional de lujo moderno, exclusividad y artesan\u00eda atemporal.<\/p>\n","protected":false},"featured_media":23457,"template":"","meta":[],"product_brand":[2433],"product_cat":[1813,1860,1818,1838,1820],"product_tag":[],"class_list":{"0":"post-23481","1":"product","2":"type-product","3":"status-publish","4":"has-post-thumbnail","6":"product_brand-hermes-es","7":"product_cat-bolso","8":"product_cat-bandolera","9":"product_cat-bolso-pequeno","10":"product_cat-bolso-de-noche","11":"product_cat-bolso-cruzado","12":"pa_brand-hermes-es","13":"pa_color-verde","14":"pa_color-gris","15":"pa_grade-grado-1","16":"pa_hermes-models-kelly-es","17":"pa_material-cuero","19":"first","20":"instock","21":"shipping-taxable","22":"product-type-simple"},"_links":{"self":[{"href":"https:\/\/handbag-sense.com\/es\/wp-json\/wp\/v2\/product\/23481","targetHints":{"allow":["GET"]}}],"collection":[{"href":"https:\/\/handbag-sense.com\/es\/wp-json\/wp\/v2\/product"}],"about":[{"href":"https:\/\/handbag-sense.com\/es\/wp-json\/wp\/v2\/types\/product"}],"wp:featuredmedia":[{"embeddable":true,"href":"https:\/\/handbag-sense.com\/es\/wp-json\/wp\/v2\/media\/23457"}],"wp:attachment":[{"href":"https:\/\/handbag-sense.com\/es\/wp-json\/wp\/v2\/media?parent=23481"}],"wp:term":[{"taxonomy":"product_brand","embeddable":true,"href":"https:\/\/handbag-sense.com\/es\/wp-json\/wp\/v2\/product_brand?post=23481"},{"taxonomy":"product_cat","embeddable":true,"href":"https:\/\/handbag-sense.com\/es\/wp-json\/wp\/v2\/product_cat?post=23481"},{"taxonomy":"product_tag","embeddable":true,"href":"https:\/\/handbag-sense.com\/es\/wp-json\/wp\/v2\/product_tag?post=23481"}],"curies":[{"name":"wp","href":"https:\/\/api.w.org\/{rel}","templated":true}]}}