{"id":23472,"date":"2026-02-04T12:47:58","date_gmt":"2026-02-04T11:47:58","guid":{"rendered":"https:\/\/handbag-sense.com\/?post_type=product&#038;p=23472"},"modified":"2026-02-09T14:25:38","modified_gmt":"2026-02-09T13:25:38","slug":"hermes-verrou-chaine-mini-chevre","status":"publish","type":"product","link":"https:\/\/handbag-sense.com\/es\/producto\/hermes-verrou-chaine-mini-chevre\/","title":{"rendered":"Verrou Cha\u00eene Mini Ch\u00e8vre Mysore Jaune Soleil"},"content":{"rendered":"<div class=\"c-columns-m-1 c-columns-2 c-columns-gap-s\">\n<div><strong>Material:<\/strong> Piel Ch\u00e8vre<br \/>\n<strong>Color:<\/strong> Jaune Soleil<br \/>\n<strong>Elementos met\u00e1licos:<\/strong> Palladium Herrajes<br \/>\n<strong>Material interior:<\/strong> Piel<\/div>\n<div><strong>Grado:<\/strong> 2\/3 <img decoding=\"async\" class=\"info_box alignnone size-medium wp-image-885\" title=\"Informaci\u00f3n\" role=\"img\" src=\"https:\/\/handbag-sense.com\/wp-content\/uploads\/2023\/05\/info_icon.svg\" alt=\"Cuadro de informaci\u00f3n\" width=\"15\" height=\"15\" \/><br \/>\n<strong>A\u00f1o de producci\u00f3n\/Sello:<\/strong> 2023 \/ B<br \/>\n<strong>Tama\u00f1o: <\/strong>17 x 14 x 5 cm<br \/>\n<strong>Env\u00edo:<\/strong> A todo el mundo<\/div>\n<\/div>\n<p><strong>Incluye:<\/strong> Bolsa para el polvo<\/p>\n","protected":false},"excerpt":{"rendered":"<p data-start=\"3577\" data-end=\"3652\"><strong data-start=\"3577\" data-end=\"3650\">Herm\u00e8s Verrou Cha\u00eene Mini Ch\u00e8vre Mysore Jaune Soleil con Herrajes de Paladio \u2013 2023 (Sello B)<\/strong><\/p>\n<p data-start=\"3654\" data-end=\"4093\">Esta <strong data-start=\"3659\" data-end=\"3688\">Herm\u00e8s Verrou Cha\u00eene Mini<\/strong> est\u00e1 confeccionada en cuero Ch\u00e8vre Mysore en el vibrante tono <em data-start=\"3751\" data-end=\"3765\">Jaune Soleil<\/em>, un amarillo luminoso que hace de esta pieza algo verdaderamente especial. Producida en <strong data-start=\"3854\" data-end=\"3862\">2023<\/strong> y marcada con el <strong data-start=\"3880\" data-end=\"3891\">sello B<\/strong>, se encuentra en un estado excelente, pr\u00e1cticamente nuevo. Se entrega con su dust bag original de Herm\u00e8s. Compacta pero expresiva, esta Mini Verrou refleja la creatividad y el saber hacer de la maison.<\/p>\n<p data-start=\"4095\" data-end=\"4529\">La l\u00ednea Verrou se inspira en un clutch dise\u00f1ado por Robert Dumas en 1938 y rinde homenaje a la herencia ecuestre de Herm\u00e8s. Su caracter\u00edstico cierre de paladio es una reinterpretaci\u00f3n l\u00fadica de los cerrojos utilizados en las cuadras de caballos, convirtiendo un elemento funcional en un icono de dise\u00f1o. El cuero Ch\u00e8vre Mysore es muy apreciado por su ligereza, resistencia y brillo sutil, aportando estructura y elegancia a la pieza.<\/p>\n<p data-start=\"4531\" data-end=\"4868\">El formato Mini resulta vers\u00e1til y sofisticado, ideal tanto para el d\u00eda como para la noche. La cadena a\u00f1ade un toque contempor\u00e1neo y permite llevar el bolso c\u00f3modamente al hombro o cruzado. Los coleccionistas valoran el <strong data-start=\"4751\" data-end=\"4780\">Herm\u00e8s Verrou Mini<\/strong> por su est\u00e9tica distintiva, su rareza y su fuerte identidad dentro del universo Herm\u00e8s.<\/p>\n<p data-start=\"4870\" data-end=\"5103\">Con su color audaz, inspiraci\u00f3n hist\u00f3rica y artesan\u00eda excepcional, este modelo se posiciona como una aut\u00e9ntica <strong data-start=\"4981\" data-end=\"5003\">pieza de colecci\u00f3n<\/strong>. Una incorporaci\u00f3n refinada y original para cualquier colecci\u00f3n Herm\u00e8s cuidadosamente seleccionada.<\/p>\n","protected":false},"featured_media":23478,"template":"","meta":[],"product_brand":[2433],"product_cat":[1813,1815,1818],"product_tag":[2609],"class_list":{"0":"post-23472","1":"product","2":"type-product","3":"status-publish","4":"has-post-thumbnail","6":"product_brand-hermes-es","7":"product_cat-bolso","8":"product_cat-comprador","9":"product_cat-bolso-pequeno","10":"product_tag-hermes-verrou-chaine-mini","11":"pa_brand-hermes-es","12":"pa_color-amarillo","13":"pa_grade-grado-2","14":"pa_material-cuero","16":"first","17":"instock","18":"sold-individually","19":"purchasable","20":"product-type-simple"},"_links":{"self":[{"href":"https:\/\/handbag-sense.com\/es\/wp-json\/wp\/v2\/product\/23472","targetHints":{"allow":["GET"]}}],"collection":[{"href":"https:\/\/handbag-sense.com\/es\/wp-json\/wp\/v2\/product"}],"about":[{"href":"https:\/\/handbag-sense.com\/es\/wp-json\/wp\/v2\/types\/product"}],"wp:featuredmedia":[{"embeddable":true,"href":"https:\/\/handbag-sense.com\/es\/wp-json\/wp\/v2\/media\/23478"}],"wp:attachment":[{"href":"https:\/\/handbag-sense.com\/es\/wp-json\/wp\/v2\/media?parent=23472"}],"wp:term":[{"taxonomy":"product_brand","embeddable":true,"href":"https:\/\/handbag-sense.com\/es\/wp-json\/wp\/v2\/product_brand?post=23472"},{"taxonomy":"product_cat","embeddable":true,"href":"https:\/\/handbag-sense.com\/es\/wp-json\/wp\/v2\/product_cat?post=23472"},{"taxonomy":"product_tag","embeddable":true,"href":"https:\/\/handbag-sense.com\/es\/wp-json\/wp\/v2\/product_tag?post=23472"}],"curies":[{"name":"wp","href":"https:\/\/api.w.org\/{rel}","templated":true}]}}