{"id":23435,"date":"2026-01-30T13:32:49","date_gmt":"2026-01-30T12:32:49","guid":{"rendered":"https:\/\/handbag-sense.com\/?post_type=product&#038;p=23435"},"modified":"2026-02-06T13:57:00","modified_gmt":"2026-02-06T12:57:00","slug":"hermes-picotin-lock-18-negra","status":"publish","type":"product","link":"https:\/\/handbag-sense.com\/es\/producto\/hermes-picotin-lock-18-negra\/","title":{"rendered":"Picotin Lock 18 Negra Taurillon Clemence"},"content":{"rendered":"<div class=\"c-columns-m-1 c-columns-2 c-columns-gap-s\">\n<div><strong>Material:<\/strong> Taurillon Clemence<br \/>\n<strong>Color:<\/strong> negro<br \/>\n<strong>Elementos met\u00e1licos:<\/strong> Herrajes dorados<br \/>\n<strong>Material interior:<\/strong> Cuero<\/div>\n<div><strong>Grado:<\/strong> 3 <img decoding=\"async\" class=\"info_box alignnone size-medium wp-image-885\" title=\"Informaci\u00f3n\" role=\"img\" src=\"https:\/\/handbag-sense.com\/wp-content\/uploads\/2023\/05\/info_icon.svg\" alt=\"Cuadro de informaci\u00f3n\" width=\"15\" height=\"15\" \/><br \/>\n<strong>A\u00f1o de producci\u00f3n\/Sello:<\/strong> 2023 \/ B<br \/>\n<strong>Medidas:<\/strong> 18 x 19 x 13,5 cm<br \/>\n<strong>Naviero:<\/strong> Mundial<\/div>\n<\/div>\n<p><strong>Incluye:<\/strong> Bolsa guardapolvo, cerradura, llaves<\/p>\n","protected":false},"excerpt":{"rendered":"<p data-start=\"3565\" data-end=\"3656\"><strong data-start=\"3565\" data-end=\"3654\">Herm\u00e8s Picotin Lock 18 Negra Taurillon Clemence con Herrajes Dorados \u2013 2023\u00a0<\/strong><\/p>\n<p data-start=\"3658\" data-end=\"4018\">La <strong data-start=\"3661\" data-end=\"3687\">Herm\u00e8s Picotin Lock 18<\/strong> est\u00e1 confeccionada a mano en cuero Taurillon Clemence negro y realzada con herrajes dorados. Con un tama\u00f1o de 18 cm, presenta un interior sin forro y asas suaves y flexibles. Sellada con <strong data-start=\"3875\" data-end=\"3887\">B (2023)<\/strong>, la bolsa ha sido usada solo 2\u20133 veces y se encuentra en excelente estado. Se entrega con la bolsa guardapolvo original de Herm\u00e8s.<\/p>\n<p data-start=\"4020\" data-end=\"4483\">Reconocida por su elegancia discreta, la Picotin Lock 18 refleja el enfoque minimalista y refinado de Herm\u00e8s. El cuero Clemence aporta una textura granulada natural y una estructura flexible que realza su apariencia lujosa y relajada. Su dise\u00f1o abierto facilita el uso diario, mientras que el caracter\u00edstico candado a\u00f1ade un toque sutil de sofisticaci\u00f3n y herencia. Al combinarse con joyer\u00eda a juego, los herrajes dorados se convierten en un elegante punto focal.<\/p>\n<p data-start=\"4485\" data-end=\"4840\">Compacta pero funcional, la Picotin 18 es perfecta para llevar los esenciales diarios y adaptarse sin esfuerzo del d\u00eda a la noche. Dise\u00f1ada para llevarse a mano o apoyada en el antebrazo, ofrece versatilidad y estilo atemporal. Muy apreciada por coleccionistas y amantes del lujo, destaca por su artesan\u00eda, durabilidad y relevancia continua en el mercado.<\/p>\n<p data-start=\"4842\" data-end=\"5046\">Gracias a su excelente estado, a\u00f1o de producci\u00f3n reciente y combinaci\u00f3n cl\u00e1sica de colores, esta Herm\u00e8s Picotin Negra Lock 18 es tanto un accesorio imprescindible como una pieza de colecci\u00f3n con valor duradero.<\/p>\n","protected":false},"featured_media":23328,"template":"","meta":[],"product_brand":[2433],"product_cat":[1813,1815,1818],"product_tag":[2067],"class_list":{"0":"post-23435","1":"product","2":"type-product","3":"status-publish","4":"has-post-thumbnail","6":"product_brand-hermes-es","7":"product_cat-bolso","8":"product_cat-comprador","9":"product_cat-bolso-pequeno","10":"product_tag-hermes-picotin-18-es","11":"pa_brand-hermes-es","12":"pa_color-negro","13":"pa_grade-grado-3","14":"pa_material-cuero","16":"first","17":"instock","18":"sold-individually","19":"purchasable","20":"product-type-simple"},"_links":{"self":[{"href":"https:\/\/handbag-sense.com\/es\/wp-json\/wp\/v2\/product\/23435","targetHints":{"allow":["GET"]}}],"collection":[{"href":"https:\/\/handbag-sense.com\/es\/wp-json\/wp\/v2\/product"}],"about":[{"href":"https:\/\/handbag-sense.com\/es\/wp-json\/wp\/v2\/types\/product"}],"wp:featuredmedia":[{"embeddable":true,"href":"https:\/\/handbag-sense.com\/es\/wp-json\/wp\/v2\/media\/23328"}],"wp:attachment":[{"href":"https:\/\/handbag-sense.com\/es\/wp-json\/wp\/v2\/media?parent=23435"}],"wp:term":[{"taxonomy":"product_brand","embeddable":true,"href":"https:\/\/handbag-sense.com\/es\/wp-json\/wp\/v2\/product_brand?post=23435"},{"taxonomy":"product_cat","embeddable":true,"href":"https:\/\/handbag-sense.com\/es\/wp-json\/wp\/v2\/product_cat?post=23435"},{"taxonomy":"product_tag","embeddable":true,"href":"https:\/\/handbag-sense.com\/es\/wp-json\/wp\/v2\/product_tag?post=23435"}],"curies":[{"name":"wp","href":"https:\/\/api.w.org\/{rel}","templated":true}]}}