{"id":23308,"date":"2026-01-22T12:50:04","date_gmt":"2026-01-22T11:50:04","guid":{"rendered":"https:\/\/handbag-sense.com\/?post_type=product&#038;p=23308"},"modified":"2026-01-22T14:19:11","modified_gmt":"2026-01-22T13:19:11","slug":"dior-lady-dior-d-lite-medium-leopard","status":"publish","type":"product","link":"https:\/\/handbag-sense.com\/es\/producto\/dior-lady-dior-d-lite-medium-leopard\/","title":{"rendered":"Lady Dior D-Lite Medium Leopard Canvas"},"content":{"rendered":"<div class=\"c-columns-m-1 c-columns-2 c-columns-gap-s\">\n<div><strong>Material:<\/strong> Canvas<br \/>\n<strong>Color:<\/strong> Leopard<br \/>\n<strong>Elementos met\u00e1licos:<\/strong> herrajes dorados<br \/>\n<strong>Material interior:<\/strong> forro textil<\/div>\n<div><strong>Grado:<\/strong> 3 <img decoding=\"async\" class=\"info_box alignnone size-medium wp-image-885\" title=\"Informaci\u00f3n\" role=\"img\" src=\"https:\/\/handbag-sense.com\/wp-content\/uploads\/2023\/05\/info_icon.svg\" alt=\"Cuadro de informaci\u00f3n\" width=\"15\" height=\"15\" \/><br \/>\n<strong>A\u00f1o de producci\u00f3n:<\/strong> 2024<br \/>\n<strong>Tama\u00f1o:<\/strong> 24 x 21 x 12 cm<\/div>\n<\/div>\n<p><strong>Incluye:<\/strong> Correa, bolsa para el polvo<\/p>\n","protected":false},"excerpt":{"rendered":"<p data-start=\"3756\" data-end=\"3843\"><strong data-start=\"3756\" data-end=\"3843\">Dior Lady Dior D-Lite Medium Leopard Canvas con Herrajes Dorados \u2013 Excelente Estado<\/strong><\/p>\n<p data-start=\"3845\" data-end=\"4274\">Este <strong data-start=\"3850\" data-end=\"3882\">Dior Lady Medium<\/strong> est\u00e1 confeccionado en canvas de alta calidad con estampado de leopardo y decorado con charms met\u00e1licos D.I.O.R. en acabado dorado. Tama\u00f1o: Medium. Color: Leopardo. Cuenta con una correa recta de canvas desmontable y puede llevarse en la mano o al hombro. Ha sido usado muy pocas veces y se encuentra en excelente estado. Incluye dust bag y correa.<\/p>\n<p data-start=\"4276\" data-end=\"4562\">Como reinterpretaci\u00f3n contempor\u00e1nea de un icono de la moda, el Lady Dior leopardo refleja la elegancia moderna de la maison Dior con un dise\u00f1o audaz y sofisticado. El estampado de leopardo aporta personalidad y car\u00e1cter, manteniendo un equilibrio perfecto entre tendencia y atemporalidad.<\/p>\n<p data-start=\"4564\" data-end=\"4821\">El interior, forrado en tela, ofrece un compartimento principal amplio y un bolsillo con cremallera que garantiza funcionalidad y organizaci\u00f3n. Los charms D.I.O.R. en dorado aportan un toque refinado y destacan la atenci\u00f3n al detalle y la artesan\u00eda de Dior.<\/p>\n<p data-start=\"4823\" data-end=\"5058\">Este modelo mediano es extremadamente vers\u00e1til, ideal tanto para el d\u00eda como para ocasiones nocturnas.\u00a0Presentado en excelente estado y acompa\u00f1ado de sus accesorios originales, este bolso Dior es una pieza elegante y coleccionable que representa a la perfecci\u00f3n el legado y la modernidad de la casa Dior.<\/p>\n","protected":false},"featured_media":23246,"template":"","meta":[],"product_brand":[2424],"product_cat":[1813,1860,1838],"product_tag":[],"class_list":{"0":"post-23308","1":"product","2":"type-product","3":"status-publish","4":"has-post-thumbnail","6":"product_brand-dior-es","7":"product_cat-bolso","8":"product_cat-bandolera","9":"product_cat-bolso-de-noche","10":"pa_brand-dior-es","11":"pa_color-multicolor","12":"pa_grade-grado-3","13":"pa_material-cuero","15":"first","16":"instock","17":"shipping-taxable","18":"purchasable","19":"product-type-simple"},"_links":{"self":[{"href":"https:\/\/handbag-sense.com\/es\/wp-json\/wp\/v2\/product\/23308","targetHints":{"allow":["GET"]}}],"collection":[{"href":"https:\/\/handbag-sense.com\/es\/wp-json\/wp\/v2\/product"}],"about":[{"href":"https:\/\/handbag-sense.com\/es\/wp-json\/wp\/v2\/types\/product"}],"wp:featuredmedia":[{"embeddable":true,"href":"https:\/\/handbag-sense.com\/es\/wp-json\/wp\/v2\/media\/23246"}],"wp:attachment":[{"href":"https:\/\/handbag-sense.com\/es\/wp-json\/wp\/v2\/media?parent=23308"}],"wp:term":[{"taxonomy":"product_brand","embeddable":true,"href":"https:\/\/handbag-sense.com\/es\/wp-json\/wp\/v2\/product_brand?post=23308"},{"taxonomy":"product_cat","embeddable":true,"href":"https:\/\/handbag-sense.com\/es\/wp-json\/wp\/v2\/product_cat?post=23308"},{"taxonomy":"product_tag","embeddable":true,"href":"https:\/\/handbag-sense.com\/es\/wp-json\/wp\/v2\/product_tag?post=23308"}],"curies":[{"name":"wp","href":"https:\/\/api.w.org\/{rel}","templated":true}]}}