{"id":23257,"date":"2026-01-20T13:41:58","date_gmt":"2026-01-20T12:41:58","guid":{"rendered":"https:\/\/handbag-sense.com\/?post_type=product&#038;p=23257"},"modified":"2026-01-20T14:28:48","modified_gmt":"2026-01-20T13:28:48","slug":"hermes-kelly-28-rouge-grenat-epsom","status":"publish","type":"product","link":"https:\/\/handbag-sense.com\/es\/producto\/hermes-kelly-28-rouge-grenat-epsom\/","title":{"rendered":"Kelly 28 Rouge Grenat Epsom Sellier"},"content":{"rendered":"<div class=\"c-columns-m-1 c-columns-2 c-columns-gap-s\">\n<div><strong>Material:<\/strong> Cuero Epsom<br \/>\n<strong>Color:<\/strong> Rouge Grenat<br \/>\n<strong>Elementos met\u00e1licos:<\/strong> Herrajes de Paladio<br \/>\n<strong>Material interior:<\/strong> Cuero<\/div>\n<div><strong>Grado: <\/strong> 3 <img decoding=\"async\" class=\"info_box alignnone size-medium wp-image-885\" title=\"Informaci\u00f3n\" role=\"img\" src=\"https:\/\/handbag-sense.com\/wp-content\/uploads\/2023\/05\/info_icon.svg\" alt=\"Cuadro de informaci\u00f3n\" width=\"15\" height=\"15\" \/><br \/>\n<strong>A\u00f1o de producci\u00f3n\/Sello:<\/strong> 2022 \/ U<br \/>\n<strong>Tama\u00f1o:<\/strong> 28 x 20 x 10 cm<br \/>\n<strong>Naviero:<\/strong> Mundial<\/div>\n<\/div>\n<p><strong>Incluye:<\/strong> Bolsa guardapolvo, correa, clochette, cerradura, llaves, folleto, caja<\/p>\n","protected":false},"excerpt":{"rendered":"<p data-start=\"3600\" data-end=\"3689\"><strong data-start=\"3600\" data-end=\"3687\">Herm\u00e8s Kelly 28 Rouge Grenat Epsom Sellier con Herrajes de Paladio \u2013 2022 (Sello U)<\/strong><\/p>\n<p data-start=\"3691\" data-end=\"4125\">Este Herm\u00e8s Kelly 28 Sellier se presenta en el sofisticado tono Rouge Grenat, confeccionado en cuero Epsom texturizado y realzado con herrajes de paladio. Fabricado en 2022 y marcado con el sello <strong data-start=\"3887\" data-end=\"3892\">U<\/strong>, el bolso se encuentra en estado excelente, habiendo sido usado solo 2-3 veces, con los adhesivos protectores a\u00fan intactos. Incluye candado, dos llaves, correa original, dust bag y la emblem\u00e1tica caja naranja de Herm\u00e8s.<\/p>\n<p data-start=\"4127\" data-end=\"4654\">Icono atemporal del lujo, el Kelly 28 Epsom en Rouge Grenat ofrece una alternativa refinada a los colores cl\u00e1sicos. La construcci\u00f3n Sellier aporta una silueta estructurada y definida, reflejando la precisi\u00f3n artesanal de la maison. El cuero Epsom es valorado por su durabilidad, resistencia a los ara\u00f1azos y capacidad para conservar su forma, lo que convierte a este bolso en una pieza elegante y funcional. El profundo tono granate combina de manera excepcional con los herrajes de paladio, logrando una est\u00e9tica moderna y duradera.<\/p>\n<p data-start=\"4656\" data-end=\"5035\">Gracias a su dise\u00f1o vers\u00e1til, el Kelly 28 Sellier puede llevarse en la mano para ocasiones formales o cruzado con la correa para un estilo m\u00e1s relajado. Sus proporciones equilibradas ofrecen espacio suficiente sin perder sofisticaci\u00f3n. Muy apreciado por coleccionistas, este modelo destaca por su color, estado y actualidad, consolid\u00e1ndose como una inversi\u00f3n de lujo con valor sostenido.<\/p>\n<p data-start=\"5037\" data-end=\"5166\">Una pieza excepcional que combina artesan\u00eda, elegancia y exclusividad en una de las siluetas m\u00e1s emblem\u00e1ticas del mundo del lujo.<\/p>\n","protected":false},"featured_media":23253,"template":"","meta":[],"product_brand":[2433],"product_cat":[1813],"product_tag":[2007,2586],"class_list":{"0":"post-23257","1":"product","2":"type-product","3":"status-publish","4":"has-post-thumbnail","6":"product_brand-hermes-es","7":"product_cat-bolso","8":"product_tag-hermes-kelly-28-es","9":"product_tag-kelly-28-rouge-grenat","10":"pa_brand-hermes-es","11":"pa_color-burdeos","12":"pa_color-rojo","13":"pa_grade-grado-3","14":"pa_hermes-models-kelly-es","15":"pa_material-cuero","17":"first","18":"outofstock","19":"shipping-taxable","20":"product-type-simple"},"_links":{"self":[{"href":"https:\/\/handbag-sense.com\/es\/wp-json\/wp\/v2\/product\/23257","targetHints":{"allow":["GET"]}}],"collection":[{"href":"https:\/\/handbag-sense.com\/es\/wp-json\/wp\/v2\/product"}],"about":[{"href":"https:\/\/handbag-sense.com\/es\/wp-json\/wp\/v2\/types\/product"}],"wp:featuredmedia":[{"embeddable":true,"href":"https:\/\/handbag-sense.com\/es\/wp-json\/wp\/v2\/media\/23253"}],"wp:attachment":[{"href":"https:\/\/handbag-sense.com\/es\/wp-json\/wp\/v2\/media?parent=23257"}],"wp:term":[{"taxonomy":"product_brand","embeddable":true,"href":"https:\/\/handbag-sense.com\/es\/wp-json\/wp\/v2\/product_brand?post=23257"},{"taxonomy":"product_cat","embeddable":true,"href":"https:\/\/handbag-sense.com\/es\/wp-json\/wp\/v2\/product_cat?post=23257"},{"taxonomy":"product_tag","embeddable":true,"href":"https:\/\/handbag-sense.com\/es\/wp-json\/wp\/v2\/product_tag?post=23257"}],"curies":[{"name":"wp","href":"https:\/\/api.w.org\/{rel}","templated":true}]}}