{"id":23250,"date":"2026-01-19T17:26:20","date_gmt":"2026-01-19T16:26:20","guid":{"rendered":"https:\/\/handbag-sense.com\/?post_type=product&#038;p=23250"},"modified":"2026-01-21T17:12:22","modified_gmt":"2026-01-21T16:12:22","slug":"hermes-kelly-32-vintage-black-porosu","status":"publish","type":"product","link":"https:\/\/handbag-sense.com\/es\/producto\/hermes-kelly-32-vintage-black-porosu\/","title":{"rendered":"Kelly 32 Vintage Black Porosus de Cocodrilo Sellier"},"content":{"rendered":"<div class=\"c-columns-m-1 c-columns-2 c-columns-gap-s\">\n<div><strong>Material:<\/strong> Cuero cocodrilo<br \/>\n<strong>Color:<\/strong> Negro<br \/>\n<strong>Elementos met\u00e1licos:<\/strong> Herrajes de oro<br \/>\n<strong>Material interior:<\/strong> Cuero<\/div>\n<div><strong>Grado: <\/strong>4\u00a0<img decoding=\"async\" class=\"info_box alignnone size-medium wp-image-885\" title=\"Informaci\u00f3n\" role=\"img\" src=\"https:\/\/handbag-sense.com\/wp-content\/uploads\/2023\/05\/info_icon.svg\" alt=\"Cuadro de informaci\u00f3n\" width=\"15\" height=\"15\" \/><br \/>\n<strong>A\u00f1o de producci\u00f3n\/Sello:<\/strong> R \/ 1962<br \/>\n<strong>Tama\u00f1o:<\/strong> 32 x 22 x 11,5 cm<br \/>\n<strong>Naviero:<\/strong> Mundial<\/div>\n<\/div>\n<p><strong>Incluye:<\/strong> Bolsa guardapolvo, clochette, cerradura, llaves<\/p>\n","protected":false},"excerpt":{"rendered":"<p data-start=\"3640\" data-end=\"3735\"><strong data-start=\"3640\" data-end=\"3735\">Herm\u00e8s Kelly 32 Vintage Black Porosus de Cocodrilo Sellier con Herrajes Dorados \u2013 1962<\/strong><\/p>\n<p data-start=\"3737\" data-end=\"4133\">Este <strong data-start=\"3742\" data-end=\"3769\">Herm\u00e8s Kelly 32 Vintage<\/strong> est\u00e1 confeccionado en lujoso cuero de cocodrilo Porosus negro y realzado con herrajes dorados. Producido en la <strong data-start=\"3881\" data-end=\"3899\">d\u00e9cada de 1960<\/strong>, se conserva en muy buen estado para su antig\u00fcedad, con ligeros ara\u00f1azos y se\u00f1ales de uso que aportan una p\u00e1tina vintage aut\u00e9ntica y muy apreciada. El modelo Sellier incluye bolsa guardapolvo, clochette y juego de llaves.<\/p>\n<p data-start=\"4135\" data-end=\"4593\">Verdadera joya de la alta marroquiner\u00eda, este Kelly 32 representa la m\u00e1xima expresi\u00f3n de la artesan\u00eda y exclusividad de Herm\u00e8s. El cuero Porosus, procedente de la parte ventral del cocodrilo y valorado por su patr\u00f3n fino y sim\u00e9trico, es el material ex\u00f3tico m\u00e1s prestigioso de la maison. La construcci\u00f3n Sellier aporta l\u00edneas definidas y una silueta estructurada, mientras que los herrajes dorados realzan la profundidad del negro con una elegancia atemporal.<\/p>\n<p data-start=\"4595\" data-end=\"4930\">Los Kelly vintage de cocodrilo de los a\u00f1os 60 son extremadamente raros y altamente codiciados por coleccionistas internacionales. La p\u00e1tina adquirida con el paso del tiempo a\u00f1ade car\u00e1cter y autenticidad, sin comprometer la sofisticaci\u00f3n de la pieza. A pesar de su antig\u00fcedad, mantiene una estructura refinada y una presencia imponente.<\/p>\n<p data-start=\"4932\" data-end=\"5179\">Este Kelly 32 de cocodrilo Porosus no es solo un bolso, sino un icono hist\u00f3rico del lujo y una pieza de colecci\u00f3n excepcional. Su rareza, material ex\u00f3tico y legado lo convierten en una adquisici\u00f3n extraordinaria para coleccionistas exigentes y amantes del lujo eterno.<\/p>\n","protected":false},"featured_media":23079,"template":"","meta":[],"product_brand":[2433],"product_cat":[1813,1860,1838,1820],"product_tag":[2532,2533],"class_list":{"0":"post-23250","1":"product","2":"type-product","3":"status-publish","4":"has-post-thumbnail","6":"product_brand-hermes-es","7":"product_cat-bolso","8":"product_cat-bandolera","9":"product_cat-bolso-de-noche","10":"product_cat-bolso-cruzado","11":"product_tag-hermes-kelly-vintage-es","12":"product_tag-kelly-32-vintage-es","13":"pa_brand-hermes-es","14":"pa_color-negro","15":"pa_grade-grado-4","16":"pa_hermes-models-kelly-es","17":"pa_material-cuero-exotico","19":"first","20":"outofstock","21":"shipping-taxable","22":"product-type-simple"},"_links":{"self":[{"href":"https:\/\/handbag-sense.com\/es\/wp-json\/wp\/v2\/product\/23250","targetHints":{"allow":["GET"]}}],"collection":[{"href":"https:\/\/handbag-sense.com\/es\/wp-json\/wp\/v2\/product"}],"about":[{"href":"https:\/\/handbag-sense.com\/es\/wp-json\/wp\/v2\/types\/product"}],"wp:featuredmedia":[{"embeddable":true,"href":"https:\/\/handbag-sense.com\/es\/wp-json\/wp\/v2\/media\/23079"}],"wp:attachment":[{"href":"https:\/\/handbag-sense.com\/es\/wp-json\/wp\/v2\/media?parent=23250"}],"wp:term":[{"taxonomy":"product_brand","embeddable":true,"href":"https:\/\/handbag-sense.com\/es\/wp-json\/wp\/v2\/product_brand?post=23250"},{"taxonomy":"product_cat","embeddable":true,"href":"https:\/\/handbag-sense.com\/es\/wp-json\/wp\/v2\/product_cat?post=23250"},{"taxonomy":"product_tag","embeddable":true,"href":"https:\/\/handbag-sense.com\/es\/wp-json\/wp\/v2\/product_tag?post=23250"}],"curies":[{"name":"wp","href":"https:\/\/api.w.org\/{rel}","templated":true}]}}