{"id":23037,"date":"2026-01-16T17:35:38","date_gmt":"2026-01-16T16:35:38","guid":{"rendered":"https:\/\/handbag-sense.com\/?post_type=product&#038;p=23037"},"modified":"2026-03-23T17:45:27","modified_gmt":"2026-03-23T16:45:27","slug":"hermes-kelly-28-togo-blue-nuit","status":"publish","type":"product","link":"https:\/\/handbag-sense.com\/es\/producto\/hermes-kelly-28-togo-blue-nuit\/","title":{"rendered":"Kelly 28 Togo Blue Nuit"},"content":{"rendered":"<div class=\"c-columns-m-1 c-columns-2 c-columns-gap-s\">\n<div><strong>Material:<\/strong> Cuero Togo<br \/>\n<strong>Color:<\/strong> Blue Nuit<br \/>\n<strong>Elementos met\u00e1licos:<\/strong> Herrajes de Paladio<br \/>\n<strong>Material interior:<\/strong> Cuero<\/div>\n<div><strong>Grado: <\/strong>3 <img decoding=\"async\" class=\"info_box alignnone size-medium wp-image-885\" title=\"Informaci\u00f3n\" role=\"img\" src=\"https:\/\/handbag-sense.com\/wp-content\/uploads\/2023\/05\/info_icon.svg\" alt=\"Cuadro de informaci\u00f3n\" width=\"15\" height=\"15\" \/><br \/>\n<strong>A\u00f1o de producci\u00f3n \/ Sello:<\/strong> 2020 \/ Y<br \/>\n<strong>Tama\u00f1o:<\/strong> 28 x 20 x 10 cm<br \/>\n<strong>Env\u00edo:<\/strong> A todo el mundo<\/div>\n<\/div>\n<p><strong>Incluye:<\/strong> Bolsa guardapolvo, correa, caja<\/p>\n","protected":false},"excerpt":{"rendered":"<p data-start=\"3512\" data-end=\"3598\"><strong data-start=\"3512\" data-end=\"3598\">Herm\u00e8s Kelly 28 Togo Blue Nuit Retourne con Herrajes de Paladio \u2013 Excelente Estado<\/strong><\/p>\n<p data-start=\"3600\" data-end=\"4024\">Este <strong data-start=\"3605\" data-end=\"3624\">Herm\u00e8s Kelly 28<\/strong> Retourne est\u00e1 confeccionado en cuero Togo granulado en el elegante y atemporal color <em data-start=\"3710\" data-end=\"3721\">Blue Nuit<\/em>, y se completa con sofisticados herrajes de paladio. Con un tama\u00f1o de 28 cm, el bolso se encuentra en <strong data-start=\"3824\" data-end=\"3844\">excelente estado<\/strong>, conservando a\u00fan los pl\u00e1sticos protectores en los herrajes. Incluye la correa original para el hombro, dust bag de Herm\u00e8s y la ic\u00f3nica caja naranja. La clochette no est\u00e1 incluida.<\/p>\n<p data-start=\"4026\" data-end=\"4458\">El <strong data-start=\"4029\" data-end=\"4041\">Kelly 28<\/strong> es apreciado por sus proporciones equilibradas, combinando refinamiento con funcionalidad diaria. La construcci\u00f3n Retourne aporta una silueta m\u00e1s suave y flexible, mientras que el cuero Togo destaca por su resistencia, ligereza y capacidad para mantener la forma con el paso del tiempo. El tono <em data-start=\"4337\" data-end=\"4348\">Blue Nuit<\/em> es un cl\u00e1sico de Herm\u00e8s, elegante y vers\u00e1til, ideal para quienes buscan una alternativa sofisticada al negro.<\/p>\n<p data-start=\"4460\" data-end=\"4802\">Los herrajes de paladio aportan un contraste moderno y realzan la est\u00e9tica contempor\u00e1nea del dise\u00f1o. El formato de 28 cm ofrece el espacio perfecto para los esenciales diarios, adapt\u00e1ndose con facilidad tanto a looks de d\u00eda como de noche. Este modelo refleja a la perfecci\u00f3n la herencia artesanal y el lujo discreto caracter\u00edsticos de Herm\u00e8s.<\/p>\n<p data-start=\"4804\" data-end=\"5069\">Gracias a su estado excepcional y a la conservaci\u00f3n de los herrajes, esta Kelly 28 Retourne es una pieza especialmente atractiva para coleccionistas y amantes del lujo. Un bolso refinado que combina tradici\u00f3n, elegancia y valor duradero dentro de cualquier colecci\u00f3n Herm\u00e8s.<\/p>\n","protected":false},"featured_media":23132,"template":"","meta":[],"product_brand":[2433],"product_cat":[1813],"product_tag":[2007],"class_list":{"0":"post-23037","1":"product","2":"type-product","3":"status-publish","4":"has-post-thumbnail","6":"product_brand-hermes-es","7":"product_cat-bolso","8":"product_tag-hermes-kelly-28-es","9":"pa_brand-hermes-es","10":"pa_color-azul","11":"pa_grade-grado-3","12":"pa_hermes-models-kelly-es","13":"pa_material-cuero","15":"first","16":"instock","17":"shipping-taxable","18":"purchasable","19":"product-type-simple"},"_links":{"self":[{"href":"https:\/\/handbag-sense.com\/es\/wp-json\/wp\/v2\/product\/23037","targetHints":{"allow":["GET"]}}],"collection":[{"href":"https:\/\/handbag-sense.com\/es\/wp-json\/wp\/v2\/product"}],"about":[{"href":"https:\/\/handbag-sense.com\/es\/wp-json\/wp\/v2\/types\/product"}],"wp:featuredmedia":[{"embeddable":true,"href":"https:\/\/handbag-sense.com\/es\/wp-json\/wp\/v2\/media\/23132"}],"wp:attachment":[{"href":"https:\/\/handbag-sense.com\/es\/wp-json\/wp\/v2\/media?parent=23037"}],"wp:term":[{"taxonomy":"product_brand","embeddable":true,"href":"https:\/\/handbag-sense.com\/es\/wp-json\/wp\/v2\/product_brand?post=23037"},{"taxonomy":"product_cat","embeddable":true,"href":"https:\/\/handbag-sense.com\/es\/wp-json\/wp\/v2\/product_cat?post=23037"},{"taxonomy":"product_tag","embeddable":true,"href":"https:\/\/handbag-sense.com\/es\/wp-json\/wp\/v2\/product_tag?post=23037"}],"curies":[{"name":"wp","href":"https:\/\/api.w.org\/{rel}","templated":true}]}}