{"id":22979,"date":"2026-01-15T13:12:23","date_gmt":"2026-01-15T12:12:23","guid":{"rendered":"https:\/\/handbag-sense.com\/?post_type=product&#038;p=22979"},"modified":"2026-01-15T14:55:19","modified_gmt":"2026-01-15T13:55:19","slug":"chanel-timeless-jumbo-double-flap-herrajes-plateados","status":"publish","type":"product","link":"https:\/\/handbag-sense.com\/es\/producto\/chanel-timeless-jumbo-double-flap-herrajes-plateados\/","title":{"rendered":"Timeless Jumbo Double Flap Beige"},"content":{"rendered":"<div class=\"c-columns-m-1 c-columns-2 c-columns-gap-s\">\n<div data-rm-block-id=\"block-1\"><strong>Material:<\/strong> Caviar<br \/>\n<strong>Color:<\/strong> Beige<br \/>\n<strong>Elementos met\u00e1licos:<\/strong> Herrajes plateados<br \/>\n<strong>Material interior:<\/strong> Cuero<\/div>\n<div data-rm-block-id=\"block-2\"><strong>Calificaci\u00f3n: <\/strong>3 <img decoding=\"async\" class=\"info_box alignnone size-medium wp-image-885\" title=\"Informaci\u00f3n\" role=\"img\" src=\"https:\/\/handbag-sense.com\/wp-content\/uploads\/2023\/05\/info_icon.svg\" alt=\"Cuadro de informaci\u00f3n\" width=\"15\" height=\"15\" \/><br \/>\n<strong>A\u00f1o de producci\u00f3n\/c\u00f3digo de serie:<\/strong> 2018, a partir de 25...<br \/>\n<strong>Tama\u00f1o:<\/strong> 30 x 20 x 9 cm<\/div>\n<\/div>\n<p data-rm-block-id=\"block-3\"><strong>Incluye: <\/strong>la bolsa guardapolvo original, la caja y la factura de Chanel.<\/p>\n","protected":false},"excerpt":{"rendered":"<p data-start=\"3801\" data-end=\"3901\"><strong data-start=\"3801\" data-end=\"3901\">Chanel Timeless Jumbo Double Flap Beige en Cuero Caviar con Herrajes Plateados \u2013 Muy buen estado<\/strong><\/p>\n<p data-start=\"3903\" data-end=\"4336\">Este <strong data-start=\"3908\" data-end=\"3945\">Chanel Timeless Jumbo Double Flap<\/strong> est\u00e1 confeccionado en resistente cuero caviar beige y realzado con herrajes plateados elegantes. Se encuentra en muy buen estado de uso, con se\u00f1ales normales de desgaste, incluyendo ara\u00f1azos en el interior. El bolso fue <strong data-start=\"4166\" data-end=\"4222\">recolorado profesionalmente una vez en el Chanel Spa<\/strong>, garantizando un exterior bien conservado. Incluye la bolsa guardapolvo original, la caja y la factura de Chanel.<\/p>\n<p data-start=\"4338\" data-end=\"4792\">Un verdadero icono de la moda de lujo, el Chanel Timeless Jumbo Double Flap destaca por su perfecta combinaci\u00f3n de elegancia y funcionalidad. El cuero caviar es apreciado por su durabilidad y su capacidad para mantener la estructura acolchada caracter\u00edstica. Los herrajes plateados aportan un toque moderno y refinado, mientras que la cadena entrelazada permite llevarlo al hombro o cruzado, adapt\u00e1ndose tanto a entornos profesionales como al uso diario.<\/p>\n<p data-start=\"4794\" data-end=\"5075\">El interior de doble solapa est\u00e1 cuidadosamente dise\u00f1ado, con un compartimento principal amplio, bolsillo con cremallera, bolsillo plano y dos compartimentos peque\u00f1os para organizar objetos esenciales. Un bolsillo exterior trasero a\u00f1ade practicidad para art\u00edculos de acceso r\u00e1pido.<\/p>\n<p data-start=\"5077\" data-end=\"5481\">Considerado un bolso de inversi\u00f3n atemporal, el Chanel Jumbo Double Flap conserva un alto valor de colecci\u00f3n gracias a su herencia y prestigio. A pesar del desgaste interior leve, su estructura y atractivo permanecen intactos. Ya sea con looks informales o formales, este cl\u00e1sico de Chanel representa sofisticaci\u00f3n, versatilidad y glamour discreto, ideal para coleccionistas exigentes y amantes del lujo.<\/p>\n","protected":false},"featured_media":22970,"template":"","meta":[],"product_brand":[2418],"product_cat":[1813,1860],"product_tag":[2492],"class_list":{"0":"post-22979","1":"product","2":"type-product","3":"status-publish","4":"has-post-thumbnail","6":"product_brand-chanel-es","7":"product_cat-bolso","8":"product_cat-bandolera","9":"product_tag-chanel-timeless-double-flap","10":"pa_brand-chanel-es","11":"pa_chanel-models-timeless-classique-es","12":"pa_color-beige-es","13":"pa_grade-grado-4","14":"pa_material-cuero","16":"first","17":"instock","18":"shipping-taxable","19":"product-type-simple"},"_links":{"self":[{"href":"https:\/\/handbag-sense.com\/es\/wp-json\/wp\/v2\/product\/22979","targetHints":{"allow":["GET"]}}],"collection":[{"href":"https:\/\/handbag-sense.com\/es\/wp-json\/wp\/v2\/product"}],"about":[{"href":"https:\/\/handbag-sense.com\/es\/wp-json\/wp\/v2\/types\/product"}],"wp:featuredmedia":[{"embeddable":true,"href":"https:\/\/handbag-sense.com\/es\/wp-json\/wp\/v2\/media\/22970"}],"wp:attachment":[{"href":"https:\/\/handbag-sense.com\/es\/wp-json\/wp\/v2\/media?parent=22979"}],"wp:term":[{"taxonomy":"product_brand","embeddable":true,"href":"https:\/\/handbag-sense.com\/es\/wp-json\/wp\/v2\/product_brand?post=22979"},{"taxonomy":"product_cat","embeddable":true,"href":"https:\/\/handbag-sense.com\/es\/wp-json\/wp\/v2\/product_cat?post=22979"},{"taxonomy":"product_tag","embeddable":true,"href":"https:\/\/handbag-sense.com\/es\/wp-json\/wp\/v2\/product_tag?post=22979"}],"curies":[{"name":"wp","href":"https:\/\/api.w.org\/{rel}","templated":true}]}}