{"id":22813,"date":"2026-01-02T13:15:40","date_gmt":"2026-01-02T12:15:40","guid":{"rendered":"https:\/\/handbag-sense.com\/?post_type=product&#038;p=22813"},"modified":"2026-01-03T19:57:53","modified_gmt":"2026-01-03T18:57:53","slug":"louis-vuitton-neo-alma-bb-negra","status":"publish","type":"product","link":"https:\/\/handbag-sense.com\/es\/producto\/louis-vuitton-neo-alma-bb-negra\/","title":{"rendered":"Neo Alma BB Negra en Cuero Monogram Empreinte"},"content":{"rendered":"<div class=\"c-columns-m-1 c-columns-2 c-columns-gap-s\">\n<div><strong>Material:<\/strong>\u00a0Cuero<br \/>\n<strong>Color:<\/strong> Herrajes Dorados<br \/>\n<strong>Elementos met\u00e1licos:<\/strong> Herrajes Dorados<\/div>\n<div><strong>Grado:<\/strong> 3\u00a0<img decoding=\"async\" class=\"info_box alignnone size-medium wp-image-885\" title=\"Informaci\u00f3n\" role=\"img\" src=\"https:\/\/handbag-sense.com\/wp-content\/uploads\/2023\/05\/info_icon.svg\" alt=\"Cuadro de informaci\u00f3n\" width=\"15\" height=\"15\" \/><br \/>\n<strong>Material interior:<\/strong> Forro textil<br \/>\n<strong>Tama\u00f1o:<\/strong> 23,5 \u00d7 17,5 \u00d7 11,5 cm<\/div>\n<\/div>\n<p><strong>Incluye:<\/strong> Bolsa para el polvo, Recibo original, caja<\/p>\n","protected":false},"excerpt":{"rendered":"<p data-start=\"3695\" data-end=\"3794\"><strong data-start=\"3695\" data-end=\"3794\">Louis Vuitton Neo Alma BB Negra en Cuero Monogram Empreinte con Herrajes Dorados \u2013 Set Completo<\/strong><\/p>\n<p data-start=\"3796\" data-end=\"4280\">La <strong data-start=\"3799\" data-end=\"3828\">Louis Vuitton Neo Alma BB<\/strong> est\u00e1 confeccionada en suave cuero Monogram Empreinte negro, destacando el ic\u00f3nico monograma grabado de la maison con un acabado refinado y contempor\u00e1neo. Con unas dimensiones de 23,5 \u00d7 17,5 \u00d7 11,5 cm, este bolso estructurado cuenta con herrajes dorados, cierre con cremallera y candado con llaves. Fabricado en piel de vacuno con forro de microfibra, se entrega como set completo con caja y accesorios, y ha sido producido en Francia, Espa\u00f1a o Italia.<\/p>\n<p data-start=\"4282\" data-end=\"4741\">Inspirada en el hist\u00f3rico bolso Square de 1934, la Neo Alma BB representa la elegancia parisina atemporal adaptada al estilo moderno. Su silueta estructurada conserva perfectamente la forma, mientras que el cuero Empreinte aporta una textura lujosa y flexible. El bolso puede llevarse en la mano o cruzado gracias a su correa ajustable y desmontable, ofreciendo gran versatilidad para el d\u00eda y la noche. Las asas dobles de cuero refuerzan su est\u00e9tica cl\u00e1sica.<\/p>\n<p data-start=\"4743\" data-end=\"4988\">A pesar de su tama\u00f1o compacto, la Alma BB ofrece espacio suficiente para un smartphone, auriculares, una cartera peque\u00f1a y gafas de sol. El bolsillo interior plano facilita la organizaci\u00f3n, y los cuatro pies met\u00e1licos protegen la base del bolso.<\/p>\n<p data-start=\"4990\" data-end=\"5228\">Con detalles emblem\u00e1ticos como la clochette y el candado, la <strong data-start=\"5051\" data-end=\"5072\">Neo Alma BB Negra<\/strong> combina herencia, funcionalidad y sofisticaci\u00f3n. Un bolso de lujo ic\u00f3nico y vers\u00e1til, perfecto para una colecci\u00f3n de dise\u00f1ador cuidadosamente seleccionada.<\/p>\n","protected":false},"featured_media":22810,"template":"","meta":[],"product_brand":[2437],"product_cat":[1813,1818],"product_tag":[],"class_list":{"0":"post-22813","1":"product","2":"type-product","3":"status-publish","4":"has-post-thumbnail","6":"product_brand-louis-vuitton-es","7":"product_cat-bolso","8":"product_cat-bolso-pequeno","9":"pa_brand-louis-vuitton-es","10":"pa_color-marron","11":"pa_grade-grado-2","12":"pa_material-cuero","13":"pa_material-lona","15":"first","16":"instock","17":"shipping-taxable","18":"purchasable","19":"product-type-simple"},"_links":{"self":[{"href":"https:\/\/handbag-sense.com\/es\/wp-json\/wp\/v2\/product\/22813","targetHints":{"allow":["GET"]}}],"collection":[{"href":"https:\/\/handbag-sense.com\/es\/wp-json\/wp\/v2\/product"}],"about":[{"href":"https:\/\/handbag-sense.com\/es\/wp-json\/wp\/v2\/types\/product"}],"wp:featuredmedia":[{"embeddable":true,"href":"https:\/\/handbag-sense.com\/es\/wp-json\/wp\/v2\/media\/22810"}],"wp:attachment":[{"href":"https:\/\/handbag-sense.com\/es\/wp-json\/wp\/v2\/media?parent=22813"}],"wp:term":[{"taxonomy":"product_brand","embeddable":true,"href":"https:\/\/handbag-sense.com\/es\/wp-json\/wp\/v2\/product_brand?post=22813"},{"taxonomy":"product_cat","embeddable":true,"href":"https:\/\/handbag-sense.com\/es\/wp-json\/wp\/v2\/product_cat?post=22813"},{"taxonomy":"product_tag","embeddable":true,"href":"https:\/\/handbag-sense.com\/es\/wp-json\/wp\/v2\/product_tag?post=22813"}],"curies":[{"name":"wp","href":"https:\/\/api.w.org\/{rel}","templated":true}]}}