{"id":22765,"date":"2025-12-30T12:12:23","date_gmt":"2025-12-30T11:12:23","guid":{"rendered":"https:\/\/handbag-sense.com\/?post_type=product&#038;p=22765"},"modified":"2026-03-20T17:43:08","modified_gmt":"2026-03-20T16:43:08","slug":"hermes-birkin-25-rouge-h-togo","status":"publish","type":"product","link":"https:\/\/handbag-sense.com\/es\/producto\/hermes-birkin-25-rouge-h-togo\/","title":{"rendered":"Birkin 25 Rouge H Togo"},"content":{"rendered":"<div class=\"c-columns-m-1 c-columns-2 c-columns-gap-s\">\n<div><strong>Material:<\/strong> Cuero Togo<br \/>\n<strong>Color:<\/strong> Rouge H<br \/>\n<strong>Elementos met\u00e1licos:<\/strong> Herrajes Dorados<br \/>\n<strong>Material interior:<\/strong> Cuero<\/div>\n<div><strong>Grado: <\/strong> 1 <img decoding=\"async\" class=\"info_box alignnone size-medium wp-image-885\" title=\"Informaci\u00f3n\" role=\"img\" src=\"https:\/\/handbag-sense.com\/wp-content\/uploads\/2023\/05\/info_icon.svg\" alt=\"Cuadro de informaci\u00f3n\" width=\"15\" height=\"15\" \/><br \/>\n<strong>A\u00f1o de producci\u00f3n \/ Sello:<\/strong> 2025 \/ K<br \/>\n<strong>Tama\u00f1o:<\/strong> 25 x 20 x 13 cm<br \/>\n<strong>Env\u00edo: <\/strong>A todo el mundo<\/div>\n<\/div>\n<p><strong>Incluye:<\/strong> Recibo original, bolsa guardapolvo, clochette, cerradura, llaves, fieltro, folleto, caja<\/p>\n","protected":false},"excerpt":{"rendered":"<p data-start=\"3581\" data-end=\"3670\"><strong data-start=\"3581\" data-end=\"3668\">Herm\u00e8s Birkin 25 Rouge H en Cuero Togo con Herrajes Dorados \u2013 2025, Nueva<\/strong><\/p>\n<p data-start=\"3672\" data-end=\"4119\">Esta <strong data-start=\"3677\" data-end=\"3705\">Herm\u00e8s Birkin 25 Rouge H<\/strong> est\u00e1 confeccionada en cuero Togo granulado y realzada con herrajes dorados cl\u00e1sicos. Totalmente <strong data-start=\"3802\" data-end=\"3825\">nueva y nunca usada<\/strong>, lleva el <strong data-start=\"3836\" data-end=\"3862\">sello del a\u00f1o 2025 (K)<\/strong> y se entrega como set completo, que incluye el recibo original de Herm\u00e8s de 2025, clochette, candado con dos llaves, funda impermeable, dust bag y la ic\u00f3nica caja naranja de Herm\u00e8s. Un ejemplar impecable en uno de los colores m\u00e1s emblem\u00e1ticos de la Birkin.<\/p>\n<p data-start=\"4121\" data-end=\"4541\">La Birkin 25 Togo simboliza la combinaci\u00f3n perfecta entre lujo atemporal y funcionalidad moderna. El tono Rouge H, profundo y sofisticado, transmite elegancia discreta y car\u00e1cter. El cuero Togo es altamente valorado por su resistencia, su textura refinada y su capacidad de conservar la forma sin perder flexibilidad. El formato de 25 cm es especialmente apreciado por coleccionistas que buscan una pieza compacta y elegante.<\/p>\n<p data-start=\"4543\" data-end=\"4919\">Los herrajes dorados aportan calidez y realzan la riqueza del color Rouge H, creando una est\u00e9tica cl\u00e1sica y armoniosa. La Birkin Rouge H es reconocida como una destacada <strong data-start=\"4716\" data-end=\"4741\">luxury investment bag<\/strong>, gracias a su rareza, demanda constante y excelencia artesanal. Su dise\u00f1o estructurado ofrece espacio suficiente para los esenciales diarios sin comprometer su aspecto refinado.<\/p>\n<p data-start=\"4921\" data-end=\"5132\">Con todos sus accesorios originales y documentaci\u00f3n completa, esta Birkin es una aut\u00e9ntica <strong data-start=\"5012\" data-end=\"5039\">rare collectible Herm\u00e8s<\/strong>, ideal tanto para una colecci\u00f3n exclusiva como para lucir un icono del lujo en el d\u00eda a d\u00eda.<\/p>\n","protected":false},"featured_media":22771,"template":"","meta":[],"product_brand":[2433],"product_cat":[1813,1818,1838],"product_tag":[2578,1914,2579],"class_list":{"0":"post-22765","1":"product","2":"type-product","3":"status-publish","4":"has-post-thumbnail","6":"product_brand-hermes-es","7":"product_cat-bolso","8":"product_cat-bolso-pequeno","9":"product_cat-bolso-de-noche","10":"product_tag-birkin-25-rouge-h","11":"product_tag-hermes-birkin-25-es","12":"product_tag-hermes-birkin-rouge-h","13":"pa_brand-hermes-es","14":"pa_color-burdeos","15":"pa_color-rojo","16":"pa_grade-grado-1","17":"pa_hermes-models-birkin-es","18":"pa_material-cuero","20":"first","21":"instock","22":"shipping-taxable","23":"purchasable","24":"product-type-simple"},"_links":{"self":[{"href":"https:\/\/handbag-sense.com\/es\/wp-json\/wp\/v2\/product\/22765","targetHints":{"allow":["GET"]}}],"collection":[{"href":"https:\/\/handbag-sense.com\/es\/wp-json\/wp\/v2\/product"}],"about":[{"href":"https:\/\/handbag-sense.com\/es\/wp-json\/wp\/v2\/types\/product"}],"wp:featuredmedia":[{"embeddable":true,"href":"https:\/\/handbag-sense.com\/es\/wp-json\/wp\/v2\/media\/22771"}],"wp:attachment":[{"href":"https:\/\/handbag-sense.com\/es\/wp-json\/wp\/v2\/media?parent=22765"}],"wp:term":[{"taxonomy":"product_brand","embeddable":true,"href":"https:\/\/handbag-sense.com\/es\/wp-json\/wp\/v2\/product_brand?post=22765"},{"taxonomy":"product_cat","embeddable":true,"href":"https:\/\/handbag-sense.com\/es\/wp-json\/wp\/v2\/product_cat?post=22765"},{"taxonomy":"product_tag","embeddable":true,"href":"https:\/\/handbag-sense.com\/es\/wp-json\/wp\/v2\/product_tag?post=22765"}],"curies":[{"name":"wp","href":"https:\/\/api.w.org\/{rel}","templated":true}]}}