{"id":22759,"date":"2025-12-29T17:17:22","date_gmt":"2025-12-29T16:17:22","guid":{"rendered":"https:\/\/handbag-sense.com\/?post_type=product&#038;p=22759"},"modified":"2025-12-30T12:09:46","modified_gmt":"2025-12-30T11:09:46","slug":"hermes-birkin-35-togo-gris-t","status":"publish","type":"product","link":"https:\/\/handbag-sense.com\/es\/producto\/hermes-birkin-35-togo-gris-t\/","title":{"rendered":"Birkin 35 Togo Gris Tourterelle"},"content":{"rendered":"<div class=\"c-columns-m-1 c-columns-2 c-columns-gap-s\">\n<div><strong>Material:<\/strong> Cuero Togo<br \/>\n<strong>Color:<\/strong> Gris Tourterelle<br \/>\n<strong>Elementos met\u00e1licos:<\/strong> Herrajes de paladio<br \/>\n<strong>Material interior:<\/strong> Cuero<\/div>\n<div><strong>Grado: <\/strong>2 <img decoding=\"async\" class=\"info_box alignnone size-medium wp-image-885\" title=\"Informaci\u00f3n\" role=\"img\" src=\"https:\/\/handbag-sense.com\/wp-content\/uploads\/2023\/05\/info_icon.svg\" alt=\"Cuadro de informaci\u00f3n\" width=\"15\" height=\"15\" \/><br \/>\n<strong>A\u00f1o de producci\u00f3n \/ Sello:<\/strong> 2014 \/ R<br \/>\n<strong>Tama\u00f1o: <\/strong>35 x 25 x 18 cm<br \/>\n<strong>Env\u00edo:<\/strong> A todo el mundo<\/div>\n<\/div>\n<p><strong>Incluye:<\/strong> Dust bag, clochette, llaves, cerradura, folleto, impermeable, caja<\/p>\n","protected":false},"excerpt":{"rendered":"<p data-start=\"3550\" data-end=\"3652\"><strong data-start=\"3550\" data-end=\"3652\">Herm\u00e8s Birkin 35 Togo Gris Tourterelle con Herrajes de Paladio \u2013 Estado como Nuevo<\/strong><\/p>\n<p data-start=\"3654\" data-end=\"4153\">Este <strong data-start=\"3659\" data-end=\"3679\">Herm\u00e8s Birkin 35<\/strong> est\u00e1 confeccionado en cuero Togo texturizado en el elegante tono <em data-start=\"3745\" data-end=\"3763\">Gris Tourterelle<\/em> y adornado con herrajes de paladio. Fabricado en <strong data-start=\"3813\" data-end=\"3821\">2014<\/strong>, el bolso ha sido usado \u00fanicamente dos veces y se conserva en un estado como nuevo, sin se\u00f1ales de uso. Incluye dust bag, clochette, candado con dos llaves, protecci\u00f3n de fieltro y la caja original de Herm\u00e8s.<\/p>\n<p data-start=\"4155\" data-end=\"4646\">S\u00edmbolo atemporal de lujo y prestigio, el Birkin 35 encarna la m\u00e1xima expresi\u00f3n de la artesan\u00eda de Herm\u00e8s. El cuero Togo es altamente valorado por su resistencia, su estructura definida y su capacidad para mantener la forma con el paso del tiempo. <strong>Birkin 35 Gris Tourterelle<\/strong> es uno de los tonos neutros m\u00e1s sofisticados de la maison, ofreciendo una versatilidad excepcional para combinar con estilos cl\u00e1sicos y contempor\u00e1neos. Los herrajes de paladio aportan un toque moderno y refinado al conjunto.<\/p>\n<p data-start=\"4648\" data-end=\"4972\">El formato de 35 cm destaca por su funcionalidad, proporcionando un amplio espacio interior sin perder elegancia. Muy apreciado por coleccionistas, este Birkin representa una s\u00f3lida pieza de inversi\u00f3n con una demanda constante en el mercado del lujo. Su excelente estado y set completo incrementan notablemente su atractivo.<\/p>\n","protected":false},"featured_media":22691,"template":"","meta":[],"product_brand":[2433],"product_cat":[1813,1815],"product_tag":[2573,1892,1895,1893],"class_list":{"0":"post-22759","1":"product","2":"type-product","3":"status-publish","4":"has-post-thumbnail","6":"product_brand-hermes-es","7":"product_cat-bolso","8":"product_cat-comprador","9":"product_tag-birkin-35-gris-tourterelle","10":"product_tag-birkin-35-togo-es","11":"product_tag-bolso-birkin-hermes","12":"product_tag-hermes-birkin-35-es","13":"pa_brand-hermes-es","14":"pa_color-gris","15":"pa_color-taupe-es","16":"pa_grade-grado-2","17":"pa_grade-grado-3","18":"pa_hermes-models-birkin-es","19":"pa_material-cuero","21":"first","22":"outofstock","23":"sold-individually","24":"product-type-simple"},"_links":{"self":[{"href":"https:\/\/handbag-sense.com\/es\/wp-json\/wp\/v2\/product\/22759","targetHints":{"allow":["GET"]}}],"collection":[{"href":"https:\/\/handbag-sense.com\/es\/wp-json\/wp\/v2\/product"}],"about":[{"href":"https:\/\/handbag-sense.com\/es\/wp-json\/wp\/v2\/types\/product"}],"wp:featuredmedia":[{"embeddable":true,"href":"https:\/\/handbag-sense.com\/es\/wp-json\/wp\/v2\/media\/22691"}],"wp:attachment":[{"href":"https:\/\/handbag-sense.com\/es\/wp-json\/wp\/v2\/media?parent=22759"}],"wp:term":[{"taxonomy":"product_brand","embeddable":true,"href":"https:\/\/handbag-sense.com\/es\/wp-json\/wp\/v2\/product_brand?post=22759"},{"taxonomy":"product_cat","embeddable":true,"href":"https:\/\/handbag-sense.com\/es\/wp-json\/wp\/v2\/product_cat?post=22759"},{"taxonomy":"product_tag","embeddable":true,"href":"https:\/\/handbag-sense.com\/es\/wp-json\/wp\/v2\/product_tag?post=22759"}],"curies":[{"name":"wp","href":"https:\/\/api.w.org\/{rel}","templated":true}]}}