{"id":22572,"date":"2025-12-22T17:09:07","date_gmt":"2025-12-22T16:09:07","guid":{"rendered":"https:\/\/handbag-sense.com\/?post_type=product&#038;p=22572"},"modified":"2026-03-23T17:51:24","modified_gmt":"2026-03-23T16:51:24","slug":"hermes-birkin-25-togo-gris-pantin","status":"publish","type":"product","link":"https:\/\/handbag-sense.com\/es\/producto\/hermes-birkin-25-togo-gris-pantin\/","title":{"rendered":"Birkin 25 Togo Gris Pantin"},"content":{"rendered":"<div class=\"c-columns-m-1 c-columns-2 c-columns-gap-s\">\n<div><strong>Material:<\/strong> Cuero Togo<br \/>\n<strong>Color:<\/strong> Gris Pantin<br \/>\n<strong>Elementos met\u00e1licos:<\/strong> Herrajes paladios<br \/>\n<strong>Material interior:<\/strong> Cuero<\/div>\n<div><strong>Grado: <\/strong> 1 <img decoding=\"async\" class=\"info_box alignnone size-medium wp-image-885\" title=\"Informaci\u00f3n\" role=\"img\" src=\"https:\/\/handbag-sense.com\/wp-content\/uploads\/2023\/05\/info_icon.svg\" alt=\"Cuadro de informaci\u00f3n\" width=\"15\" height=\"15\" \/><br \/>\n<strong>A\u00f1o de producci\u00f3n \/ Sello:<\/strong> 2025 \/ K<br \/>\n<strong>Tama\u00f1o:<\/strong> 25 x 20 x 13 cm<br \/>\n<strong>Env\u00edo: <\/strong>A todo el mundo<\/div>\n<\/div>\n<p><strong>Incluye:<\/strong> Recibo original, bolsa guardapolvo, clochette, cerradura, llaves, fieltro, folleto, caja<\/p>\n","protected":false},"excerpt":{"rendered":"<p data-start=\"3468\" data-end=\"3555\"><strong data-start=\"3468\" data-end=\"3553\">Herm\u00e8s Birkin 25 Togo Gris Pantin con Herrajes de Paladio \u2013 2025, Nueva<\/strong><\/p>\n<p data-start=\"3557\" data-end=\"4001\">Esta <strong data-start=\"3562\" data-end=\"3582\">Herm\u00e8s Birkin 25<\/strong> est\u00e1 confeccionada en cuero Togo de grano fino en el nuevo y exclusivo color <em data-start=\"3660\" data-end=\"3673\">Gris Pantin<\/em> \u2014 un tono gris claro con delicados matices azulados \u2014 elegantemente combinado con herrajes de paladio. Se encuentra totalmente nueva y nunca usada, con el sello del a\u00f1o 2025 (K), y se entrega como set completo con recibo original de Herm\u00e8s de 2025, clochette, candado con dos llaves, dust bag y la ic\u00f3nica caja naranja.<\/p>\n<p data-start=\"4003\" data-end=\"4513\">Reconocida como uno de los bolsos m\u00e1s prestigiosos del mundo, la Birkin 25 representa la m\u00e1xima expresi\u00f3n de la artesan\u00eda y exclusividad de Herm\u00e8s. El cuero Togo ofrece una estructura firme y resistente sin perder elegancia, manteniendo su forma con el paso del tiempo. El tama\u00f1o compacto de 25 cm es especialmente valorado por su proporci\u00f3n refinada, ideal tanto para el d\u00eda como para ocasiones especiales. Los herrajes de paladio aportan un contraste moderno que realza la sofisticaci\u00f3n del tono Gris Pantin.<\/p>\n<p data-start=\"4515\" data-end=\"4974\">Altamente codiciada por coleccionistas, esta Birkin destaca por su rareza, su estado impecable y su procedencia completa, consolid\u00e1ndose como una <strong data-start=\"4661\" data-end=\"4686\">luxury investment bag<\/strong> con fuerte demanda en el mercado. Ya sea como pieza central de una colecci\u00f3n selecta o como s\u00edmbolo de elegancia discreta, esta Birkin 25 Gris Pantin encarna herencia, precisi\u00f3n y estilo contempor\u00e1neo.<\/p>\n","protected":false},"featured_media":22575,"template":"","meta":[],"product_brand":[2433],"product_cat":[1813,1818,1838],"product_tag":[2566,1914],"class_list":{"0":"post-22572","1":"product","2":"type-product","3":"status-publish","4":"has-post-thumbnail","6":"product_brand-hermes-es","7":"product_cat-bolso","8":"product_cat-bolso-pequeno","9":"product_cat-bolso-de-noche","10":"product_tag-birkin-25-gris-pantin","11":"product_tag-hermes-birkin-25-es","12":"pa_brand-hermes-es","13":"pa_color-gris","14":"pa_grade-grado-1","15":"pa_hermes-models-birkin-es","16":"pa_material-cuero","18":"first","19":"instock","20":"shipping-taxable","21":"purchasable","22":"product-type-simple"},"_links":{"self":[{"href":"https:\/\/handbag-sense.com\/es\/wp-json\/wp\/v2\/product\/22572","targetHints":{"allow":["GET"]}}],"collection":[{"href":"https:\/\/handbag-sense.com\/es\/wp-json\/wp\/v2\/product"}],"about":[{"href":"https:\/\/handbag-sense.com\/es\/wp-json\/wp\/v2\/types\/product"}],"wp:featuredmedia":[{"embeddable":true,"href":"https:\/\/handbag-sense.com\/es\/wp-json\/wp\/v2\/media\/22575"}],"wp:attachment":[{"href":"https:\/\/handbag-sense.com\/es\/wp-json\/wp\/v2\/media?parent=22572"}],"wp:term":[{"taxonomy":"product_brand","embeddable":true,"href":"https:\/\/handbag-sense.com\/es\/wp-json\/wp\/v2\/product_brand?post=22572"},{"taxonomy":"product_cat","embeddable":true,"href":"https:\/\/handbag-sense.com\/es\/wp-json\/wp\/v2\/product_cat?post=22572"},{"taxonomy":"product_tag","embeddable":true,"href":"https:\/\/handbag-sense.com\/es\/wp-json\/wp\/v2\/product_tag?post=22572"}],"curies":[{"name":"wp","href":"https:\/\/api.w.org\/{rel}","templated":true}]}}