{"id":22456,"date":"2025-12-18T13:55:45","date_gmt":"2025-12-18T12:55:45","guid":{"rendered":"https:\/\/handbag-sense.com\/?post_type=product&#038;p=22456"},"modified":"2025-12-18T16:40:04","modified_gmt":"2025-12-18T15:40:04","slug":"hermes-evelyne-iii-33-clemence-etoupe","status":"publish","type":"product","link":"https:\/\/handbag-sense.com\/es\/producto\/hermes-evelyne-iii-33-clemence-etoupe\/","title":{"rendered":"Evelyne III 33 Clemence Etoupe"},"content":{"rendered":"<div class=\"c-columns-m-1 c-columns-2 c-columns-gap-s\">\n<div><strong>Material:<\/strong> Taurillon Clemence Cuero<br \/>\n<strong>Color:<\/strong> Etoupe<br \/>\n<strong>Elementos met\u00e1licos:<\/strong> Herrajes de paladio<\/div>\n<div><strong>Material interior:<\/strong> Piel natural<\/div>\n<div><strong>Grado: <\/strong>2\u00a0<img decoding=\"async\" class=\"info_box alignnone size-medium wp-image-885\" title=\"Informaci\u00f3n\" role=\"img\" src=\"https:\/\/handbag-sense.com\/wp-content\/uploads\/2023\/05\/info_icon.svg\" alt=\"Cuadro de informaci\u00f3n\" width=\"15\" height=\"15\" \/><br \/>\n<strong>A\u00f1o de producci\u00f3n\/Sello:<\/strong> 2012 \/ P<br \/>\n<strong>Tama\u00f1o:<\/strong> 33 x 33 x 11 cm<br \/>\n<strong>Naviero:<\/strong> Mundial<\/div>\n<\/div>\n<p><strong>Incluye:<\/strong> Bolsa guardapolvo, correa, folleto<\/p>\n","protected":false},"excerpt":{"rendered":"<p data-start=\"3529\" data-end=\"3613\"><strong data-start=\"3529\" data-end=\"3613\">Herm\u00e8s Evelyne III 33 Clemence Etoupe con Herrajes de Paladio \u2013 Excelente Estado<\/strong><\/p>\n<p data-start=\"3615\" data-end=\"4073\">Este <strong data-start=\"3620\" data-end=\"3645\">Herm\u00e8s Evelyne 33<\/strong> est\u00e1 confeccionado en cuero Taurillon Clemence en el cl\u00e1sico tono Etoupe y realzado con herrajes de paladio. Ha sido usado \u00fanicamente dos o tres veces y se encuentra en excelente estado, sin se\u00f1ales visibles de uso. Presenta el emblem\u00e1tico \u00f3valo perforado con la \u201cH\u201d de Herm\u00e8s, costuras al tono y un pr\u00e1ctico cierre con leng\u00fceta pasante. Se entrega con correa de hombro desmontable y dust bag original de Herm\u00e8s.<\/p>\n<p data-start=\"4075\" data-end=\"4558\">La Evelyne III 33 es una de las piezas m\u00e1s apreciadas dentro de la l\u00ednea casual de Herm\u00e8s, reconocida por su elegancia discreta y funcionalidad diaria. El cuero Taurillon Clemence destaca por su suavidad, resistencia y ca\u00edda natural, manteniendo un aspecto lujoso con el paso del tiempo. El color Etoupe, uno de los m\u00e1s ic\u00f3nicos de la maison, ofrece una versatilidad excepcional y un estilo sofisticado sin esfuerzo. Los herrajes de paladio aportan un toque contempor\u00e1neo y refinado.<\/p>\n<p data-start=\"4560\" data-end=\"4757\">Su tama\u00f1o de 33 cm proporciona amplio espacio interior y resulta c\u00f3modo para llevar cruzado o al hombro. Dise\u00f1ada para un lujo pr\u00e1ctico, la Evelyne combina herencia artesanal con comodidad moderna.<\/p>\n<p data-start=\"4759\" data-end=\"4922\">En este estado excepcional y con accesorios incluidos, la <strong data-start=\"4817\" data-end=\"4849\">Herm\u00e8s Evelyne Etoupe<\/strong> es una incorporaci\u00f3n atemporal y elegante a cualquier colecci\u00f3n de lujo.<\/p>\n","protected":false},"featured_media":22525,"template":"","meta":[],"product_brand":[2433],"product_cat":[1860,1813,1820],"product_tag":[2038],"class_list":{"0":"post-22456","1":"product","2":"type-product","3":"status-publish","4":"has-post-thumbnail","6":"product_brand-hermes-es","7":"product_cat-bandolera","8":"product_cat-bolso","9":"product_cat-bolso-cruzado","10":"product_tag-hermes-evelyne-iii-33-es","11":"pa_brand-hermes-es","12":"pa_color-taupe-es","13":"pa_grade-grado-2","14":"pa_hermes-models-evelyne-es","15":"pa_material-cuero","17":"first","18":"instock","19":"shipping-taxable","20":"purchasable","21":"product-type-simple"},"_links":{"self":[{"href":"https:\/\/handbag-sense.com\/es\/wp-json\/wp\/v2\/product\/22456","targetHints":{"allow":["GET"]}}],"collection":[{"href":"https:\/\/handbag-sense.com\/es\/wp-json\/wp\/v2\/product"}],"about":[{"href":"https:\/\/handbag-sense.com\/es\/wp-json\/wp\/v2\/types\/product"}],"wp:featuredmedia":[{"embeddable":true,"href":"https:\/\/handbag-sense.com\/es\/wp-json\/wp\/v2\/media\/22525"}],"wp:attachment":[{"href":"https:\/\/handbag-sense.com\/es\/wp-json\/wp\/v2\/media?parent=22456"}],"wp:term":[{"taxonomy":"product_brand","embeddable":true,"href":"https:\/\/handbag-sense.com\/es\/wp-json\/wp\/v2\/product_brand?post=22456"},{"taxonomy":"product_cat","embeddable":true,"href":"https:\/\/handbag-sense.com\/es\/wp-json\/wp\/v2\/product_cat?post=22456"},{"taxonomy":"product_tag","embeddable":true,"href":"https:\/\/handbag-sense.com\/es\/wp-json\/wp\/v2\/product_tag?post=22456"}],"curies":[{"name":"wp","href":"https:\/\/api.w.org\/{rel}","templated":true}]}}