{"id":22409,"date":"2025-12-16T17:13:17","date_gmt":"2025-12-16T16:13:17","guid":{"rendered":"https:\/\/handbag-sense.com\/?post_type=product&#038;p=22409"},"modified":"2025-12-18T12:18:07","modified_gmt":"2025-12-18T11:18:07","slug":"hermes-birkin-35-rouge-tomate","status":"publish","type":"product","link":"https:\/\/handbag-sense.com\/es\/producto\/hermes-birkin-35-rouge-tomate\/","title":{"rendered":"Birkin 35 Rouge Tomate Taurillon Clemence"},"content":{"rendered":"<div class=\"c-columns-m-1 c-columns-2 c-columns-gap-s\">\n<div><strong>Material:<\/strong> Taurillon Clemence<br \/>\n<strong>Color:<\/strong> Rouge Tomate<br \/>\n<strong>Elementos met\u00e1licos:<\/strong> Paladio Herrajes<br \/>\n<strong>Material interior:<\/strong> Cuero<\/div>\n<div><strong>Grado: <\/strong>1 <img decoding=\"async\" class=\"info_box alignnone size-medium wp-image-885\" title=\"Informaci\u00f3n\" role=\"img\" src=\"https:\/\/handbag-sense.com\/wp-content\/uploads\/2023\/05\/info_icon.svg\" alt=\"Cuadro de informaci\u00f3n\" width=\"15\" height=\"15\" \/><br \/>\n<strong>A\u00f1o de producci\u00f3n \/ Sello:<\/strong> 2018 \/ C<br \/>\n<strong>Tama\u00f1o: <\/strong>35 x 25 x 18 cm<br \/>\n<strong>Env\u00edo:<\/strong> A todo el mundo<\/div>\n<\/div>\n<p><strong>Incluye:<\/strong> Recibo original, bolsa guardapolvo, clochette, llaves, cerradura, fieltro<\/p>\n","protected":false},"excerpt":{"rendered":"<p data-start=\"3472\" data-end=\"3567\"><strong data-start=\"3472\" data-end=\"3567\">Herm\u00e8s Birkin 35 Rouge Tomato Taurillon Clemence con Herrajes de Paladio \u2013 Como Nueva<\/strong><\/p>\n<p data-start=\"3569\" data-end=\"3946\">Esta <strong data-start=\"3574\" data-end=\"3607\">Herm\u00e8s Birkin 35 Rouge Tomato<\/strong> est\u00e1 confeccionada en cuero Taurillon Clemence en el vibrante tono Rouge Tomate y realzada con herrajes de paladio. Se encuentra en estado como nuevo, habiendo sido usada solo una vez. Incluye clochette, candado con dos llaves, dust bag de Herm\u00e8s y la factura original de Herm\u00e8s del a\u00f1o 2018, que garantiza su autenticidad.<\/p>\n<p data-start=\"3948\" data-end=\"4356\">Considerada un \u00edcono absoluto del lujo, la Birkin 35 representa la m\u00e1xima expresi\u00f3n de la artesan\u00eda de Herm\u00e8s y su dise\u00f1o atemporal. El cuero Taurillon Clemence es apreciado por su suavidad, resistencia y ca\u00edda elegante, aportando una sensaci\u00f3n lujosa sin perder durabilidad. El color Rouge Tomato aporta car\u00e1cter y sofisticaci\u00f3n, mientras que los herrajes de paladio ofrecen un contraste moderno y refinado.<\/p>\n<p data-start=\"4358\" data-end=\"4701\">El tama\u00f1o de 35 cm es altamente valorado por su funcionalidad, ya que ofrece amplio espacio para el uso diario manteniendo la silueta estructurada caracter\u00edstica de la Birkin. Para coleccionistas y conocedores, la <strong data-start=\"4572\" data-end=\"4605\">Herm\u00e8s Birkin 35 Rouge Tomato<\/strong> es tanto una pieza emblem\u00e1tica de estilo como una inversi\u00f3n s\u00f3lida dentro del mercado del lujo.<\/p>\n<p data-start=\"4703\" data-end=\"4928\">Con accesorios completos y documentaci\u00f3n original, este bolso combina exclusividad, artesan\u00eda y valor duradero. Una incorporaci\u00f3n distinguida a cualquier colecci\u00f3n de Herm\u00e8s, reflejando el legado y la excelencia de la maison.<\/p>\n<p>&nbsp;<\/p>\n","protected":false},"featured_media":22403,"template":"","meta":[],"product_brand":[2433],"product_cat":[1813,1815],"product_tag":[1892,1895,1893],"class_list":{"0":"post-22409","1":"product","2":"type-product","3":"status-publish","4":"has-post-thumbnail","6":"product_brand-hermes-es","7":"product_cat-bolso","8":"product_cat-comprador","9":"product_tag-birkin-35-togo-es","10":"product_tag-bolso-birkin-hermes","11":"product_tag-hermes-birkin-35-es","12":"pa_brand-hermes-es","13":"pa_color-rojo","14":"pa_grade-grado-2","15":"pa_hermes-models-birkin-es","16":"pa_material-cuero","18":"first","19":"instock","20":"sold-individually","21":"purchasable","22":"product-type-simple"},"_links":{"self":[{"href":"https:\/\/handbag-sense.com\/es\/wp-json\/wp\/v2\/product\/22409","targetHints":{"allow":["GET"]}}],"collection":[{"href":"https:\/\/handbag-sense.com\/es\/wp-json\/wp\/v2\/product"}],"about":[{"href":"https:\/\/handbag-sense.com\/es\/wp-json\/wp\/v2\/types\/product"}],"wp:featuredmedia":[{"embeddable":true,"href":"https:\/\/handbag-sense.com\/es\/wp-json\/wp\/v2\/media\/22403"}],"wp:attachment":[{"href":"https:\/\/handbag-sense.com\/es\/wp-json\/wp\/v2\/media?parent=22409"}],"wp:term":[{"taxonomy":"product_brand","embeddable":true,"href":"https:\/\/handbag-sense.com\/es\/wp-json\/wp\/v2\/product_brand?post=22409"},{"taxonomy":"product_cat","embeddable":true,"href":"https:\/\/handbag-sense.com\/es\/wp-json\/wp\/v2\/product_cat?post=22409"},{"taxonomy":"product_tag","embeddable":true,"href":"https:\/\/handbag-sense.com\/es\/wp-json\/wp\/v2\/product_tag?post=22409"}],"curies":[{"name":"wp","href":"https:\/\/api.w.org\/{rel}","templated":true}]}}