{"id":22292,"date":"2025-12-11T18:39:36","date_gmt":"2025-12-11T17:39:36","guid":{"rendered":"https:\/\/handbag-sense.com\/?post_type=product&#038;p=22292"},"modified":"2025-12-11T19:32:18","modified_gmt":"2025-12-11T18:32:18","slug":"hermes-kelly-25-etoupe-epsom-sellier","status":"publish","type":"product","link":"https:\/\/handbag-sense.com\/es\/producto\/hermes-kelly-25-etoupe-epsom-sellier\/","title":{"rendered":"Kelly 25 Etoupe Epsom Sellier"},"content":{"rendered":"<div class=\"c-columns-m-1 c-columns-2 c-columns-gap-s\">\n<div><strong>Material:<\/strong> Cuero Epsom<br \/>\n<strong>Color:<\/strong> Etoupe<br \/>\n<strong>Elementos met\u00e1licos:<\/strong> Oro Herrajes<br \/>\n<strong>Material interior:<\/strong> Cuero<\/div>\n<div><strong>Grado:<\/strong> 1 <img decoding=\"async\" class=\"info_box alignnone size-medium wp-image-885\" title=\"Informaci\u00f3n\" role=\"img\" src=\"https:\/\/handbag-sense.com\/wp-content\/uploads\/2023\/05\/info_icon.svg\" alt=\"Cuadro de informaci\u00f3n\" width=\"15\" height=\"15\" \/><br \/>\n<strong>A\u00f1o de producci\u00f3n \/ Sello:<\/strong> 2023 \/ B<br \/>\n<strong>Tama\u00f1o:<\/strong> 25 x 19 x 9 cm<br \/>\n<strong>Env\u00edo:<\/strong> A todo el mundo<\/div>\n<\/div>\n<p><strong>Incluye:<\/strong> Recibo original, bolsa guardapolvo, correa, clochette, cerradura, llaves, fieltro, folleto, caja<\/p>\n","protected":false},"excerpt":{"rendered":"<p data-start=\"4298\" data-end=\"4385\"><strong data-start=\"4298\" data-end=\"4383\">Herm\u00e8s Kelly 25 Etoupe Epsom Sellier con Herrajes Dorados \u2013 2023, Nueva<\/strong><\/p>\n<p data-start=\"4387\" data-end=\"4910\">Esta <strong data-start=\"4392\" data-end=\"4411\">Kelly 25 Sellier<\/strong> est\u00e1 confeccionada en resistente cuero Epsom en el ic\u00f3nico tono Etoupe de Herm\u00e8s y acabada con elegantes herrajes dorados. Se encuentra en <strong data-start=\"4559\" data-end=\"4603\">estado completamente nuevo y nunca usada<\/strong>; las protecciones fueron retiradas al comprarla, excepto las que permanecen en los pies del bolso. Lleva el <strong data-start=\"4712\" data-end=\"4730\">sello B (2023)<\/strong> y se entrega como un set completo: clochette, candado, dos llaves, correa original, caja Herm\u00e8s y factura de compra de 2023.<\/p>\n<p data-start=\"4912\" data-end=\"5488\">La <strong data-start=\"4915\" data-end=\"4934\">Kelly 25 Etoupe<\/strong> es una de las combinaciones m\u00e1s deseadas dentro del universo Herm\u00e8s, reconocida por su tono topo sofisticado que combina con cualquier estilo y paleta crom\u00e1tica. La construcci\u00f3n Sellier aporta l\u00edneas n\u00edtidas, estructura definida y una silueta elegante que realza la textura del cuero Epsom, conocido por su durabilidad y su capacidad de mantener la forma. Los herrajes dorados crean un contraste c\u00e1lido y lujoso, convirtiendo esta combinaci\u00f3n en una verdadera firma de la maison. Gracias a la correa, puede llevarse con gran estilo como bolso crossbody.<\/p>\n<p data-start=\"5490\" data-end=\"5757\">La <strong data-start=\"5493\" data-end=\"5513\">Kelly 25 Epsom Sellier<\/strong> es celebrada por su proporci\u00f3n perfecta, su valor de colecci\u00f3n y su atractivo atemporal. Debido a su rareza y demanda constante, es considerada una destacada <strong data-start=\"5672\" data-end=\"5697\">luxury investment bag<\/strong>, con un rendimiento sobresaliente en el mercado de reventa.<\/p>\n<p data-start=\"5759\" data-end=\"6030\">Para los coleccionistas que buscan una pieza casi de boutique, esta bolsa destaca como una <strong data-start=\"5850\" data-end=\"5877\">rare collectible Herm\u00e8s<\/strong>, uniendo artesan\u00eda excepcional, procedencia impecable y elegancia inherente. La <strong data-start=\"5958\" data-end=\"5991\">Kelly 25 Etoupe Gold Hardware <\/strong>representa la esencia del lujo eterno.<\/p>\n","protected":false},"featured_media":22268,"template":"","meta":[],"product_brand":[2433],"product_cat":[1813,1860,1818,1820],"product_tag":[2005,2328],"class_list":{"0":"post-22292","1":"product","2":"type-product","3":"status-publish","4":"has-post-thumbnail","6":"product_brand-hermes-es","7":"product_cat-bolso","8":"product_cat-bandolera","9":"product_cat-bolso-pequeno","10":"product_cat-bolso-cruzado","11":"product_tag-hermes-kelly-25-es","12":"product_tag-kelly-25-etoupe-es","13":"pa_brand-hermes-es","14":"pa_color-taupe-es","15":"pa_grade-grado-1","16":"pa_hermes-models-kelly-es","17":"pa_material-cuero","19":"first","20":"outofstock","21":"sold-individually","22":"product-type-simple"},"_links":{"self":[{"href":"https:\/\/handbag-sense.com\/es\/wp-json\/wp\/v2\/product\/22292","targetHints":{"allow":["GET"]}}],"collection":[{"href":"https:\/\/handbag-sense.com\/es\/wp-json\/wp\/v2\/product"}],"about":[{"href":"https:\/\/handbag-sense.com\/es\/wp-json\/wp\/v2\/types\/product"}],"wp:featuredmedia":[{"embeddable":true,"href":"https:\/\/handbag-sense.com\/es\/wp-json\/wp\/v2\/media\/22268"}],"wp:attachment":[{"href":"https:\/\/handbag-sense.com\/es\/wp-json\/wp\/v2\/media?parent=22292"}],"wp:term":[{"taxonomy":"product_brand","embeddable":true,"href":"https:\/\/handbag-sense.com\/es\/wp-json\/wp\/v2\/product_brand?post=22292"},{"taxonomy":"product_cat","embeddable":true,"href":"https:\/\/handbag-sense.com\/es\/wp-json\/wp\/v2\/product_cat?post=22292"},{"taxonomy":"product_tag","embeddable":true,"href":"https:\/\/handbag-sense.com\/es\/wp-json\/wp\/v2\/product_tag?post=22292"}],"curies":[{"name":"wp","href":"https:\/\/api.w.org\/{rel}","templated":true}]}}