{"id":22227,"date":"2025-12-09T11:48:33","date_gmt":"2025-12-09T10:48:33","guid":{"rendered":"https:\/\/handbag-sense.com\/?post_type=product&#038;p=22227"},"modified":"2025-12-10T14:50:53","modified_gmt":"2025-12-10T13:50:53","slug":"hermes-birkin-25-togo-negra-2","status":"publish","type":"product","link":"https:\/\/handbag-sense.com\/es\/producto\/hermes-birkin-25-togo-negra-2\/","title":{"rendered":"Birkin 25 Togo Negra"},"content":{"rendered":"<div class=\"c-columns-m-1 c-columns-2 c-columns-gap-s\">\n<div><strong>Material:<\/strong> Cuero Togo<\/div>\n<div><strong>Color:<\/strong> Negro<br \/>\n<strong>Elementos met\u00e1licos:<\/strong> Herrajes Permabrass<br \/>\n<strong>Material interior:<\/strong> Cuero<\/div>\n<div><strong>Grado: <\/strong> 1 <img decoding=\"async\" class=\"info_box alignnone size-medium wp-image-885\" title=\"Informaci\u00f3n\" role=\"img\" src=\"https:\/\/handbag-sense.com\/wp-content\/uploads\/2023\/05\/info_icon.svg\" alt=\"Cuadro de informaci\u00f3n\" width=\"15\" height=\"15\" \/><br \/>\n<strong>A\u00f1o de producci\u00f3n \/ Sello:<\/strong> 2025 \/ K<br \/>\n<strong>Tama\u00f1o:<\/strong> 25 x 20 x 13 cm<br \/>\n<strong>Env\u00edo: <\/strong>A todo el mundo<\/div>\n<\/div>\n<p><strong>Incluye:<\/strong> Recibo original, bolsa guardapolvo, clochette, cerradura, llaves, fieltro, folleto, caja<\/p>\n","protected":false},"excerpt":{"rendered":"<p data-start=\"4102\" data-end=\"4183\"><strong data-start=\"4102\" data-end=\"4181\">Herm\u00e8s Birkin 25 Togo Negra con Herrajes Permabrass \u2013 Nueva (2025)<\/strong><\/p>\n<p data-start=\"4185\" data-end=\"4640\">Esta <strong data-start=\"4190\" data-end=\"4209\">Birkin 25 Black<\/strong> est\u00e1 elaborada a mano en cuero Togo negro y realzada con elegantes herrajes permabrass, un tono champ\u00e1n que combina a la perfecci\u00f3n tanto con joyer\u00eda dorada como plateada. Totalmente <strong data-start=\"4393\" data-end=\"4416\">nueva y nunca usada<\/strong>, lleva el <strong data-start=\"4427\" data-end=\"4453\">sello del a\u00f1o 2025 (K)<\/strong>. Se entrega con la factura original, clochette, candado con dos llaves, dust bag y la ic\u00f3nica caja naranja de Herm\u00e8s. Un ejemplo impecable de la maestr\u00eda detr\u00e1s de la <strong data-start=\"4621\" data-end=\"4639\">Birkin 25 Togo<\/strong>.<\/p>\n<p data-start=\"4642\" data-end=\"5073\">La <strong data-start=\"4645\" data-end=\"4665\">Herm\u00e8s Birkin 25<\/strong> es reconocida mundialmente como un s\u00edmbolo de lujo, tradici\u00f3n y perfecci\u00f3n artesanal. En el cl\u00e1sico color negro, su atractivo es a\u00fan mayor, convirti\u00e9ndola en una de las inversiones m\u00e1s s\u00f3lidas en el mundo de la marroquiner\u00eda de alta gama. El cuero Togo, apreciado por su textura fina y su durabilidad, se complementa magn\u00edficamente con la sofisticaci\u00f3n c\u00e1lida de los herrajes <strong data-start=\"5042\" data-end=\"5072\">Birkin 25 Black Permabrass<\/strong>.<\/p>\n<p data-start=\"5075\" data-end=\"5375\">Compacta pero sorprendentemente funcional, la Birkin 25 es ideal tanto para el uso diario como para ocasiones especiales. Su combinaci\u00f3n de rareza, condici\u00f3n impecable y est\u00e9tica ic\u00f3nica la posiciona como una destacada <strong data-start=\"5294\" data-end=\"5319\">luxury investment bag<\/strong>, altamente valorada por coleccionistas internacionales.<\/p>\n<p data-start=\"5377\" data-end=\"5668\">Para conocedores, esta pieza representa una <strong data-start=\"5421\" data-end=\"5448\">rare collectible Herm\u00e8s<\/strong>, un bolso que une herencia, exclusividad y un dise\u00f1o eternamente deseado. La <strong data-start=\"5526\" data-end=\"5545\">Birkin 25 Black<\/strong> con herrajes Permabrass es un s\u00edmbolo de elegancia discreta y un elemento imprescindible para cualquier colecci\u00f3n de lujo.<\/p>\n","protected":false},"featured_media":22228,"template":"","meta":[],"product_brand":[2433],"product_cat":[1813,1818,1838],"product_tag":[1965,1914,2288],"class_list":{"0":"post-22227","1":"product","2":"type-product","3":"status-publish","4":"has-post-thumbnail","6":"product_brand-hermes-es","7":"product_cat-bolso","8":"product_cat-bolso-pequeno","9":"product_cat-bolso-de-noche","10":"product_tag-birkin-25-negro","11":"product_tag-hermes-birkin-25-es","12":"product_tag-hermes-birkin-negro","13":"pa_brand-hermes-es","14":"pa_color-negro","15":"pa_grade-grado-1","16":"pa_hermes-models-birkin-es","17":"pa_material-cuero","19":"first","20":"outofstock","21":"shipping-taxable","22":"product-type-simple"},"_links":{"self":[{"href":"https:\/\/handbag-sense.com\/es\/wp-json\/wp\/v2\/product\/22227","targetHints":{"allow":["GET"]}}],"collection":[{"href":"https:\/\/handbag-sense.com\/es\/wp-json\/wp\/v2\/product"}],"about":[{"href":"https:\/\/handbag-sense.com\/es\/wp-json\/wp\/v2\/types\/product"}],"wp:featuredmedia":[{"embeddable":true,"href":"https:\/\/handbag-sense.com\/es\/wp-json\/wp\/v2\/media\/22228"}],"wp:attachment":[{"href":"https:\/\/handbag-sense.com\/es\/wp-json\/wp\/v2\/media?parent=22227"}],"wp:term":[{"taxonomy":"product_brand","embeddable":true,"href":"https:\/\/handbag-sense.com\/es\/wp-json\/wp\/v2\/product_brand?post=22227"},{"taxonomy":"product_cat","embeddable":true,"href":"https:\/\/handbag-sense.com\/es\/wp-json\/wp\/v2\/product_cat?post=22227"},{"taxonomy":"product_tag","embeddable":true,"href":"https:\/\/handbag-sense.com\/es\/wp-json\/wp\/v2\/product_tag?post=22227"}],"curies":[{"name":"wp","href":"https:\/\/api.w.org\/{rel}","templated":true}]}}