{"id":22137,"date":"2025-12-06T15:09:23","date_gmt":"2025-12-06T14:09:23","guid":{"rendered":"https:\/\/handbag-sense.com\/?post_type=product&#038;p=22137"},"modified":"2025-12-11T14:00:20","modified_gmt":"2025-12-11T13:00:20","slug":"hermes-kelly-25-negro-sellier-epsom","status":"publish","type":"product","link":"https:\/\/handbag-sense.com\/es\/producto\/hermes-kelly-25-negro-sellier-epsom\/","title":{"rendered":"Kelly 25 Negro Sellier Epsom"},"content":{"rendered":"<div class=\"c-columns-m-1 c-columns-2 c-columns-gap-s\">\n<div><strong>Material:<\/strong> Cuero Epsom<br \/>\n<strong>Color:<\/strong> Negro<br \/>\n<strong>Elementos met\u00e1licos:<\/strong> Herrajes de paladio<br \/>\n<strong>Material interior:<\/strong> Cuero<\/div>\n<div><strong>Grado:<\/strong> 1 <img decoding=\"async\" class=\"info_box alignnone size-medium wp-image-885\" title=\"Informaci\u00f3n\" role=\"img\" src=\"https:\/\/handbag-sense.com\/wp-content\/uploads\/2023\/05\/info_icon.svg\" alt=\"Cuadro de informaci\u00f3n\" width=\"15\" height=\"15\" \/><br \/>\n<strong>A\u00f1o de producci\u00f3n\/Sello:<\/strong> 2025 \/ K<br \/>\n<strong>Tama\u00f1o:<\/strong> 25 x 19 x 9 cm<br \/>\n<strong>Naviero:<\/strong> Mundial<\/div>\n<\/div>\n<p><strong>Incluye:<\/strong> Recibo original, bolsa guardapolvo, correa, clochette, cerradura, llaves, fieltro, folleto, caja<\/p>\n","protected":false},"excerpt":{"rendered":"<p data-start=\"3958\" data-end=\"4047\"><strong data-start=\"3958\" data-end=\"4045\">Herm\u00e8s Kelly 25 Negro Sellier Epsom con Herrajes de Paladio \u2013 2025, Nueva (Sello K)<\/strong><\/p>\n<p data-start=\"4049\" data-end=\"4458\">Esta <strong data-start=\"4054\" data-end=\"4072\">Kelly 25 Black<\/strong> Sellier est\u00e1 elaborada en cuero Epsom negro de estructura firme y rematada con elegantes herrajes de paladio. Totalmente <strong data-start=\"4194\" data-end=\"4217\">nueva y nunca usada<\/strong>, lleva el <strong data-start=\"4228\" data-end=\"4246\">sello 2025 (K)<\/strong>. Se entrega con clochette y juego de llaves, correa original, dust bag, la ic\u00f3nica caja naranja y el recibo Herm\u00e8s del a\u00f1o 2025.<\/p>\n<p data-start=\"4460\" data-end=\"5013\">La <strong data-start=\"4463\" data-end=\"4481\">Kelly 25 Noir<\/strong> es uno de los modelos m\u00e1s codiciados dentro del universo Herm\u00e8s. Su construcci\u00f3n Sellier aporta l\u00edneas limpias, un perfil arquitect\u00f3nico y una forma definida que se mantiene con el tiempo. El cuero Epsom, apreciado por su durabilidad y resistencia, ofrece una textura fina y elegante. Los herrajes de paladio a\u00f1aden un contraste moderno, logrando una est\u00e9tica vers\u00e1til tanto para el d\u00eda como para la noche. Su tama\u00f1o compacto la convierte en la elecci\u00f3n ideal para coleccionistas que buscan equilibrio entre estilo y funcionalidad.<\/p>\n<p data-start=\"5015\" data-end=\"5327\">La <strong data-start=\"5018\" data-end=\"5038\">Kelly 25 Sellier<\/strong> ha alcanzado un estatus ic\u00f3nico en todo el mundo. En la combinaci\u00f3n cl\u00e1sica negra, su atractivo es a\u00fan mayor, ya que representa sofisticaci\u00f3n atemporal. Es considerada una destacada <strong data-start=\"5221\" data-end=\"5246\">luxury investment bag<\/strong>, reconocida por conservar su valor gracias a su rareza y deseabilidad constante.<\/p>\n<p data-start=\"5329\" data-end=\"5588\">Para los conocedores que buscan una pieza excepcional, esta bolsa es una <strong data-start=\"5402\" data-end=\"5429\">rare collectible Herm\u00e8s<\/strong>, respaldada por su procedencia impecable y la maestr\u00eda artesanal de la maison. La <strong data-start=\"5512\" data-end=\"5549\">Kelly 25 Black Palladium Hardware<\/strong> personifica el lujo discreto y eterno.<\/p>\n","protected":false},"featured_media":22250,"template":"","meta":[],"product_brand":[2433],"product_cat":[1813,1860,1818,1838,1820],"product_tag":[1906,1902,1904],"class_list":{"0":"post-22137","1":"product","2":"type-product","3":"status-publish","4":"has-post-thumbnail","6":"product_brand-hermes-es","7":"product_cat-bolso","8":"product_cat-bandolera","9":"product_cat-bolso-pequeno","10":"product_cat-bolso-de-noche","11":"product_cat-bolso-cruzado","12":"product_tag-hermes-kelly-negro","13":"product_tag-kelly-25-negro","14":"product_tag-kelly-sellier-negro","15":"pa_brand-hermes-es","16":"pa_color-negro","17":"pa_grade-grado-1","18":"pa_hermes-models-kelly-es","19":"pa_material-cuero","21":"first","22":"outofstock","23":"shipping-taxable","24":"product-type-simple"},"_links":{"self":[{"href":"https:\/\/handbag-sense.com\/es\/wp-json\/wp\/v2\/product\/22137","targetHints":{"allow":["GET"]}}],"collection":[{"href":"https:\/\/handbag-sense.com\/es\/wp-json\/wp\/v2\/product"}],"about":[{"href":"https:\/\/handbag-sense.com\/es\/wp-json\/wp\/v2\/types\/product"}],"wp:featuredmedia":[{"embeddable":true,"href":"https:\/\/handbag-sense.com\/es\/wp-json\/wp\/v2\/media\/22250"}],"wp:attachment":[{"href":"https:\/\/handbag-sense.com\/es\/wp-json\/wp\/v2\/media?parent=22137"}],"wp:term":[{"taxonomy":"product_brand","embeddable":true,"href":"https:\/\/handbag-sense.com\/es\/wp-json\/wp\/v2\/product_brand?post=22137"},{"taxonomy":"product_cat","embeddable":true,"href":"https:\/\/handbag-sense.com\/es\/wp-json\/wp\/v2\/product_cat?post=22137"},{"taxonomy":"product_tag","embeddable":true,"href":"https:\/\/handbag-sense.com\/es\/wp-json\/wp\/v2\/product_tag?post=22137"}],"curies":[{"name":"wp","href":"https:\/\/api.w.org\/{rel}","templated":true}]}}