{"id":22127,"date":"2025-12-05T17:44:36","date_gmt":"2025-12-05T16:44:36","guid":{"rendered":"https:\/\/handbag-sense.com\/?post_type=product&#038;p=22127"},"modified":"2025-12-12T17:47:34","modified_gmt":"2025-12-12T16:47:34","slug":"hermes-kelly-pochette-gris-perle","status":"publish","type":"product","link":"https:\/\/handbag-sense.com\/es\/producto\/hermes-kelly-pochette-gris-perle\/","title":{"rendered":"Kelly Pochette Gris Perle"},"content":{"rendered":"<div class=\"c-columns-m-1 c-columns-2 c-columns-gap-s\">\n<div><strong>Material:<\/strong> Cuero Swift<br \/>\n<strong>Color:<\/strong> Gris Perle<br \/>\n<strong>Elementos met\u00e1licos:<\/strong> Herrajes de Paladio<\/div>\n<div><strong>Material interior:<\/strong> Cuero<\/div>\n<div><strong>Grado:<\/strong> 1 <img decoding=\"async\" class=\"info_box alignnone size-medium wp-image-885\" title=\"Informaci\u00f3n\" role=\"img\" src=\"https:\/\/handbag-sense.com\/wp-content\/uploads\/2023\/05\/info_icon.svg\" alt=\"Cuadro de informaci\u00f3n\" width=\"15\" height=\"15\" \/><br \/>\n<strong>A\u00f1o de producci\u00f3n \/ Sello:<\/strong> 2025 \/ K<br \/>\n<strong>Tama\u00f1o:<\/strong> 22 x 13 x 7 cm<br \/>\n<strong>Env\u00edo:<\/strong> A todo el mundo<\/div>\n<\/div>\n<p><strong>Incluye:<\/strong> Recibo original, bolsa guardapolvo, fieltro, folleto, caja<\/p>\n","protected":false},"excerpt":{"rendered":"<p data-start=\"4357\" data-end=\"4450\"><strong data-start=\"4357\" data-end=\"4448\">Herm\u00e8s Kelly Pochette Gris Perle Swift con Herrajes de Paladio \u2013 Nueva (2025)<\/strong><\/p>\n<p data-start=\"4452\" data-end=\"4968\">Esta <strong data-start=\"4457\" data-end=\"4482\">Herm\u00e8s Kelly Pochette<\/strong> est\u00e1 confeccionada en suave <strong data-start=\"4511\" data-end=\"4535\">Swift Leather<\/strong> en el tono<strong> Gris Perle<\/strong>. Combinada con herrajes de paladio, ofrece un acabado moderno y elegante. Nueva y nunca usada, lleva el sello del a\u00f1o 2025 (K) y se entrega con recibo original, dust bag y la caja naranja.<\/p>\n<p data-start=\"4970\" data-end=\"5333\">Esta <strong data-start=\"4975\" data-end=\"5000\">Herm\u00e8s Kelly Pochette<\/strong> captura la esencia atemporal de la l\u00ednea Kelly, reinterpretada en un formato compacto y femenino. El cuero Swift aporta suavidad y fluidez, realzando la silueta limpia y minimalista de la Pochette.<\/p>\n<p data-start=\"5335\" data-end=\"5577\">Su forma compacta evoca la est\u00e9tica de la codiciada <strong data-start=\"5387\" data-end=\"5415\">Herm\u00e8s Mini Kelly Clutch<\/strong>, ofreciendo un dise\u00f1o perfecto para eventos, cenas y ocasiones especiales. El cierre turn-lock y el asa estructurada destacan la artesan\u00eda excepcional de Herm\u00e8s.<\/p>\n<p data-start=\"5579\" data-end=\"6001\">Muy deseada entre entusiastas y coleccionistas, esta pieza representa tanto belleza est\u00e9tica como valor duradero. Como <strong data-start=\"5698\" data-end=\"5717\">rare Herm\u00e8s bag<\/strong>, su exclusividad y atractivo crom\u00e1tico la convierten en un elemento destacado dentro de cualquier colecci\u00f3n. Clasificada como <strong data-start=\"5844\" data-end=\"5874\">luxury collectible handbag<\/strong>, la Kelly Pochette Gris Perle es una inversi\u00f3n refinada que combina artesan\u00eda, feminidad y distinci\u00f3n en su m\u00e1xima expresi\u00f3n.<\/p>\n","protected":false},"featured_media":22109,"template":"","meta":[],"product_brand":[2433],"product_cat":[1818,1840,1838],"product_tag":[2143],"class_list":{"0":"post-22127","1":"product","2":"type-product","3":"status-publish","4":"has-post-thumbnail","6":"product_brand-hermes-es","7":"product_cat-bolso-pequeno","8":"product_cat-clutch-pochette","9":"product_cat-bolso-de-noche","10":"product_tag-hermes-kelly-pochette-es","11":"pa_brand-hermes-es","12":"pa_color-gris","13":"pa_grade-grado-1","14":"pa_hermes-models-kelly-es","15":"pa_material-cuero","17":"first","18":"outofstock","19":"sold-individually","20":"product-type-simple"},"_links":{"self":[{"href":"https:\/\/handbag-sense.com\/es\/wp-json\/wp\/v2\/product\/22127","targetHints":{"allow":["GET"]}}],"collection":[{"href":"https:\/\/handbag-sense.com\/es\/wp-json\/wp\/v2\/product"}],"about":[{"href":"https:\/\/handbag-sense.com\/es\/wp-json\/wp\/v2\/types\/product"}],"wp:featuredmedia":[{"embeddable":true,"href":"https:\/\/handbag-sense.com\/es\/wp-json\/wp\/v2\/media\/22109"}],"wp:attachment":[{"href":"https:\/\/handbag-sense.com\/es\/wp-json\/wp\/v2\/media?parent=22127"}],"wp:term":[{"taxonomy":"product_brand","embeddable":true,"href":"https:\/\/handbag-sense.com\/es\/wp-json\/wp\/v2\/product_brand?post=22127"},{"taxonomy":"product_cat","embeddable":true,"href":"https:\/\/handbag-sense.com\/es\/wp-json\/wp\/v2\/product_cat?post=22127"},{"taxonomy":"product_tag","embeddable":true,"href":"https:\/\/handbag-sense.com\/es\/wp-json\/wp\/v2\/product_tag?post=22127"}],"curies":[{"name":"wp","href":"https:\/\/api.w.org\/{rel}","templated":true}]}}