{"id":22087,"date":"2025-12-04T13:15:49","date_gmt":"2025-12-04T12:15:49","guid":{"rendered":"https:\/\/handbag-sense.com\/?post_type=product&#038;p=22087"},"modified":"2025-12-04T14:03:58","modified_gmt":"2025-12-04T13:03:58","slug":"small-boy-bag-beige-camel-con-herrajes-plateados-envejecidos-usada-condicion-aceptable","status":"publish","type":"product","link":"https:\/\/handbag-sense.com\/es\/producto\/small-boy-bag-beige-camel-con-herrajes-plateados-envejecidos-usada-condicion-aceptable\/","title":{"rendered":"Small Boy Bag Beige Camel con Herrajes Plateados Envejecidos \u2013 Usada (Condici\u00f3n Aceptable)"},"content":{"rendered":"<div class=\"c-columns-m-1 c-columns-2 c-columns-gap-s\">\n<div><strong>Material:<\/strong> L<label class=\"selectit\">eather<\/label><br \/>\n<strong>Color:<\/strong> Beige Camel<br \/>\n<strong>Elementos met\u00e1licos:<\/strong> Herrajes de rutenio<br \/>\n<strong>Material interior:<\/strong> Forro textil<\/div>\n<div><strong>Calificaci\u00f3n: <\/strong> 6 <img decoding=\"async\" class=\"info_box alignnone size-medium wp-image-885\" title=\"Informaci\u00f3n\" role=\"img\" src=\"https:\/\/handbag-sense.com\/wp-content\/uploads\/2023\/05\/info_icon.svg\" alt=\"Cuadro de informaci\u00f3n\" width=\"15\" height=\"15\" \/><br \/>\n<strong>A\u00f1o de producci\u00f3n\/c\u00f3digo de serie:<\/strong> 2012, a partir de 162...<br \/>\n<strong>Tama\u00f1o:<\/strong> 20 x 12 x 7 cm<\/div>\n<\/div>\n<p>&nbsp;<\/p>\n","protected":false},"excerpt":{"rendered":"<p data-start=\"3050\" data-end=\"3153\"><strong data-start=\"3050\" data-end=\"3151\">Chanel Small Boy Bag Beige Camel con Herrajes Plateados Envejecidos \u2013 Usada (Condici\u00f3n Aceptable)<\/strong><\/p>\n<p data-start=\"3155\" data-end=\"3542\">Este <strong data-start=\"3160\" data-end=\"3184\">Chanel Small Boy Bag<\/strong> est\u00e1 confeccionado en cuero de becerro liso en un tono beige-camel c\u00e1lido, combinado con herrajes plateados envejecidos. El bolso presenta <strong data-start=\"3324\" data-end=\"3350\">signos visibles de uso<\/strong>, como desgaste, p\u00e9rdida de color, roces y ara\u00f1azos en esquinas, bordes, ribetes y partes del acolchado. Adem\u00e1s, <strong data-start=\"3463\" data-end=\"3496\">la correa ha sido reemplazada<\/strong>. La tarjeta de autenticidad no est\u00e1 incluida.<\/p>\n<p data-start=\"3544\" data-end=\"3803\">Aun con su desgaste, el bolso conserva la est\u00e9tica audaz y estructurada que caracteriza a la ic\u00f3nica l\u00ednea Boy. El hardware envejecido aporta un contraste elegante, mientras que el tono camel permite una gran versatilidad para estilos casuales y sofisticados.<\/p>\n<p data-start=\"3805\" data-end=\"4132\">El interior est\u00e1 limpio y completamente funcional, y el cierre abre y asegura correctamente. Aunque el exterior muestra uso notable, la estructura sigue siendo firme y adecuada para el d\u00eda a d\u00eda. Para compradoras que buscan un <strong data-start=\"4032\" data-end=\"4050\">Chanel Boy Bag<\/strong> aut\u00e9ntico a un precio m\u00e1s accesible, esta pieza ofrece una excelente oportunidad.<\/p>\n<p data-start=\"4134\" data-end=\"4343\">Con car\u00e1cter, autenticidad y funcionalidad, este bolso permite disfrutar del encanto atemporal de la colecci\u00f3n Boy \u2014 ideal para quienes valoran una pieza con personalidad y el inconfundible esp\u00edritu de Chanel.<\/p>\n","protected":false},"featured_media":21889,"template":"","meta":[],"product_brand":[2418],"product_cat":[1813,1860,1820],"product_tag":[1933],"class_list":{"0":"post-22087","1":"product","2":"type-product","3":"status-publish","4":"has-post-thumbnail","6":"product_brand-chanel-es","7":"product_cat-bolso","8":"product_cat-bandolera","9":"product_cat-bolso-cruzado","10":"product_tag-bolso-chanel-boy","11":"pa_brand-chanel-es","12":"pa_chanel-models-boy-bag-es","13":"pa_color-negro","14":"pa_color-multicolor","15":"pa_grade-grado-4","16":"pa_material-cuero","17":"pa_material-tweed-es","19":"first","20":"instock","21":"shipping-taxable","22":"purchasable","23":"product-type-simple"},"_links":{"self":[{"href":"https:\/\/handbag-sense.com\/es\/wp-json\/wp\/v2\/product\/22087","targetHints":{"allow":["GET"]}}],"collection":[{"href":"https:\/\/handbag-sense.com\/es\/wp-json\/wp\/v2\/product"}],"about":[{"href":"https:\/\/handbag-sense.com\/es\/wp-json\/wp\/v2\/types\/product"}],"wp:featuredmedia":[{"embeddable":true,"href":"https:\/\/handbag-sense.com\/es\/wp-json\/wp\/v2\/media\/21889"}],"wp:attachment":[{"href":"https:\/\/handbag-sense.com\/es\/wp-json\/wp\/v2\/media?parent=22087"}],"wp:term":[{"taxonomy":"product_brand","embeddable":true,"href":"https:\/\/handbag-sense.com\/es\/wp-json\/wp\/v2\/product_brand?post=22087"},{"taxonomy":"product_cat","embeddable":true,"href":"https:\/\/handbag-sense.com\/es\/wp-json\/wp\/v2\/product_cat?post=22087"},{"taxonomy":"product_tag","embeddable":true,"href":"https:\/\/handbag-sense.com\/es\/wp-json\/wp\/v2\/product_tag?post=22087"}],"curies":[{"name":"wp","href":"https:\/\/api.w.org\/{rel}","templated":true}]}}