{"id":22051,"date":"2025-11-28T14:47:48","date_gmt":"2025-11-28T13:47:48","guid":{"rendered":"https:\/\/handbag-sense.com\/?post_type=product&#038;p=22051"},"modified":"2025-12-10T13:23:22","modified_gmt":"2025-12-10T12:23:22","slug":"hermes-birkin-35-gold-togo","status":"publish","type":"product","link":"https:\/\/handbag-sense.com\/es\/producto\/hermes-birkin-35-gold-togo\/","title":{"rendered":"Birkin 35 Gold Togo"},"content":{"rendered":"<div class=\"c-columns-m-1 c-columns-2 c-columns-gap-s\">\n<div><strong>Material:<\/strong> Cuero Togo<br \/>\n<strong>Color:<\/strong> Gold<br \/>\n<strong>Elementos met\u00e1licos:<\/strong> Herrajes de paladio<br \/>\n<strong>Material interior:<\/strong> Cuero<\/div>\n<div><strong>Grado: <\/strong>3\/4 <img decoding=\"async\" class=\"info_box alignnone size-medium wp-image-885\" title=\"Informaci\u00f3n\" role=\"img\" src=\"https:\/\/handbag-sense.com\/wp-content\/uploads\/2023\/05\/info_icon.svg\" alt=\"Cuadro de informaci\u00f3n\" width=\"15\" height=\"15\" \/><br \/>\n<strong>A\u00f1o de producci\u00f3n \/ Sello:<\/strong> 2006 \/ J<br \/>\n<strong>Tama\u00f1o: <\/strong>35 x 25 x 18 cm<br \/>\n<strong>Env\u00edo:<\/strong> A todo el mundo<\/div>\n<\/div>\n<p><strong>Incluye:<\/strong> \u00a0Bolsa guardapolvo, clochette, llaves, cerradura<\/p>\n","protected":false},"excerpt":{"rendered":"<p data-start=\"2069\" data-end=\"2157\"><strong data-start=\"2069\" data-end=\"2157\">Herm\u00e8s Birkin 35 Gold Togo con Herrajes de Paladio \u2013 2006, Muy buen estado<\/strong><\/p>\n<p data-start=\"2159\" data-end=\"2708\">Este <strong data-start=\"2164\" data-end=\"2184\">Herm\u00e8s Birkin 35<\/strong> est\u00e1 confeccionado en resistente cuero Togo, presentado en el ic\u00f3nico color Gold y combinado con herrajes en paladio. La pieza fue atendida en el Herm\u00e8s Spa y se encuentra en <strong data-start=\"2449\" data-end=\"2468\">muy buen estado<\/strong>, mostrando \u00fanicamente ligeros ara\u00f1azos en el hardware. La clochette, el candado y las dos llaves fueron reemplazados mediante Herm\u00e8s, lo que genera una leve variaci\u00f3n en el tono del cuero.<\/p>\n<p data-start=\"2710\" data-end=\"3137\">Considerado uno de los bolsos m\u00e1s emblem\u00e1ticos y deseados del mundo, el <strong data-start=\"2782\" data-end=\"2802\">Herm\u00e8s Birkin Gold<\/strong> combina versatilidad, elegancia y un estilo atemporal. El cuero Togo aporta durabilidad y estructura, manteniendo la forma del bolso y ofreciendo un acabado mate sofisticado. La armon\u00eda entre el c\u00e1lido tono Gold y los herrajes en paladio resalta la silueta ic\u00f3nica del Birkin, realzando su est\u00e9tica cl\u00e1sica y moderna a la vez.<\/p>\n<p data-start=\"3139\" data-end=\"3566\">Apreciado por coleccionistas y expertos, este modelo destaca por su funcionalidad y su fuerte valor patrimonial. Su amplio interior, equipado con un bolsillo con cremallera y un bolsillo abierto, lo convierte en un bolso perfecto para el d\u00eda a d\u00eda, viajes o entornos profesionales. La artesan\u00eda tradicional de Herm\u00e8s \u2014cosida completamente a mano con la t\u00e9cnica del punto de guarnicionero\u2014 garantiza una durabilidad excepcional.<\/p>\n","protected":false},"featured_media":22046,"template":"","meta":[],"product_brand":[2433],"product_cat":[1813,1815],"product_tag":[1895,1893],"class_list":{"0":"post-22051","1":"product","2":"type-product","3":"status-publish","4":"has-post-thumbnail","6":"product_brand-hermes-es","7":"product_cat-bolso","8":"product_cat-comprador","9":"product_tag-bolso-birkin-hermes","10":"product_tag-hermes-birkin-35-es","11":"pa_brand-hermes-es","12":"pa_color-oro","13":"pa_grade-grado-3","14":"pa_hermes-models-birkin-es","15":"pa_material-cuero","17":"first","18":"outofstock","19":"sold-individually","20":"product-type-simple"},"_links":{"self":[{"href":"https:\/\/handbag-sense.com\/es\/wp-json\/wp\/v2\/product\/22051","targetHints":{"allow":["GET"]}}],"collection":[{"href":"https:\/\/handbag-sense.com\/es\/wp-json\/wp\/v2\/product"}],"about":[{"href":"https:\/\/handbag-sense.com\/es\/wp-json\/wp\/v2\/types\/product"}],"wp:featuredmedia":[{"embeddable":true,"href":"https:\/\/handbag-sense.com\/es\/wp-json\/wp\/v2\/media\/22046"}],"wp:attachment":[{"href":"https:\/\/handbag-sense.com\/es\/wp-json\/wp\/v2\/media?parent=22051"}],"wp:term":[{"taxonomy":"product_brand","embeddable":true,"href":"https:\/\/handbag-sense.com\/es\/wp-json\/wp\/v2\/product_brand?post=22051"},{"taxonomy":"product_cat","embeddable":true,"href":"https:\/\/handbag-sense.com\/es\/wp-json\/wp\/v2\/product_cat?post=22051"},{"taxonomy":"product_tag","embeddable":true,"href":"https:\/\/handbag-sense.com\/es\/wp-json\/wp\/v2\/product_tag?post=22051"}],"curies":[{"name":"wp","href":"https:\/\/api.w.org\/{rel}","templated":true}]}}