{"id":21850,"date":"2025-11-20T16:49:28","date_gmt":"2025-11-20T15:49:28","guid":{"rendered":"https:\/\/handbag-sense.com\/?post_type=product&#038;p=21850"},"modified":"2025-12-06T22:10:10","modified_gmt":"2025-12-06T21:10:10","slug":"hermes-kelly-32-vintage-box-negra","status":"publish","type":"product","link":"https:\/\/handbag-sense.com\/es\/producto\/hermes-kelly-32-vintage-box-negra\/","title":{"rendered":"Kelly 32 Vintage Box Negra"},"content":{"rendered":"<div class=\"c-columns-m-1 c-columns-2 c-columns-gap-s\">\n<div><strong>Material:<\/strong> Cuero box<br \/>\n<strong>Color:<\/strong> Negro<br \/>\n<strong>Elementos met\u00e1licos:<\/strong> Herrajes de oro<br \/>\n<strong>Material interior:<\/strong> Cuero<\/div>\n<div><strong>Grado: <\/strong>4\u00a0<img decoding=\"async\" class=\"info_box alignnone size-medium wp-image-885\" title=\"Informaci\u00f3n\" role=\"img\" src=\"https:\/\/handbag-sense.com\/wp-content\/uploads\/2023\/05\/info_icon.svg\" alt=\"Cuadro de informaci\u00f3n\" width=\"15\" height=\"15\" \/><br \/>\n<strong>A\u00f1o de producci\u00f3n\/Sello:<\/strong> 1993 \/ W<br \/>\n<strong>Tama\u00f1o:<\/strong> 32 x 22 x 11,5 cm<br \/>\n<strong>Naviero:<\/strong> Mundial<\/div>\n<\/div>\n<p><strong>Incluye:<\/strong> Clochette, llaves, correa<\/p>\n","protected":false},"excerpt":{"rendered":"<p data-start=\"3385\" data-end=\"3476\"><strong data-start=\"3385\" data-end=\"3474\">Herm\u00e8s Kelly 32 Vintage Box Negra con Herrajes Dorados \u2013 1993 (W en un C\u00edrculo)<\/strong><\/p>\n<p data-start=\"3478\" data-end=\"3910\">Este <strong data-start=\"3483\" data-end=\"3510\">Herm\u00e8s Kelly 32 Vintage<\/strong> est\u00e1 elaborado en cl\u00e1sico cuero Box negro y decorado con herrajes dorados. Producido en 1993 y marcado con el sello <strong data-start=\"3627\" data-end=\"3646\">W en un c\u00edrculo<\/strong>, se conserva en muy buen estado para su antig\u00fcedad, mostrando leves ara\u00f1azos y se\u00f1ales de uso que aportan una elegante p\u00e1tina vintage. El modelo Retourne incluye la correa original, clochette y dos llaves; el candado falta, algo habitual en bolsos Kelly antiguos.<\/p>\n<p data-start=\"3912\" data-end=\"4390\">Considerado una pieza muy codiciada entre coleccionistas, el <strong data-start=\"3973\" data-end=\"3995\">Herm\u00e8s Kelly Black<\/strong> en cuero Box encarna la combinaci\u00f3n perfecta de herencia, refinamiento y elegancia parisina atemporal. El cuero Box envejece con belleza, desarrollando car\u00e1cter mientras mantiene su estructura, raz\u00f3n por la cual la <strong data-start=\"4211\" data-end=\"4232\">Vintage Kelly Bag<\/strong> es tan admirada en el mercado del lujo. El interior, con tres bolsillos de parche en cuero Box negro, a\u00f1ade encanto pr\u00e1ctico y refuerza su atractivo vintage.<\/p>\n<p data-start=\"4392\" data-end=\"4908\">Rara, sofisticada y con gran valor hist\u00f3rico, esta Kelly 32 destaca como un s\u00edmbolo de estilo y una s\u00f3lida <strong data-start=\"4499\" data-end=\"4521\">investment handbag<\/strong> con una demanda duradera. Su p\u00e1tina rica, su silueta elegante y sus ic\u00f3nicos herrajes la convierten en una <strong data-start=\"4629\" data-end=\"4653\">rare collectible bag<\/strong>, ideal para conocedores en busca de una pieza aut\u00e9ntica de la historia de Herm\u00e8s. Una verdadera joya que combina artesan\u00eda, exclusividad y valor perdurable \u2014 esta <strong data-start=\"4817\" data-end=\"4839\">Box Leather Herm\u00e8s<\/strong> Kelly es una pieza imprescindible para cualquier colecci\u00f3n refinada.<\/p>\n","protected":false},"featured_media":21827,"template":"","meta":[],"product_brand":[2433],"product_cat":[1813,1860,1838,1820],"product_tag":[1982,2532,2533],"class_list":{"0":"post-21850","1":"product","2":"type-product","3":"status-publish","4":"has-post-thumbnail","6":"product_brand-hermes-es","7":"product_cat-bolso","8":"product_cat-bandolera","9":"product_cat-bolso-de-noche","10":"product_cat-bolso-cruzado","11":"product_tag-caja-kelly-vintage","12":"product_tag-hermes-kelly-vintage-es","13":"product_tag-kelly-32-vintage-es","14":"pa_brand-hermes-es","15":"pa_color-negro","16":"pa_grade-grado-4","17":"pa_hermes-models-kelly-es","18":"pa_material-cuero","20":"first","21":"outofstock","22":"shipping-taxable","23":"product-type-simple"},"_links":{"self":[{"href":"https:\/\/handbag-sense.com\/es\/wp-json\/wp\/v2\/product\/21850","targetHints":{"allow":["GET"]}}],"collection":[{"href":"https:\/\/handbag-sense.com\/es\/wp-json\/wp\/v2\/product"}],"about":[{"href":"https:\/\/handbag-sense.com\/es\/wp-json\/wp\/v2\/types\/product"}],"wp:featuredmedia":[{"embeddable":true,"href":"https:\/\/handbag-sense.com\/es\/wp-json\/wp\/v2\/media\/21827"}],"wp:attachment":[{"href":"https:\/\/handbag-sense.com\/es\/wp-json\/wp\/v2\/media?parent=21850"}],"wp:term":[{"taxonomy":"product_brand","embeddable":true,"href":"https:\/\/handbag-sense.com\/es\/wp-json\/wp\/v2\/product_brand?post=21850"},{"taxonomy":"product_cat","embeddable":true,"href":"https:\/\/handbag-sense.com\/es\/wp-json\/wp\/v2\/product_cat?post=21850"},{"taxonomy":"product_tag","embeddable":true,"href":"https:\/\/handbag-sense.com\/es\/wp-json\/wp\/v2\/product_tag?post=21850"}],"curies":[{"name":"wp","href":"https:\/\/api.w.org\/{rel}","templated":true}]}}