{"id":21740,"date":"2025-11-19T15:54:25","date_gmt":"2025-11-19T14:54:25","guid":{"rendered":"https:\/\/handbag-sense.com\/?post_type=product&#038;p=21740"},"modified":"2025-11-26T15:34:42","modified_gmt":"2025-11-26T14:34:42","slug":"hermes-birkin-35-graphite-taurillon","status":"publish","type":"product","link":"https:\/\/handbag-sense.com\/es\/producto\/hermes-birkin-35-graphite-taurillon\/","title":{"rendered":"Birkin 35 Graphite Taurillon Clemence"},"content":{"rendered":"<div class=\"c-columns-m-1 c-columns-2 c-columns-gap-s\">\n<div><strong>Material:<\/strong> Taurillon Clemence<br \/>\n<strong>Color:<\/strong> Graphite<br \/>\n<strong>Elementos met\u00e1licos:<\/strong> Herrajes de paladio<br \/>\n<strong>Material interior:<\/strong> Cuero<\/div>\n<div><strong>Grado: <\/strong>3\u00a0<img decoding=\"async\" class=\"info_box alignnone size-medium wp-image-885\" title=\"Informaci\u00f3n\" role=\"img\" src=\"https:\/\/handbag-sense.com\/wp-content\/uploads\/2023\/05\/info_icon.svg\" alt=\"Cuadro de informaci\u00f3n\" width=\"15\" height=\"15\" \/><br \/>\n<strong>A\u00f1o de producci\u00f3n \/ Sello:<\/strong> 2011 \/ O<br \/>\n<strong>Tama\u00f1o: <\/strong>35 x 25 x 18 cm<br \/>\n<strong>Env\u00edo:<\/strong> A todo el mundo<\/div>\n<\/div>\n<p><strong>Incluye:<\/strong> \u00a0Bolsa guardapolvo, clochette, llaves, cerradura<\/p>\n","protected":false},"excerpt":{"rendered":"<p data-start=\"2733\" data-end=\"3141\"><strong data-start=\"2733\" data-end=\"2829\">Herm\u00e8s Birkin 35 Graphite Taurillon Clemence con Herrajes de Paladio \u2013 2011, Muy buen estado<\/strong><br data-start=\"2829\" data-end=\"2832\" \/>Esta <strong>Herm\u00e8s Birkin 35<\/strong> est\u00e1 confeccionada en piel Taurillon Clemence en el tono Graphite, con herrajes de paladio. A\u00f1o de producci\u00f3n: 2011. Estado: muy bien, apenas marcas visibles en la herrajer\u00eda. Incluye clochette, candado con dos llaves y bolsa guardapolvo original.<\/p>\n<p data-start=\"3143\" data-end=\"3610\">\u00cdcono atemporal del lujo, la Herm\u00e8s Birkin 35 Graphite encarna la perfecci\u00f3n de los bolsos de alta costura. Su silueta estructurada, asas dobles enrolladas y costuras artesanales manifiestan la maestr\u00eda de Herm\u00e8s. La piel Clemence ofrece tacto suave y resistencia, mientras el tono Graphite aporta sofisticaci\u00f3n vers\u00e1til. Los herrajes de paladio suman un matiz moderno a este cl\u00e1sico eterno. Ideal tanto para entornos de oficina como para estilismos refinados de d\u00eda.<\/p>\n<p data-start=\"3612\" data-end=\"3920\">Aunque usada de forma cuidadosa, la est\u00e9tica impecable y el conjunto completo de accesorios hacen de esta Herm\u00e8s Birkin Graphite una verdadera <strong data-start=\"3758\" data-end=\"3780\">pieza de colecci\u00f3n<\/strong> y una <strong data-start=\"3787\" data-end=\"3808\">inversi\u00f3n de lujo<\/strong>. Fusiona herencia, opulencia y funcionalidad en un solo objeto de deseo, destinado al conocedor m\u00e1s exigente.<\/p>\n","protected":false},"featured_media":21704,"template":"","meta":[],"product_brand":[2433],"product_cat":[1813],"product_tag":[1895,1893],"class_list":{"0":"post-21740","1":"product","2":"type-product","3":"status-publish","4":"has-post-thumbnail","6":"product_brand-hermes-es","7":"product_cat-bolso","8":"product_tag-bolso-birkin-hermes","9":"product_tag-hermes-birkin-35-es","11":"first","12":"outofstock","13":"sold-individually","14":"product-type-simple"},"_links":{"self":[{"href":"https:\/\/handbag-sense.com\/es\/wp-json\/wp\/v2\/product\/21740","targetHints":{"allow":["GET"]}}],"collection":[{"href":"https:\/\/handbag-sense.com\/es\/wp-json\/wp\/v2\/product"}],"about":[{"href":"https:\/\/handbag-sense.com\/es\/wp-json\/wp\/v2\/types\/product"}],"wp:featuredmedia":[{"embeddable":true,"href":"https:\/\/handbag-sense.com\/es\/wp-json\/wp\/v2\/media\/21704"}],"wp:attachment":[{"href":"https:\/\/handbag-sense.com\/es\/wp-json\/wp\/v2\/media?parent=21740"}],"wp:term":[{"taxonomy":"product_brand","embeddable":true,"href":"https:\/\/handbag-sense.com\/es\/wp-json\/wp\/v2\/product_brand?post=21740"},{"taxonomy":"product_cat","embeddable":true,"href":"https:\/\/handbag-sense.com\/es\/wp-json\/wp\/v2\/product_cat?post=21740"},{"taxonomy":"product_tag","embeddable":true,"href":"https:\/\/handbag-sense.com\/es\/wp-json\/wp\/v2\/product_tag?post=21740"}],"curies":[{"name":"wp","href":"https:\/\/api.w.org\/{rel}","templated":true}]}}