{"id":21572,"date":"2025-10-28T16:33:44","date_gmt":"2025-10-28T15:33:44","guid":{"rendered":"https:\/\/handbag-sense.com\/?post_type=product&#038;p=21572"},"modified":"2025-12-06T22:16:50","modified_gmt":"2025-12-06T21:16:50","slug":"hermes-kelly-pochette-trench-swift","status":"publish","type":"product","link":"https:\/\/handbag-sense.com\/es\/producto\/hermes-kelly-pochette-trench-swift\/","title":{"rendered":"Kelly Pochette Trench Swift"},"content":{"rendered":"<div class=\"c-columns-m-1 c-columns-2 c-columns-gap-s\">\n<div><strong>Material:<\/strong> Cuero Swift<br \/>\n<strong>Color:<\/strong> Trench<br \/>\n<strong>Elementos met\u00e1licos:<\/strong> Herrajes de Paladio<\/div>\n<div><strong>Material interior:<\/strong> Cuero<\/div>\n<div><strong>Grado:<\/strong> 1 <img decoding=\"async\" class=\"info_box alignnone size-medium wp-image-885\" title=\"Informaci\u00f3n\" role=\"img\" src=\"https:\/\/handbag-sense.com\/wp-content\/uploads\/2023\/05\/info_icon.svg\" alt=\"Cuadro de informaci\u00f3n\" width=\"15\" height=\"15\" \/><br \/>\n<strong>A\u00f1o de producci\u00f3n \/ Sello:<\/strong> 2025 \/ K<br \/>\n<strong>Tama\u00f1o:<\/strong> 22 x 13 x 7 cm<br \/>\n<strong>Env\u00edo:<\/strong> A todo el mundo<\/div>\n<\/div>\n<p><strong>Incluye:<\/strong> Recibo original, bolsa guardapolvo, fieltro, folleto, caja<\/p>\n","protected":false},"excerpt":{"rendered":"<p data-start=\"2963\" data-end=\"3051\"><strong data-start=\"2972\" data-end=\"3051\">Herm\u00e8s Kelly Pochette Trench Swift Gold con herrajes de paladio - nuevo.<\/strong><\/p>\n<p data-start=\"2757\" data-end=\"3138\">Este <strong data-start=\"2762\" data-end=\"2803\">Herm\u00e8s Kelly Pochette en color Trench<\/strong> est\u00e1 elaborada a mano en suave cuero Swift, complementado con herrajes en paladio que aportan un acabado moderno y refinado. Totalmente nueva y nunca usada, esta pieza lleva el sello de fecha K correspondiente a 2025 e incluye el recibo original de Herm\u00e8s, la bolsa guardapolvo y la ic\u00f3nica caja naranja.<\/p>\n<p data-start=\"3140\" data-end=\"3573\">Encarnando el encanto atemporal de la l\u00ednea Kelly, esta Pochette compacta refleja la artesan\u00eda impecable y la elegancia minimalista de la maison. El cuero Swift ofrece una textura sedosa y un brillo sutil, mientras las costuras en contraste realzan su silueta estructurada. El cierre caracter\u00edstico Kelly adorna la solapa delantera y revela un interior refinado, forrado en cuero dorado con un bolsillo abierto para los esenciales.<\/p>\n<p data-start=\"3575\" data-end=\"4001\">Vers\u00e1til y exquisitamente elegante, la Kelly Pochette puede llevarse como clutch de noche o cruzada con un collar Farandole de Herm\u00e8s para un toque sofisticado y contempor\u00e1neo. Codiciada por coleccionistas y amantes del lujo, esta rara <strong data-start=\"3811\" data-end=\"3843\">Herm\u00e8s Kelly Pochette Trench<\/strong> representa la fusi\u00f3n perfecta entre sofisticaci\u00f3n moderna, artesan\u00eda de herencia y <strong data-start=\"3927\" data-end=\"3949\">valor de inversi\u00f3n<\/strong> \u2014un emblema eterno del lujo en su forma m\u00e1s pura.<\/p>\n","protected":false},"featured_media":21562,"template":"","meta":[],"product_brand":[2433],"product_cat":[1818,1840,1838],"product_tag":[2143,2364],"class_list":{"0":"post-21572","1":"product","2":"type-product","3":"status-publish","4":"has-post-thumbnail","6":"product_brand-hermes-es","7":"product_cat-bolso-pequeno","8":"product_cat-clutch-pochette","9":"product_cat-bolso-de-noche","10":"product_tag-hermes-kelly-pochette-es","11":"product_tag-kelly-pochette-oro","12":"pa_brand-hermes-es","13":"pa_color-oro","14":"pa_grade-grado-1","15":"pa_hermes-models-kelly-es","16":"pa_material-cuero","18":"first","19":"outofstock","20":"sold-individually","21":"product-type-simple"},"_links":{"self":[{"href":"https:\/\/handbag-sense.com\/es\/wp-json\/wp\/v2\/product\/21572","targetHints":{"allow":["GET"]}}],"collection":[{"href":"https:\/\/handbag-sense.com\/es\/wp-json\/wp\/v2\/product"}],"about":[{"href":"https:\/\/handbag-sense.com\/es\/wp-json\/wp\/v2\/types\/product"}],"wp:featuredmedia":[{"embeddable":true,"href":"https:\/\/handbag-sense.com\/es\/wp-json\/wp\/v2\/media\/21562"}],"wp:attachment":[{"href":"https:\/\/handbag-sense.com\/es\/wp-json\/wp\/v2\/media?parent=21572"}],"wp:term":[{"taxonomy":"product_brand","embeddable":true,"href":"https:\/\/handbag-sense.com\/es\/wp-json\/wp\/v2\/product_brand?post=21572"},{"taxonomy":"product_cat","embeddable":true,"href":"https:\/\/handbag-sense.com\/es\/wp-json\/wp\/v2\/product_cat?post=21572"},{"taxonomy":"product_tag","embeddable":true,"href":"https:\/\/handbag-sense.com\/es\/wp-json\/wp\/v2\/product_tag?post=21572"}],"curies":[{"name":"wp","href":"https:\/\/api.w.org\/{rel}","templated":true}]}}