{"id":21527,"date":"2025-10-17T17:47:38","date_gmt":"2025-10-17T15:47:38","guid":{"rendered":"https:\/\/handbag-sense.com\/?post_type=product&#038;p=21527"},"modified":"2025-10-20T15:59:53","modified_gmt":"2025-10-20T13:59:53","slug":"chanel-mini-top-handle-woc-phone","status":"publish","type":"product","link":"https:\/\/handbag-sense.com\/es\/producto\/chanel-mini-top-handle-woc-phone\/","title":{"rendered":"Mini Top Handle WOC Phone Holder Beige"},"content":{"rendered":"<div class=\"c-columns-m-1 c-columns-2 c-columns-gap-s\">\n<div><strong>Material:<\/strong> Cuero de caviar<br \/>\n<strong>Color:<\/strong> Beige<br \/>\n<strong>Elementos met\u00e1licos:<\/strong> Herrajes de oro<br \/>\n<strong>Material interior:<\/strong> Cuero<\/div>\n<div><strong>Grado: <\/strong>2 <img decoding=\"async\" class=\"info_box alignnone size-medium wp-image-885\" title=\"Informaci\u00f3n\" role=\"img\" src=\"https:\/\/handbag-sense.com\/wp-content\/uploads\/2023\/05\/info_icon.svg\" alt=\"Cuadro de informaci\u00f3n\" width=\"15\" height=\"15\" \/><br \/>\n<strong>A\u00f1o de producci\u00f3n:<\/strong> 2023<br \/>\n<strong>Medidas:<\/strong> 17 x 10,5 x 4 cm<\/div>\n<\/div>\n<p><strong>Incluye:<\/strong> Bolsa para el polvo, caja, recibo original<\/p>\n","protected":false},"excerpt":{"rendered":"<p data-start=\"2958\" data-end=\"3239\"><strong data-start=\"2963\" data-end=\"3006\">Chanel Mini Top Handle WOC Phone Holder Beige Gold Hardware<\/strong><\/p>\n<p data-start=\"2958\" data-end=\"3239\">Este <strong data-start=\"2963\" data-end=\"3006\">Chanel Mini Top Handle<\/strong>\u00a0est\u00e1 confeccionado en elegante cuero beige y adornado con herrajes dorados. Fabricado en Francia, se encuentra en estado como nuevo, habi\u00e9ndose probado solo una vez. Se entrega con su funda original, caja Chanel y recibo original.<\/p>\n<p data-start=\"3241\" data-end=\"3635\">Fusionando estilo atemporal y practicidad moderna, el <strong data-start=\"3295\" data-end=\"3325\">Chanel Mini bag<\/strong> encarna la esencia del chic parisino. El tono beige desprende sofisticaci\u00f3n discreta, mientras que el asa superior y la cadena caracter\u00edstica permiten llevarlo cruzado o en la mano. Dise\u00f1ado para guardar lo esencial \u2013tel\u00e9fono, tarjetas y llaves\u2013 combina la funcionalidad con la maestr\u00eda artesanal de Chanel.<\/p>\n<p data-start=\"3637\" data-end=\"4091\">Admirado por su rareza y su encanto de microbolso, este modelo es muy codiciado entre coleccionistas y amantes del lujo. Su impecable confecci\u00f3n, el ic\u00f3nico cierre CC y los detalles dorados evocan el legado de elegancia de la maison. Compacto pero lujoso, el <strong data-start=\"3896\" data-end=\"3939\">Chanel Mini Beige<\/strong> representa la fusi\u00f3n perfecta entre elegancia y utilidad, convirti\u00e9ndose en una <strong data-start=\"4020\" data-end=\"4042\">pieza de colecci\u00f3n<\/strong> y una excelente <strong data-start=\"4059\" data-end=\"4088\">inversi\u00f3n en moda de lujo<\/strong>.<\/p>\n","protected":false},"featured_media":21523,"template":"","meta":[],"product_brand":[2418],"product_cat":[1860,1818,1840,1838,1820,1822],"product_tag":[2048,2091],"class_list":{"0":"post-21527","1":"product","2":"type-product","3":"status-publish","4":"has-post-thumbnail","6":"product_brand-chanel-es","7":"product_cat-bandolera","8":"product_cat-bolso-pequeno","9":"product_cat-clutch-pochette","10":"product_cat-bolso-de-noche","11":"product_cat-bolso-cruzado","12":"product_cat-accesorio","13":"product_tag-cartera-chanel-en-cadena","14":"product_tag-chanel-woc-verde","15":"pa_brand-chanel-es","16":"pa_chanel-models-otros-modelos","17":"pa_color-beige-es","18":"pa_grade-grado-2","19":"pa_material-cuero","21":"first","22":"outofstock","23":"shipping-taxable","24":"product-type-simple"},"_links":{"self":[{"href":"https:\/\/handbag-sense.com\/es\/wp-json\/wp\/v2\/product\/21527","targetHints":{"allow":["GET"]}}],"collection":[{"href":"https:\/\/handbag-sense.com\/es\/wp-json\/wp\/v2\/product"}],"about":[{"href":"https:\/\/handbag-sense.com\/es\/wp-json\/wp\/v2\/types\/product"}],"wp:featuredmedia":[{"embeddable":true,"href":"https:\/\/handbag-sense.com\/es\/wp-json\/wp\/v2\/media\/21523"}],"wp:attachment":[{"href":"https:\/\/handbag-sense.com\/es\/wp-json\/wp\/v2\/media?parent=21527"}],"wp:term":[{"taxonomy":"product_brand","embeddable":true,"href":"https:\/\/handbag-sense.com\/es\/wp-json\/wp\/v2\/product_brand?post=21527"},{"taxonomy":"product_cat","embeddable":true,"href":"https:\/\/handbag-sense.com\/es\/wp-json\/wp\/v2\/product_cat?post=21527"},{"taxonomy":"product_tag","embeddable":true,"href":"https:\/\/handbag-sense.com\/es\/wp-json\/wp\/v2\/product_tag?post=21527"}],"curies":[{"name":"wp","href":"https:\/\/api.w.org\/{rel}","templated":true}]}}