{"id":21411,"date":"2025-10-08T17:43:29","date_gmt":"2025-10-08T15:43:29","guid":{"rendered":"https:\/\/handbag-sense.com\/?post_type=product&#038;p=21411"},"modified":"2025-12-06T22:32:30","modified_gmt":"2025-12-06T21:32:30","slug":"hermes-birkin-35-box-marron","status":"publish","type":"product","link":"https:\/\/handbag-sense.com\/es\/producto\/hermes-birkin-35-box-marron\/","title":{"rendered":"Birkin 35 Box Marr\u00f3n"},"content":{"rendered":"<div class=\"c-columns-m-1 c-columns-2 c-columns-gap-s\">\n<div><strong>Material:<\/strong> Cuero Box<br \/>\n<strong>Color:<\/strong> Marr\u00f3n<br \/>\n<strong>Elementos met\u00e1licos:<\/strong> Paladio Herrajes<br \/>\n<strong>Material interior:<\/strong> Cuero<\/div>\n<div><strong>Grado: <\/strong> 4 <img decoding=\"async\" class=\"info_box alignnone size-medium wp-image-885\" title=\"Informaci\u00f3n\" role=\"img\" src=\"https:\/\/handbag-sense.com\/wp-content\/uploads\/2023\/05\/info_icon.svg\" alt=\"Cuadro de informaci\u00f3n\" width=\"15\" height=\"15\" \/><br \/>\n<strong>A\u00f1o de producci\u00f3n \/ Sello:<\/strong> 2010 \/ N<br \/>\n<strong>Tama\u00f1o:<\/strong> 35 x 25 x 18 cm<br \/>\n<strong>Env\u00edo:<\/strong> A todo el mundo<\/div>\n<\/div>\n<p><strong>Incluye:<\/strong> Bolsa guardapolvo, clochette, cerradura, llaves<\/p>\n","protected":false},"excerpt":{"rendered":"<p data-start=\"3092\" data-end=\"3167\"><strong data-start=\"3092\" data-end=\"3165\">Herm\u00e8s Birkin 35 Box Marr\u00f3n con Herrajes de Paladio \u2013 Muy buen estado<\/strong><\/p>\n<p data-start=\"3169\" data-end=\"3464\">Este <strong data-start=\"3174\" data-end=\"3194\">Herm\u00e8s Birkin 35<\/strong> ha sido confeccionado en piel Box estructurada en un tono marr\u00f3n cl\u00e1sico, complementado con herrajes en paladio. Se encuentra en muy buen estado, con apenas leves signos de uso en el cuero y los herrajes. Se entrega junto con el dust bag, clochette y juego de llaves.<\/p>\n<p data-start=\"3466\" data-end=\"4015\">S\u00edmbolo de elegancia atemporal, el <strong data-start=\"3501\" data-end=\"3521\">Birkin 35 Marr\u00f3n<\/strong> combina funcionalidad con prestigio. Dos asas enrolladas de cuero, una solapa superior segura y un cierre con correa rematado por un sofisticado twist-lock de paladio ofrecen protecci\u00f3n con estilo. En el interior, su volumen es generoso pero equilibrado, ideal para art\u00edculos esenciales y profesionales como ordenador port\u00e1til, agenda o tel\u00e9fono. Su silueta elegante y espacio bien pensado convierten al Birkin 35 en una opci\u00f3n perfecta para oficina, viaje o transiciones del d\u00eda a la noche.<\/p>\n<p data-start=\"4017\" data-end=\"4613\">Los coleccionistas valoran este modelo por su exclusividad y su condici\u00f3n de <strong data-start=\"4094\" data-end=\"4116\">pieza de inversi\u00f3n<\/strong>. Herm\u00e8s limita su producci\u00f3n anual, lo que refuerza la exclusividad y el <strong data-start=\"4190\" data-end=\"4210\">valor de reventa<\/strong>. La piel Box destaca por su textura refinada y resistencia a los ara\u00f1azos, mientras que los herrajes de paladio aportan un acento contempor\u00e1neo. Ya sea en un entorno profesional o en una colecci\u00f3n destacada, el Birkin 35 Marr\u00f3n sigue representando el pin\u00e1culo del dise\u00f1o en bolsos de lujo. Con accesorios originales incluidos, se certifica su origen y artesan\u00eda.<\/p>\n","protected":false},"featured_media":21497,"template":"","meta":[],"product_brand":[2433],"product_cat":[1813],"product_tag":[1892,1893],"class_list":{"0":"post-21411","1":"product","2":"type-product","3":"status-publish","4":"has-post-thumbnail","6":"product_brand-hermes-es","7":"product_cat-bolso","8":"product_tag-birkin-35-togo-es","9":"product_tag-hermes-birkin-35-es","10":"pa_brand-hermes-es","11":"pa_color-marron","12":"pa_grade-grado-4","13":"pa_hermes-models-birkin-es","14":"pa_material-cuero","16":"first","17":"instock","18":"shipping-taxable","19":"purchasable","20":"product-type-simple"},"_links":{"self":[{"href":"https:\/\/handbag-sense.com\/es\/wp-json\/wp\/v2\/product\/21411","targetHints":{"allow":["GET"]}}],"collection":[{"href":"https:\/\/handbag-sense.com\/es\/wp-json\/wp\/v2\/product"}],"about":[{"href":"https:\/\/handbag-sense.com\/es\/wp-json\/wp\/v2\/types\/product"}],"wp:featuredmedia":[{"embeddable":true,"href":"https:\/\/handbag-sense.com\/es\/wp-json\/wp\/v2\/media\/21497"}],"wp:attachment":[{"href":"https:\/\/handbag-sense.com\/es\/wp-json\/wp\/v2\/media?parent=21411"}],"wp:term":[{"taxonomy":"product_brand","embeddable":true,"href":"https:\/\/handbag-sense.com\/es\/wp-json\/wp\/v2\/product_brand?post=21411"},{"taxonomy":"product_cat","embeddable":true,"href":"https:\/\/handbag-sense.com\/es\/wp-json\/wp\/v2\/product_cat?post=21411"},{"taxonomy":"product_tag","embeddable":true,"href":"https:\/\/handbag-sense.com\/es\/wp-json\/wp\/v2\/product_tag?post=21411"}],"curies":[{"name":"wp","href":"https:\/\/api.w.org\/{rel}","templated":true}]}}