{"id":21394,"date":"2025-10-08T15:07:05","date_gmt":"2025-10-08T13:07:05","guid":{"rendered":"https:\/\/handbag-sense.com\/?post_type=product&#038;p=21394"},"modified":"2025-10-08T17:30:07","modified_gmt":"2025-10-08T15:30:07","slug":"hermes-birkin-35-togo-etoupe-2","status":"publish","type":"product","link":"https:\/\/handbag-sense.com\/es\/producto\/hermes-birkin-35-togo-etoupe-2\/","title":{"rendered":"Birkin 35 Togo Etoupe"},"content":{"rendered":"<div class=\"c-columns-m-1 c-columns-2 c-columns-gap-s\">\n<div><strong>Material:<\/strong> Cuero Togo<br \/>\n<strong>Color:<\/strong> Etoupe<br \/>\n<strong>Elementos met\u00e1licos:<\/strong> Herrajes de paladio<br \/>\n<strong>Material interior:<\/strong> Cuero<\/div>\n<div><strong>Grado: <\/strong>3\u00a0<img decoding=\"async\" class=\"info_box alignnone size-medium wp-image-885\" title=\"Informaci\u00f3n\" role=\"img\" src=\"https:\/\/handbag-sense.com\/wp-content\/uploads\/2023\/05\/info_icon.svg\" alt=\"Cuadro de informaci\u00f3n\" width=\"15\" height=\"15\" \/><br \/>\n<strong>A\u00f1o de producci\u00f3n \/ Sello:<\/strong> 2016 \/ X<br \/>\n<strong>Tama\u00f1o: <\/strong>35 x 25 x 18 cm<br \/>\n<strong>Env\u00edo:<\/strong> A todo el mundo<\/div>\n<\/div>\n<p><strong>Incluye:<\/strong> Factura, clochette, llaves, cerradura, folleto, impermeable, caja<\/p>\n","protected":false},"excerpt":{"rendered":"<p data-start=\"2778\" data-end=\"3228\"><strong data-start=\"2778\" data-end=\"2852\">Herm\u00e8s Birkin 35 Togo Etoupe con herrajes de paladio. <\/strong>Este <strong data-start=\"2860\" data-end=\"2880\">Herm\u00e8s Birkin 35<\/strong> est\u00e1 confeccionado en piel Togo en el refinado tono Etoupe y equipado con herrajes en acabado palladium. Data de 2016 y ha sido usado pocas veces; presenta apenas ligeros rasgu\u00f1os en los herrajes y desgaste interior m\u00ednimo. Se incluyen clochette, candado con dos llaves y la factura original de 2016. Falta la bolsa dustbag original.<\/p>\n<p data-start=\"3230\" data-end=\"3696\">Un s\u00edmbolo eterno del lujo, la Herm\u00e8s Birkin Etoupe es considerado referente entre los bolsos de alta costura. Su silueta estructurada, asas dobles enrolladas y costuras cuidadas demuestran la excelencia artesanal de Herm\u00e8s. La piel Togo aporta resistencia sin perder forma, y el tono Etoupe transmite sofisticaci\u00f3n discreta. Los herrajes en palladium a\u00f1aden un toque moderno. La <strong data-start=\"3596\" data-end=\"3616\">Herm\u00e8s Birkin 35<\/strong> encaja perfectamente tanto con atuendos formales como looks de d\u00eda refinados.<\/p>\n<p data-start=\"3698\" data-end=\"4064\">Los coleccionistas valoran este modelo como una <strong data-start=\"3746\" data-end=\"3768\">pieza de colecci\u00f3n<\/strong> con atractivo duradero, y su rareza incrementa su <strong data-start=\"3819\" data-end=\"3841\">valor de inversi\u00f3n<\/strong>. Aunque ha sido usada, su est\u00e9tica impecable y los accesorios completos la hacen ideal para conocedores exigentes. Esta Birkin 35 combina dise\u00f1o intemporal, herencia de lujo y elegancia pr\u00e1ctica en una pieza sobresaliente.<\/p>\n","protected":false},"featured_media":21403,"template":"","meta":[],"product_brand":[2433],"product_cat":[1813],"product_tag":[1892,1895,1893],"class_list":{"0":"post-21394","1":"product","2":"type-product","3":"status-publish","4":"has-post-thumbnail","6":"product_brand-hermes-es","7":"product_cat-bolso","8":"product_tag-birkin-35-togo-es","9":"product_tag-bolso-birkin-hermes","10":"product_tag-hermes-birkin-35-es","11":"pa_brand-hermes-es","12":"pa_color-taupe-es","13":"pa_grade-grado-3","14":"pa_hermes-models-birkin-es","15":"pa_material-cuero","17":"first","18":"outofstock","19":"sold-individually","20":"product-type-simple"},"_links":{"self":[{"href":"https:\/\/handbag-sense.com\/es\/wp-json\/wp\/v2\/product\/21394","targetHints":{"allow":["GET"]}}],"collection":[{"href":"https:\/\/handbag-sense.com\/es\/wp-json\/wp\/v2\/product"}],"about":[{"href":"https:\/\/handbag-sense.com\/es\/wp-json\/wp\/v2\/types\/product"}],"wp:featuredmedia":[{"embeddable":true,"href":"https:\/\/handbag-sense.com\/es\/wp-json\/wp\/v2\/media\/21403"}],"wp:attachment":[{"href":"https:\/\/handbag-sense.com\/es\/wp-json\/wp\/v2\/media?parent=21394"}],"wp:term":[{"taxonomy":"product_brand","embeddable":true,"href":"https:\/\/handbag-sense.com\/es\/wp-json\/wp\/v2\/product_brand?post=21394"},{"taxonomy":"product_cat","embeddable":true,"href":"https:\/\/handbag-sense.com\/es\/wp-json\/wp\/v2\/product_cat?post=21394"},{"taxonomy":"product_tag","embeddable":true,"href":"https:\/\/handbag-sense.com\/es\/wp-json\/wp\/v2\/product_tag?post=21394"}],"curies":[{"name":"wp","href":"https:\/\/api.w.org\/{rel}","templated":true}]}}