{"id":21318,"date":"2025-09-26T17:50:57","date_gmt":"2025-09-26T15:50:57","guid":{"rendered":"https:\/\/handbag-sense.com\/?post_type=product&#038;p=21318"},"modified":"2025-10-08T14:42:51","modified_gmt":"2025-10-08T12:42:51","slug":"hermes-birkin-35-epsom-rose-jaipur","status":"publish","type":"product","link":"https:\/\/handbag-sense.com\/es\/producto\/hermes-birkin-35-epsom-rose-jaipur\/","title":{"rendered":"Birkin 35 Epsom Rose Jaipur"},"content":{"rendered":"<div class=\"c-columns-m-1 c-columns-2 c-columns-gap-s\">\n<div><strong>Material:<\/strong> Piel Epsom<br \/>\n<strong>Color:<\/strong> Rose Jaipur<br \/>\n<strong>Elementos met\u00e1licos:<\/strong> Herrajes Paladios<br \/>\n<strong>Material interior:<\/strong> Piel<\/div>\n<div><strong>Grado: <\/strong> 4\/5 <img decoding=\"async\" class=\"info_box alignnone size-medium wp-image-885\" title=\"Informaci\u00f3n\" role=\"img\" src=\"https:\/\/handbag-sense.com\/wp-content\/uploads\/2023\/05\/info_icon.svg\" alt=\"Cuadro de informaci\u00f3n\" width=\"15\" height=\"15\" \/><br \/>\n<strong>A\u00f1o de producci\u00f3n \/ Sello:<\/strong> 2012 \/ P<br \/>\n<strong>Tama\u00f1o:<\/strong> 35 x 25 x 18 cm<br \/>\n<strong>Env\u00edo:<\/strong> A todo el mundo<\/div>\n<\/div>\n<p><strong>Incluye:<\/strong> Clochette, cerradura, llaves<\/p>\n","protected":false},"excerpt":{"rendered":"<p data-start=\"3186\" data-end=\"3290\"><strong data-start=\"3186\" data-end=\"3288\">Herm\u00e8s Birkin 35 Epsom Rose Jaipur con Herrajes de Paladio \u2013 2012, P en Cuadro<\/strong><\/p>\n<p data-start=\"3292\" data-end=\"3668\">Esta <strong data-start=\"3297\" data-end=\"3317\">Herm\u00e8s Birkin 35<\/strong> fue confeccionada en 2012 y porta el sello <strong data-start=\"3361\" data-end=\"3376\">P en cuadro<\/strong>. Est\u00e1 elaborada en resistente cuero Epsom en el tono vibrante <strong data-start=\"3439\" data-end=\"3454\">Rose Jaipur<\/strong>, combinada con elegantes herrajes en paladio. El bolso se encuentra en buen estado, presentando signos de uso en el frente, las asas y las esquinas. Se incluye la clochette de cuero junto con el juego de llaves.<\/p>\n<p data-start=\"3670\" data-end=\"4206\">La <strong data-start=\"3673\" data-end=\"3686\">Birkin 35 Rose Jaipur<\/strong> se celebra por su equilibrio entre funcionalidad y elegancia: es lo suficientemente espaciosa para el d\u00eda a d\u00eda, pero refinada para ocasiones especiales. El cuero Epsom es reconocido por su textura estructurada, resistencia a los ara\u00f1azos y su capacidad para mantener la forma con el tiempo. El tono Rose Jaipur se encuentra entre los rosas m\u00e1s codiciados de Herm\u00e8s, pues equilibra calidez con sofisticaci\u00f3n. Combinado con herrajes en paladio, crea un contraste fresco y moderno.<\/p>\n<p data-start=\"4208\" data-end=\"4604\">Para coleccionistas, esta pieza destaca por su antig\u00fcedad, rareza y estado. Como <strong data-start=\"4356\" data-end=\"4376\">Herm\u00e8s Birkin 35<\/strong> ic\u00f3nica, ofrece tanto belleza est\u00e9tica como <strong data-start=\"4421\" data-end=\"4443\">valor de inversi\u00f3n<\/strong> a largo plazo. Incluye clochette y conjunto de llaves \u2014 lista para formar parte de una colecci\u00f3n selecta o para usarse como una declaraci\u00f3n de estilo atemporal.<\/p>\n","protected":false},"featured_media":21288,"template":"","meta":[],"product_brand":[2433],"product_cat":[1813],"product_tag":[1892,1893],"class_list":{"0":"post-21318","1":"product","2":"type-product","3":"status-publish","4":"has-post-thumbnail","6":"product_brand-hermes-es","7":"product_cat-bolso","8":"product_tag-birkin-35-togo-es","9":"product_tag-hermes-birkin-35-es","10":"pa_brand-hermes-es","11":"pa_color-rosa-es","12":"pa_grade-grado-4","13":"pa_hermes-models-birkin-es","14":"pa_material-cuero","16":"first","17":"instock","18":"shipping-taxable","19":"purchasable","20":"product-type-simple"},"_links":{"self":[{"href":"https:\/\/handbag-sense.com\/es\/wp-json\/wp\/v2\/product\/21318","targetHints":{"allow":["GET"]}}],"collection":[{"href":"https:\/\/handbag-sense.com\/es\/wp-json\/wp\/v2\/product"}],"about":[{"href":"https:\/\/handbag-sense.com\/es\/wp-json\/wp\/v2\/types\/product"}],"wp:featuredmedia":[{"embeddable":true,"href":"https:\/\/handbag-sense.com\/es\/wp-json\/wp\/v2\/media\/21288"}],"wp:attachment":[{"href":"https:\/\/handbag-sense.com\/es\/wp-json\/wp\/v2\/media?parent=21318"}],"wp:term":[{"taxonomy":"product_brand","embeddable":true,"href":"https:\/\/handbag-sense.com\/es\/wp-json\/wp\/v2\/product_brand?post=21318"},{"taxonomy":"product_cat","embeddable":true,"href":"https:\/\/handbag-sense.com\/es\/wp-json\/wp\/v2\/product_cat?post=21318"},{"taxonomy":"product_tag","embeddable":true,"href":"https:\/\/handbag-sense.com\/es\/wp-json\/wp\/v2\/product_tag?post=21318"}],"curies":[{"name":"wp","href":"https:\/\/api.w.org\/{rel}","templated":true}]}}