{"id":21304,"date":"2025-09-26T14:48:01","date_gmt":"2025-09-26T12:48:01","guid":{"rendered":"https:\/\/handbag-sense.com\/?post_type=product&#038;p=21304"},"modified":"2025-09-26T15:24:47","modified_gmt":"2025-09-26T13:24:47","slug":"grand-shopping-tote-bag-negro-copy","status":"publish","type":"product","link":"https:\/\/handbag-sense.com\/es\/producto\/grand-shopping-tote-bag-negro-copy\/","title":{"rendered":"Chanel Caviar Cerf Executive Shopper Tote negra"},"content":{"rendered":"<div class=\"c-columns-m-1 c-columns-2 c-columns-gap-s\">\n<div><strong>Material:<\/strong> Cuero Caviar<br \/>\n<strong>Color:<\/strong> Negro<br \/>\n<strong>Elementos met\u00e1licos:<\/strong> Herrajes de oro<\/div>\n<div><strong>Material interior:<\/strong> forro textil<\/div>\n<div><strong>Calificaci\u00f3n:<\/strong> 5 <img decoding=\"async\" class=\"info_box alignnone size-medium wp-image-885\" title=\"Informaci\u00f3n\" role=\"img\" src=\"https:\/\/handbag-sense.com\/wp-content\/uploads\/2023\/05\/info_icon.svg\" alt=\"Cuadro de informaci\u00f3n\" width=\"15\" height=\"15\" \/><br \/>\n<strong>Tama\u00f1o:<\/strong> 23 x 35 x 13 cm<br \/>\n<strong>A\u00f1o de producci\u00f3n \/ N\u00famero de serie:<\/strong> 2012, comienza con 16...<\/div>\n<\/div>\n<p>&nbsp;<\/p>\n","protected":false},"excerpt":{"rendered":"<p><strong>Chanel Caviar Cerf Executive Shopper Tote negra con herrajes plateados<\/strong><br data-start=\"3272\" data-end=\"3275\" \/>Confeccionado en piel Caviar negra y adornado con herrajes plateados, este bolso Chanel Cerf Executive Shopper Tote combina elegancia y funcionalidad. ofrece un tama\u00f1o perfecto para el d\u00eda a d\u00eda, manteniendo siempre un estilo refinado y atemporal.<\/p>\n","protected":false},"featured_media":21190,"template":"","meta":[],"product_brand":[2418],"product_cat":[1813,1815],"product_tag":[2023,2024,2022],"class_list":{"0":"post-21304","1":"product","2":"type-product","3":"status-publish","4":"has-post-thumbnail","6":"product_brand-chanel-es","7":"product_cat-bolso","8":"product_cat-comprador","9":"product_tag-bolsa-de-la-compra-negra","10":"product_tag-bolso-de-la-compra-de-chanel","11":"product_tag-chanel-gst-negro","12":"pa_brand-chanel-es","13":"pa_chanel-models-grand-shopping-es","14":"pa_color-negro","15":"pa_grade-grado-3","16":"pa_material-cuero","18":"first","19":"outofstock","20":"shipping-taxable","21":"purchasable","22":"product-type-simple"},"_links":{"self":[{"href":"https:\/\/handbag-sense.com\/es\/wp-json\/wp\/v2\/product\/21304","targetHints":{"allow":["GET"]}}],"collection":[{"href":"https:\/\/handbag-sense.com\/es\/wp-json\/wp\/v2\/product"}],"about":[{"href":"https:\/\/handbag-sense.com\/es\/wp-json\/wp\/v2\/types\/product"}],"wp:featuredmedia":[{"embeddable":true,"href":"https:\/\/handbag-sense.com\/es\/wp-json\/wp\/v2\/media\/21190"}],"wp:attachment":[{"href":"https:\/\/handbag-sense.com\/es\/wp-json\/wp\/v2\/media?parent=21304"}],"wp:term":[{"taxonomy":"product_brand","embeddable":true,"href":"https:\/\/handbag-sense.com\/es\/wp-json\/wp\/v2\/product_brand?post=21304"},{"taxonomy":"product_cat","embeddable":true,"href":"https:\/\/handbag-sense.com\/es\/wp-json\/wp\/v2\/product_cat?post=21304"},{"taxonomy":"product_tag","embeddable":true,"href":"https:\/\/handbag-sense.com\/es\/wp-json\/wp\/v2\/product_tag?post=21304"}],"curies":[{"name":"wp","href":"https:\/\/api.w.org\/{rel}","templated":true}]}}