{"id":21300,"date":"2025-09-26T14:07:16","date_gmt":"2025-09-26T12:07:16","guid":{"rendered":"https:\/\/handbag-sense.com\/?post_type=product&#038;p=21300"},"modified":"2025-09-26T14:46:46","modified_gmt":"2025-09-26T12:46:46","slug":"bolso-de-mano-de-cadena-redondo-copy","status":"publish","type":"product","link":"https:\/\/handbag-sense.com\/es\/producto\/bolso-de-mano-de-cadena-redondo-copy\/","title":{"rendered":"Bolso de Mano Roja"},"content":{"rendered":"<div class=\"c-columns-m-1 c-columns-2 c-columns-gap-s\">\n<div><strong>Material:<\/strong> Cuero de caviar<br \/>\n<strong>Color:<\/strong> Roja<br \/>\n<strong>Elementos met\u00e1licos:<\/strong> herrajes plateados<br \/>\n<strong>Material interior:<\/strong> Cuero<\/div>\n<div><strong>Grado: <\/strong> 5 <img decoding=\"async\" class=\"info_box alignnone size-medium wp-image-885\" title=\"Informaci\u00f3n\" role=\"img\" src=\"https:\/\/handbag-sense.com\/wp-content\/uploads\/2023\/05\/info_icon.svg\" alt=\"Cuadro de informaci\u00f3n\" width=\"15\" height=\"15\" \/><br \/>\n<strong>A\u00f1o de producci\u00f3n\/n\u00famero de serie:<\/strong> 2012, comienza con 169...<br \/>\n<strong>Tama\u00f1o:<\/strong> 28x 15 x 9 cm<\/div>\n<\/div>\n<p>&nbsp;<\/p>\n","protected":false},"excerpt":{"rendered":"<p><strong>Clutch Chanel de piel Caviar Roja con herrajes plateados<\/strong> \u2013 Buen estado<br data-start=\"3369\" data-end=\"3372\" \/>Este clutch de Chanel est\u00e1 confeccionado en piel Caviar roja y adornado con herrajes plateados. En buen estado, presenta ligeras se\u00f1ales de uso pero conserva su forma y elegancia. Compacto y pr\u00e1ctico, es el accesorio perfecto para la noche, combinando estilo atemporal y la reconocida artesan\u00eda de Chanel.<\/p>\n","protected":false},"featured_media":21297,"template":"","meta":[],"product_brand":[2418],"product_cat":[1818,1840],"product_tag":[],"class_list":{"0":"post-21300","1":"product","2":"type-product","3":"status-publish","4":"has-post-thumbnail","6":"product_brand-chanel-es","7":"product_cat-bolso-pequeno","8":"product_cat-clutch-pochette","9":"pa_brand-chanel-es","10":"pa_chanel-models-otros-modelos","11":"pa_color-rosado","12":"pa_color-rosa-es","13":"pa_grade-grado-2","14":"pa_material-cuero","16":"first","17":"instock","18":"shipping-taxable","19":"purchasable","20":"product-type-simple"},"_links":{"self":[{"href":"https:\/\/handbag-sense.com\/es\/wp-json\/wp\/v2\/product\/21300","targetHints":{"allow":["GET"]}}],"collection":[{"href":"https:\/\/handbag-sense.com\/es\/wp-json\/wp\/v2\/product"}],"about":[{"href":"https:\/\/handbag-sense.com\/es\/wp-json\/wp\/v2\/types\/product"}],"wp:featuredmedia":[{"embeddable":true,"href":"https:\/\/handbag-sense.com\/es\/wp-json\/wp\/v2\/media\/21297"}],"wp:attachment":[{"href":"https:\/\/handbag-sense.com\/es\/wp-json\/wp\/v2\/media?parent=21300"}],"wp:term":[{"taxonomy":"product_brand","embeddable":true,"href":"https:\/\/handbag-sense.com\/es\/wp-json\/wp\/v2\/product_brand?post=21300"},{"taxonomy":"product_cat","embeddable":true,"href":"https:\/\/handbag-sense.com\/es\/wp-json\/wp\/v2\/product_cat?post=21300"},{"taxonomy":"product_tag","embeddable":true,"href":"https:\/\/handbag-sense.com\/es\/wp-json\/wp\/v2\/product_tag?post=21300"}],"curies":[{"name":"wp","href":"https:\/\/api.w.org\/{rel}","templated":true}]}}