{"id":21136,"date":"2025-09-25T17:49:11","date_gmt":"2025-09-25T15:49:11","guid":{"rendered":"https:\/\/handbag-sense.com\/?post_type=product&#038;p=21136"},"modified":"2025-09-26T15:16:36","modified_gmt":"2025-09-26T13:16:36","slug":"hermes-birkin-40-togo-rouge-grenat","status":"publish","type":"product","link":"https:\/\/handbag-sense.com\/es\/producto\/hermes-birkin-40-togo-rouge-grenat\/","title":{"rendered":"Birkin 40 Togo Rouge Grenat"},"content":{"rendered":"<div class=\"c-columns-m-1 c-columns-2 c-columns-gap-s\">\n<div><strong>Material:<\/strong> Cuero Togo<br \/>\n<strong>Color:<\/strong> Rouge Grenat<br \/>\n<strong>Elementos met\u00e1licos:<\/strong> Herrajes de paladio<br \/>\n<strong>Material interior:<\/strong> Cuero<\/div>\n<div><strong>Grado: <\/strong>3 <img decoding=\"async\" class=\"info_box alignnone size-medium wp-image-885\" title=\"Informaci\u00f3n\" role=\"img\" src=\"https:\/\/handbag-sense.com\/wp-content\/uploads\/2023\/05\/info_icon.svg\" alt=\"Cuadro de informaci\u00f3n\" width=\"15\" height=\"15\" \/><br \/>\n<strong>A\u00f1o de producci\u00f3n \/ Sello:<\/strong> 2014 \/ R<br \/>\n<strong>Tama\u00f1o: <\/strong>40 x 30 x 21 cm<br \/>\n<strong>Env\u00edo:<\/strong> A todo el mundo<\/div>\n<\/div>\n<p><strong>Incluye:<\/strong> Bolsa guardapolvo, clochette, llaves, cerradura, folleto, caja<\/p>\n","protected":false},"excerpt":{"rendered":"<p><strong data-start=\"2870\" data-end=\"2951\">Herm\u00e8s Birkin 40 Togo Rouge Grenat con Herrajes de Paladio<\/strong><\/p>\n<p>Este ic\u00f3nico bolso Birkin 40 est\u00e1 hecho a mano en resistente cuero Togo en el intenso tono Rouge Grenat (burdeos) con herrajes de paladio. Tama\u00f1o 40 cm. Usado con cuidado; se mantiene en excelente estado. Incluye clochette, candado con dos llaves, funda antipolvo Herm\u00e8s y la ic\u00f3nica caja naranja. El sello R (2014) confirma su\u00a0 procedencia.<\/p>\n<p>El <strong data-start=\"3307\" data-end=\"3340\">Herm\u00e8s Birkin 40 Rouge Grenat<\/strong> une practicidad diaria y estatus de culto. Su silueta de 40 cm alberga documentos y esenciales de viaje sin perder la estructura cl\u00e1sica del Birkin. El <strong data-start=\"3493\" data-end=\"3507\">cuero Togo<\/strong> granulado es ligero, duradero y naturalmente resistente a los ara\u00f1azos; el <strong data-start=\"3583\" data-end=\"3594\">paladio<\/strong> aporta un contrapunto moderno al burdeos profundo. Las puntadas de guarnicionero y los bordes acabados a mano revelan la artesan\u00eda de Herm\u00e8s.<br data-start=\"3736\" data-end=\"3739\" \/>En el interior, el amplio compartimento y los bolsillos mantienen todo organizado; la forma firme protege el contenido para negocios o escapadas. Los accesorios completos y el <strong data-start=\"3915\" data-end=\"3933\">sello R (2014)<\/strong> ofrecen trazabilidad plena. Muy deseado a nivel mundial, este <strong data-start=\"3996\" data-end=\"4013\">Herm\u00e8s Birkin<\/strong> ofrece elegancia, funcionalidad y <strong data-start=\"4048\" data-end=\"4074\">atractivo de inversi\u00f3n<\/strong> para entusiastas y coleccionistas serios.<\/p>\n","protected":false},"featured_media":21129,"template":"","meta":[],"product_brand":[2433],"product_cat":[1813],"product_tag":[1892,1895,1893],"class_list":{"0":"post-21136","1":"product","2":"type-product","3":"status-publish","4":"has-post-thumbnail","6":"product_brand-hermes-es","7":"product_cat-bolso","8":"product_tag-birkin-35-togo-es","9":"product_tag-bolso-birkin-hermes","10":"product_tag-hermes-birkin-35-es","11":"pa_brand-hermes-es","12":"pa_color-rojo","13":"pa_grade-grado-3","14":"pa_grade-grado-4","15":"pa_hermes-models-birkin-es","16":"pa_material-cuero","18":"first","19":"instock","20":"sold-individually","21":"purchasable","22":"product-type-simple"},"_links":{"self":[{"href":"https:\/\/handbag-sense.com\/es\/wp-json\/wp\/v2\/product\/21136","targetHints":{"allow":["GET"]}}],"collection":[{"href":"https:\/\/handbag-sense.com\/es\/wp-json\/wp\/v2\/product"}],"about":[{"href":"https:\/\/handbag-sense.com\/es\/wp-json\/wp\/v2\/types\/product"}],"wp:featuredmedia":[{"embeddable":true,"href":"https:\/\/handbag-sense.com\/es\/wp-json\/wp\/v2\/media\/21129"}],"wp:attachment":[{"href":"https:\/\/handbag-sense.com\/es\/wp-json\/wp\/v2\/media?parent=21136"}],"wp:term":[{"taxonomy":"product_brand","embeddable":true,"href":"https:\/\/handbag-sense.com\/es\/wp-json\/wp\/v2\/product_brand?post=21136"},{"taxonomy":"product_cat","embeddable":true,"href":"https:\/\/handbag-sense.com\/es\/wp-json\/wp\/v2\/product_cat?post=21136"},{"taxonomy":"product_tag","embeddable":true,"href":"https:\/\/handbag-sense.com\/es\/wp-json\/wp\/v2\/product_tag?post=21136"}],"curies":[{"name":"wp","href":"https:\/\/api.w.org\/{rel}","templated":true}]}}