{"id":21072,"date":"2025-09-24T15:55:28","date_gmt":"2025-09-24T13:55:28","guid":{"rendered":"https:\/\/handbag-sense.com\/?post_type=product&#038;p=21072"},"modified":"2026-03-20T17:05:28","modified_gmt":"2026-03-20T16:05:28","slug":"hermes-kelly-mini-20-alligator-negro-brillante","status":"publish","type":"product","link":"https:\/\/handbag-sense.com\/es\/producto\/hermes-kelly-mini-20-alligator-negro-brillante\/","title":{"rendered":"Kelly Mini 20 Alligator Negro Brillante"},"content":{"rendered":"<div class=\"c-columns-m-1 c-columns-2 c-columns-gap-s\">\n<div><strong>Material:<\/strong> Cocodrilo brillante<br \/>\n<strong>Color:<\/strong> Negro<br \/>\n<strong>Elementos met\u00e1licos:<\/strong> Herrajes Dorados<\/div>\n<div><strong>Material interior:<\/strong> Cuero<\/div>\n<div><strong>Grado:<\/strong> 1 <img decoding=\"async\" class=\"info_box alignnone size-medium wp-image-885\" title=\"Informaci\u00f3n\" role=\"img\" src=\"https:\/\/handbag-sense.com\/wp-content\/uploads\/2023\/05\/info_icon.svg\" alt=\"Cuadro de informaci\u00f3n\" width=\"15\" height=\"15\" \/><br \/>\n<strong>A\u00f1o de producci\u00f3n \/ Sello:<\/strong> 2024 \/ W<br \/>\n<strong>Tama\u00f1o:<\/strong> 20 x 12 x 6 cm<br \/>\n<strong>Env\u00edo:<\/strong> A todo el mundo<\/div>\n<\/div>\n<p><strong>Incluye:<\/strong> Recibo original, citas, bolsa guardapolvo, correa, fieltro, cuadernillo, caja<\/p>\n","protected":false},"excerpt":{"rendered":"<p data-start=\"2320\" data-end=\"2418\"><strong data-start=\"2320\" data-end=\"2416\">Herm\u00e8s Kelly Mini 20 Alligator Negro Brillante con Herrajes Dorados \u2013 Nuevo<\/strong><\/p>\n<p data-start=\"2420\" data-end=\"2817\">Descubra el lujo con este <strong data-start=\"2453\" data-end=\"2485\">Herm\u00e8s Kelly Mini 20 Negro<\/strong>, elaborado en exclusivo cuero de alligator negro brillante y acabado con herrajes dorados. Esta pieza excepcional est\u00e1 completamente nueva y nunca usada, con parte de las protecciones a\u00fan intactas. Incluye correa desmontable, bolsa guardapolvo Herm\u00e8s, la ic\u00f3nica caja naranja y el recibo original de diciembre de 2024 (c\u00f3digo W).<\/p>\n<p data-start=\"2819\" data-end=\"3072\">El <strong data-start=\"2822\" data-end=\"2843\">Herm\u00e8s Mini Kelly<\/strong> Black es la personificaci\u00f3n de la elegancia y la sofisticaci\u00f3n. Tanto en ocasiones especiales como como accesorio de impacto, su silueta compacta y su piel ex\u00f3tica lo convierten en uno de los bolsos de lujo m\u00e1s codiciados del mundo.<\/p>\n<p data-start=\"3074\" data-end=\"3292\">Un verdadero objeto de colecci\u00f3n: el Kelly 20 en alligator brillante combina exclusividad, artesan\u00eda y atractivo atemporal. M\u00e1s que un bolso, es una pieza de inversi\u00f3n que refleja a la perfecci\u00f3n el legado de Herm\u00e8s.<\/p>\n<p>Esta hermosa Kelly 20 en estilo Sellier es absolutamente nueva y nunca se usa, viene con el recibo original de 2023. Se incluyen una correa para el hombro, una bolsa para el polvo de Herm\u00e8s y la caja naranja.<\/p>\n","protected":false},"featured_media":18440,"template":"","meta":[],"product_brand":[2433],"product_cat":[1813,1818,1840,1838],"product_tag":[1870,1882,1911],"class_list":{"0":"post-21072","1":"product","2":"type-product","3":"status-publish","4":"has-post-thumbnail","6":"product_brand-hermes-es","7":"product_cat-bolso","8":"product_cat-bolso-pequeno","9":"product_cat-clutch-pochette","10":"product_cat-bolso-de-noche","11":"product_tag-hermes-kelly-mini-es","12":"product_tag-kelly-mini-caiman","13":"product_tag-kelly-mini-negro","14":"pa_brand-hermes-es","15":"pa_color-verde","16":"pa_color-gris","17":"pa_grade-grado-1","18":"pa_hermes-models-kelly-es","19":"pa_material-cuero","20":"pa_material-cuero-exotico","22":"first","23":"outofstock","24":"product-type-simple"},"_links":{"self":[{"href":"https:\/\/handbag-sense.com\/es\/wp-json\/wp\/v2\/product\/21072","targetHints":{"allow":["GET"]}}],"collection":[{"href":"https:\/\/handbag-sense.com\/es\/wp-json\/wp\/v2\/product"}],"about":[{"href":"https:\/\/handbag-sense.com\/es\/wp-json\/wp\/v2\/types\/product"}],"wp:featuredmedia":[{"embeddable":true,"href":"https:\/\/handbag-sense.com\/es\/wp-json\/wp\/v2\/media\/18440"}],"wp:attachment":[{"href":"https:\/\/handbag-sense.com\/es\/wp-json\/wp\/v2\/media?parent=21072"}],"wp:term":[{"taxonomy":"product_brand","embeddable":true,"href":"https:\/\/handbag-sense.com\/es\/wp-json\/wp\/v2\/product_brand?post=21072"},{"taxonomy":"product_cat","embeddable":true,"href":"https:\/\/handbag-sense.com\/es\/wp-json\/wp\/v2\/product_cat?post=21072"},{"taxonomy":"product_tag","embeddable":true,"href":"https:\/\/handbag-sense.com\/es\/wp-json\/wp\/v2\/product_tag?post=21072"}],"curies":[{"name":"wp","href":"https:\/\/api.w.org\/{rel}","templated":true}]}}